{"id":164,"date":"2020-02-16T10:57:48","date_gmt":"2020-02-16T10:57:48","guid":{"rendered":"http:\/\/www.srz-brezno.sk\/?page_id=164"},"modified":"2026-03-31T10:15:50","modified_gmt":"2026-03-31T08:15:50","slug":"terminy-brigad","status":"publish","type":"page","link":"https:\/\/www.srz-brezno.sk\/?page_id=164","title":{"rendered":"Term\u00edny brig\u00e1d"},"content":{"rendered":"\n<h3><span style=\"color: #ff0000;\">Term\u00edny a&nbsp;miesto konania \u010dlensk\u00fdch brig\u00e1d :<\/span><\/h3>\n\n\n\n<p><\/p>\n\n\n\n<p><strong><u>Chovn\u00e9 potoky<\/u><\/strong><\/p>\n<p>15.8.2026\u00a0 &#8211;\u00a0 potok Gindura \u2013 \u010distenie potoka<\/p>\n<p>22.8.2026\u00a0 &#8211;\u00a0 potok Krivu\u013ea &#8211;\u00a0 \u010distenie potoka<\/p>\n<p>\u00a0<\/p>\n<p><strong><u>VN Z\u00e1vadka nad Hronom<\/u><\/strong><\/p>\n<p>28.2.2026\u00a0 &#8211;\u00a0 odstra\u0148ovanie n\u00e1letov\u00fdch drev\u00edn<\/p>\n<p>30.5.2026\u00a0 &#8211;\u00a0 kosenie a\u00a0\u00faprava VN<\/p>\n<p>27.6.2026\u00a0 &#8211;\u00a0 kosenie a\u00a0\u00faprava VN<\/p>\n<p>\u00a0 8.8.2026\u00a0 &#8211;\u00a0 kosenie okolia VN<\/p>\n<p>\u00a0<\/p>\n<p><strong><u>Chata Bac\u00fach<\/u><\/strong><\/p>\n<p>04.04.2026 \u2013 upratovanie a\u00a0\u00fadr\u017eba okolia chaty<\/p>\n<p>05.09.2026 \u2013 upratovanie a\u00a0\u00fadr\u017eba okolia chaty<\/p>\n<p><strong>Za\u010diatok brig\u00e1d je o 8:00 hod <\/strong><\/p>\n<p class=\"western\" align=\"justify\">Pr\u00e1ce ktor\u00e9 sa bud\u00fa vykon\u00e1va\u0165: kosenie, v\u00fdrub n\u00e1letov\u00fdch drev\u00edn, prehlbovanie rigolov, \u010distenie \u0161\u00e1cht p\u00e4tn\u00fdch dr\u00e9nov, rekon\u0161trukcia v\u00fdloviska. <u>Pou\u017eitie vlastn\u00e9ho krovinorezu a motorovej p\u00edly sa po\u010d\u00edta ako dvojn\u00e1sobne odpracovan\u00e1 doba, ale v\u00fdhradne po dohode s ved\u00facim brig\u00e1dy. <\/u><\/p>\n<p class=\"western\"><b>V\u00fdlov potokov a vys\u00e1dzanie n\u00e1sad si koordinuj\u00fa hospod\u00e1ri Ivan Nosko a Michal Rusko<\/b>.<\/p>\n<p class=\"western\">D\u00f4chodcovia od 62 rokov ,dr\u017eitelia preukazu <span lang=\"sk-SK\">Z\u0164P<\/span> , \u017eeny a ml\u00e1de\u017e do 18 rokov nie s\u00fa povinn\u00fd odpracova\u0165 brig\u00e1dy<\/p>\n<p><strong>Ved\u00faci brig\u00e1d : <\/strong>Ing. Adam Hyriak \u2013 0902 485 971<\/p>\n<p><span style=\"background-color: #ffcc99;\">Mimoriadne brig\u00e1dy bud\u00fa zverejnen\u00e9 na internetovej str\u00e1nke Mo SRZ Brezno.<\/span><\/p>\n<p><span style=\"color: #ff0000;\">V pr\u00edpade nepriazniv\u00e9ho po\u010dasia, sa brig\u00e1da ru\u0161\u00ed a bude zvolen\u00fd n\u00e1hradn\u00fd term\u00edn, zverejnen\u00fd na\u00a0 web str\u00e1nke Mo SRZ Brezno.<\/span><\/p>\n<p class=\"western\"><b>UPOZORNENIE ! <\/b><\/p>\n<p class=\"western\" align=\"justify\"><b>Ka\u017ed\u00fd ryb\u00e1r je v\u00a0zmysle z\u00e1kona povinn\u00fd udr\u017eiava\u0165 na lovnom mieste poriadok a\u00a0teda odpadky po skon\u010den\u00ed lovu si v\u017edy vezme so sebou. Na poriadok bude dohliada\u0165 ryb\u00e1rska str\u00e1\u017e a\u00a0pri poru\u0161en\u00ed bude postupova\u0165 v zmysle z\u00e1kona a\u00a0disciplin\u00e1rneho poriadku SRZ. <\/b><\/p>\n","protected":false},"excerpt":{"rendered":"<p>Term\u00edny a&nbsp;miesto konania \u010dlensk\u00fdch brig\u00e1d : Chovn\u00e9 potoky 15.8.2026\u00a0 &#8211;\u00a0 potok Gindura \u2013 \u010distenie potoka 22.8.2026\u00a0 &#8211;\u00a0 potok Krivu\u013ea &#8211;\u00a0 \u010distenie potoka \u00a0 VN Z\u00e1vadka nad Hronom 28.2.2026\u00a0 &#8211;\u00a0 odstra\u0148ovanie n\u00e1letov\u00fdch drev\u00edn 30.5.2026\u00a0 &#8211;\u00a0 kosenie a\u00a0\u00faprava VN 27.6.2026\u00a0 &#8211;\u00a0 kosenie a\u00a0\u00faprava VN \u00a0 8.8.2026\u00a0 &#8211;\u00a0 kosenie okolia VN \u00a0 Chata Bac\u00fach 04.04.2026 \u2013 upratovanie a\u00a0\u00fadr\u017eba <a href=\"https:\/\/www.srz-brezno.sk\/?page_id=164\" rel=\"nofollow\"><span class=\"sr-only\">Pre\u010d\u00edta\u0165 viac o Term\u00edny brig\u00e1d<\/span>[&hellip;]<\/a><\/p>\n","protected":false},"author":1,"featured_media":0,"parent":0,"menu_order":0,"comment_status":"closed","ping_status":"closed","template":"","meta":{"footnotes":""},"class_list":["post-164","page","type-page","status-publish","hentry"],"yoast_head":"<!-- This site is optimized with the Yoast SEO plugin v26.8 - https:\/\/yoast.com\/product\/yoast-seo-wordpress\/ -->\n<title>Term\u00edny brig\u00e1d - Mo SRZ Brezno<\/title>\n<meta name=\"robots\" content=\"index, follow, max-snippet:-1, max-image-preview:large, max-video-preview:-1\" \/>\n<link rel=\"canonical\" href=\"https:\/\/www.srz-brezno.sk\/?page_id=164\" \/>\n<meta property=\"og:locale\" content=\"sk_SK\" \/>\n<meta property=\"og:type\" content=\"article\" \/>\n<meta property=\"og:title\" content=\"Term\u00edny a miesta konania \u010dlensk\u00fdch brig\u00e1d v roku 2021\" \/>\n<meta property=\"og:description\" content=\"Mo SRZ Brezno\" \/>\n<meta property=\"og:url\" content=\"https:\/\/www.srz-brezno.sk\/?page_id=164\" \/>\n<meta property=\"og:site_name\" content=\"Mo SRZ Brezno\" \/>\n<meta property=\"article:publisher\" content=\"https:\/\/www.facebook.com\/groups\/982456918436663\/?ref=bookmarks\" \/>\n<meta property=\"article:modified_time\" content=\"2026-03-31T08:15:50+00:00\" \/>\n<meta property=\"og:image\" content=\"https:\/\/www.srz-brezno.sk\/wp-content\/uploads\/2020\/03\/Screenshot_1.jpg\" \/>\n\t<meta property=\"og:image:width\" content=\"1371\" \/>\n\t<meta property=\"og:image:height\" content=\"729\" \/>\n\t<meta property=\"og:image:type\" content=\"image\/jpeg\" \/>\n<meta name=\"twitter:card\" content=\"summary_large_image\" \/>\n<meta name=\"twitter:label1\" content=\"Predpokladan\u00fd \u010das \u010d\u00edtania\" \/>\n\t<meta name=\"twitter:data1\" content=\"2 min\u00faty\" \/>\n<script type=\"application\/ld+json\" class=\"yoast-schema-graph\">{\"@context\":\"https:\/\/schema.org\",\"@graph\":[{\"@type\":\"WebPage\",\"@id\":\"https:\/\/www.srz-brezno.sk\/?page_id=164\",\"url\":\"https:\/\/www.srz-brezno.sk\/?page_id=164\",\"name\":\"Term\u00edny brig\u00e1d - Mo SRZ Brezno\",\"isPartOf\":{\"@id\":\"https:\/\/www.srz-brezno.sk\/#website\"},\"datePublished\":\"2020-02-16T10:57:48+00:00\",\"dateModified\":\"2026-03-31T08:15:50+00:00\",\"breadcrumb\":{\"@id\":\"https:\/\/www.srz-brezno.sk\/?page_id=164#breadcrumb\"},\"inLanguage\":\"sk-SK\",\"potentialAction\":[{\"@type\":\"ReadAction\",\"target\":[\"https:\/\/www.srz-brezno.sk\/?page_id=164\"]}]},{\"@type\":\"BreadcrumbList\",\"@id\":\"https:\/\/www.srz-brezno.sk\/?page_id=164#breadcrumb\",\"itemListElement\":[{\"@type\":\"ListItem\",\"position\":1,\"name\":\"Home\",\"item\":\"https:\/\/www.srz-brezno.sk\/\"},{\"@type\":\"ListItem\",\"position\":2,\"name\":\"Term\u00edny brig\u00e1d\"}]},{\"@type\":\"WebSite\",\"@id\":\"https:\/\/www.srz-brezno.sk\/#website\",\"url\":\"https:\/\/www.srz-brezno.sk\/\",\"name\":\"Mo SRZ Brezno\",\"description\":\"Dr. Clementisa 1217\/5 Brezno 977 01\",\"publisher\":{\"@id\":\"https:\/\/www.srz-brezno.sk\/#organization\"},\"potentialAction\":[{\"@type\":\"SearchAction\",\"target\":{\"@type\":\"EntryPoint\",\"urlTemplate\":\"https:\/\/www.srz-brezno.sk\/?s={search_term_string}\"},\"query-input\":{\"@type\":\"PropertyValueSpecification\",\"valueRequired\":true,\"valueName\":\"search_term_string\"}}],\"inLanguage\":\"sk-SK\"},{\"@type\":\"Organization\",\"@id\":\"https:\/\/www.srz-brezno.sk\/#organization\",\"name\":\"Mo SRZ Brezno\",\"url\":\"https:\/\/www.srz-brezno.sk\/\",\"logo\":{\"@type\":\"ImageObject\",\"inLanguage\":\"sk-SK\",\"@id\":\"https:\/\/www.srz-brezno.sk\/#\/schema\/logo\/image\/\",\"url\":\"https:\/\/www.srz-brezno.sk\/wp-content\/uploads\/2020\/03\/Screenshot_15.jpg\",\"contentUrl\":\"https:\/\/www.srz-brezno.sk\/wp-content\/uploads\/2020\/03\/Screenshot_15.jpg\",\"width\":1121,\"height\":790,\"caption\":\"Mo SRZ Brezno\"},\"image\":{\"@id\":\"https:\/\/www.srz-brezno.sk\/#\/schema\/logo\/image\/\"},\"sameAs\":[\"https:\/\/www.facebook.com\/groups\/982456918436663\/?ref=bookmarks\"]}]}<\/script>\n<!-- \/ Yoast SEO plugin. -->","yoast_head_json":{"title":"Term\u00edny brig\u00e1d - Mo SRZ Brezno","robots":{"index":"index","follow":"follow","max-snippet":"max-snippet:-1","max-image-preview":"max-image-preview:large","max-video-preview":"max-video-preview:-1"},"canonical":"https:\/\/www.srz-brezno.sk\/?page_id=164","og_locale":"sk_SK","og_type":"article","og_title":"Term\u00edny a miesta konania \u010dlensk\u00fdch brig\u00e1d v roku 2021","og_description":"Mo SRZ Brezno","og_url":"https:\/\/www.srz-brezno.sk\/?page_id=164","og_site_name":"Mo SRZ Brezno","article_publisher":"https:\/\/www.facebook.com\/groups\/982456918436663\/?ref=bookmarks","article_modified_time":"2026-03-31T08:15:50+00:00","og_image":[{"width":1371,"height":729,"url":"https:\/\/www.srz-brezno.sk\/wp-content\/uploads\/2020\/03\/Screenshot_1.jpg","type":"image\/jpeg"}],"twitter_card":"summary_large_image","twitter_misc":{"Predpokladan\u00fd \u010das \u010d\u00edtania":"2 min\u00faty"},"schema":{"@context":"https:\/\/schema.org","@graph":[{"@type":"WebPage","@id":"https:\/\/www.srz-brezno.sk\/?page_id=164","url":"https:\/\/www.srz-brezno.sk\/?page_id=164","name":"Term\u00edny brig\u00e1d - Mo SRZ Brezno","isPartOf":{"@id":"https:\/\/www.srz-brezno.sk\/#website"},"datePublished":"2020-02-16T10:57:48+00:00","dateModified":"2026-03-31T08:15:50+00:00","breadcrumb":{"@id":"https:\/\/www.srz-brezno.sk\/?page_id=164#breadcrumb"},"inLanguage":"sk-SK","potentialAction":[{"@type":"ReadAction","target":["https:\/\/www.srz-brezno.sk\/?page_id=164"]}]},{"@type":"BreadcrumbList","@id":"https:\/\/www.srz-brezno.sk\/?page_id=164#breadcrumb","itemListElement":[{"@type":"ListItem","position":1,"name":"Home","item":"https:\/\/www.srz-brezno.sk\/"},{"@type":"ListItem","position":2,"name":"Term\u00edny brig\u00e1d"}]},{"@type":"WebSite","@id":"https:\/\/www.srz-brezno.sk\/#website","url":"https:\/\/www.srz-brezno.sk\/","name":"Mo SRZ Brezno","description":"Dr. Clementisa 1217\/5 Brezno 977 01","publisher":{"@id":"https:\/\/www.srz-brezno.sk\/#organization"},"potentialAction":[{"@type":"SearchAction","target":{"@type":"EntryPoint","urlTemplate":"https:\/\/www.srz-brezno.sk\/?s={search_term_string}"},"query-input":{"@type":"PropertyValueSpecification","valueRequired":true,"valueName":"search_term_string"}}],"inLanguage":"sk-SK"},{"@type":"Organization","@id":"https:\/\/www.srz-brezno.sk\/#organization","name":"Mo SRZ Brezno","url":"https:\/\/www.srz-brezno.sk\/","logo":{"@type":"ImageObject","inLanguage":"sk-SK","@id":"https:\/\/www.srz-brezno.sk\/#\/schema\/logo\/image\/","url":"https:\/\/www.srz-brezno.sk\/wp-content\/uploads\/2020\/03\/Screenshot_15.jpg","contentUrl":"https:\/\/www.srz-brezno.sk\/wp-content\/uploads\/2020\/03\/Screenshot_15.jpg","width":1121,"height":790,"caption":"Mo SRZ Brezno"},"image":{"@id":"https:\/\/www.srz-brezno.sk\/#\/schema\/logo\/image\/"},"sameAs":["https:\/\/www.facebook.com\/groups\/982456918436663\/?ref=bookmarks"]}]}},"_links":{"self":[{"href":"https:\/\/www.srz-brezno.sk\/index.php?rest_route=\/wp\/v2\/pages\/164","targetHints":{"allow":["GET"]}}],"collection":[{"href":"https:\/\/www.srz-brezno.sk\/index.php?rest_route=\/wp\/v2\/pages"}],"about":[{"href":"https:\/\/www.srz-brezno.sk\/index.php?rest_route=\/wp\/v2\/types\/page"}],"author":[{"embeddable":true,"href":"https:\/\/www.srz-brezno.sk\/index.php?rest_route=\/wp\/v2\/users\/1"}],"replies":[{"embeddable":true,"href":"https:\/\/www.srz-brezno.sk\/index.php?rest_route=%2Fwp%2Fv2%2Fcomments&post=164"}],"version-history":[{"count":17,"href":"https:\/\/www.srz-brezno.sk\/index.php?rest_route=\/wp\/v2\/pages\/164\/revisions"}],"predecessor-version":[{"id":5754,"href":"https:\/\/www.srz-brezno.sk\/index.php?rest_route=\/wp\/v2\/pages\/164\/revisions\/5754"}],"wp:attachment":[{"href":"https:\/\/www.srz-brezno.sk\/index.php?rest_route=%2Fwp%2Fv2%2Fmedia&parent=164"}],"curies":[{"name":"wp","href":"https:\/\/api.w.org\/{rel}","templated":true}]}}