{"id":183,"date":"2020-02-17T11:17:50","date_gmt":"2020-02-17T11:17:50","guid":{"rendered":"http:\/\/www.srz-brezno.sk\/?page_id=183"},"modified":"2026-03-31T08:41:14","modified_gmt":"2026-03-31T06:41:14","slug":"hostovacie-povolenky","status":"publish","type":"page","link":"https:\/\/www.srz-brezno.sk\/?page_id=183","title":{"rendered":"Hos\u0165ovacie povolenky"},"content":{"rendered":"<div class=\"wp-block-image\">\n<figure class=\"aligncenter size-full\"><img loading=\"lazy\" decoding=\"async\" width=\"745\" height=\"965\" src=\"https:\/\/www.srz-brezno.sk\/wp-content\/uploads\/2026\/03\/Screenshot_5.jpg\" alt=\"\" class=\"wp-image-5748\" srcset=\"https:\/\/www.srz-brezno.sk\/wp-content\/uploads\/2026\/03\/Screenshot_5.jpg 745w, https:\/\/www.srz-brezno.sk\/wp-content\/uploads\/2026\/03\/Screenshot_5-232x300.jpg 232w, https:\/\/www.srz-brezno.sk\/wp-content\/uploads\/2026\/03\/Screenshot_5-100x130.jpg 100w\" sizes=\"auto, (max-width: 745px) 100vw, 745px\" \/><\/figure>\n<\/div>\n\n\n<p style=\"text-align: center;\"><span style=\"color: #000080;\">Ceny denn\u00fdch hos\u0165ovac\u00edch povolen\u00ed na vody Mo SRZ Brezno<\/span><\/p>\n\n\n\n<table style=\"border-collapse: collapse; width: 100%; height: 89px;\">\n<tbody>\n<tr style=\"height: 23px;\">\n<td style=\"width: 20%; height: 23px; text-align: center;\">&nbsp;<\/td>\n<td style=\"width: 20%; height: 23px; text-align: center;\">kaprov\u00e9<\/td>\n<td style=\"width: 20%; height: 23px; text-align: center;\">pstruhov\u00e9<\/td>\n<td style=\"width: 20%; height: 23px; text-align: center;\">lip\u0148ov\u00e9<\/td>\n<td style=\"width: 20%; height: 23px; text-align: center;\">lip\u0148ov\u00e9 CHAP<\/td>\n<\/tr>\n<tr style=\"height: 23px;\">\n<td style=\"width: 20%; height: 23px; text-align: center;\">\u010dlenovia SRZ<\/td>\n<td style=\"width: 20%; height: 23px; text-align: center;\">20 \u20ac<\/td>\n<td style=\"width: 20%; height: 23px; text-align: center;\">15 \u20ac<\/td>\n<td style=\"width: 20%; height: 23px; text-align: center;\">15 \u20ac<\/td>\n<td style=\"width: 20%; height: 23px; text-align: center;\">10 \u20ac<\/td>\n<\/tr>\n<tr style=\"height: 43px;\">\n<td style=\"width: 20%; height: 43px; text-align: center;\">ne\u010dlenovia SRZ<\/td>\n<td style=\"width: 20%; height: 43px; text-align: center;\">20 \u20ac<\/td>\n<td style=\"width: 20%; height: 43px; text-align: center;\">30 \u20ac<\/td>\n<td style=\"width: 20%; height: 43px; text-align: center;\">20 \u20ac<\/td>\n<td style=\"width: 20%; height: 43px; text-align: center;\">20 \u20ac<\/td>\n<\/tr>\n<\/tbody>\n<\/table>\n\n\n\n<p style=\"text-align: center;\"><span style=\"color: #000080;\">Ceny sez\u00f3nnych povolen\u00ed na vody Mo SRZ Brezno<\/span><\/p>\n\n\n\n<table style=\"border-collapse: collapse; width: 100%;\">\n<tbody>\n<tr>\n<td style=\"width: 20.3449%; text-align: center;\">&nbsp;<\/td>\n<td style=\"width: 20.3447%; text-align: center;\">kaprov\u00e9<\/td>\n<td style=\"width: 20.5173%; text-align: center;\">pstruhov\u00e9<\/td>\n<td style=\"width: 19.3965%; text-align: center;\">lip\u0148ov\u00e9<\/td>\n<td style=\"width: 19.3966%; text-align: center;\">&nbsp;<\/td>\n<\/tr>\n<tr>\n<td style=\"width: 20.3449%; text-align: center;\">\u010dlenovia SRZ<\/td>\n<td style=\"width: 20.3447%; text-align: center;\">90\u20ac<\/td>\n<td style=\"width: 20.5173%; text-align: center;\">70\u20ac<\/td>\n<td style=\"width: 19.3965%; text-align: center;\">50\u20ac<\/td>\n<td style=\"width: 19.3966%; text-align: center;\">&nbsp;<\/td>\n<\/tr>\n<\/tbody>\n<\/table>\n\n\n\n<p><span style=\"color: #ff0000;\">Sez\u00f3nne povolenia je mo\u017en\u00e9 zak\u00fapi\u0165 iba po dohovore s tajomn\u00edkom p.Balcarom v kancel\u00e1rii MO.<\/span><\/p>\n\n\n\n<hr class=\"wp-block-separator has-css-opacity\"\/>\n\n\n\n<h4><strong>Predajn\u00e9 miesta denn\u00fdch hos\u0165ovac\u00edch povolen\u00ed :<\/strong><\/h4>\n<p>&nbsp;<\/p>\n<p>Ryb\u00e1rske potreby Hronka<\/p>\n<p>Cesta oslobodite\u013eov 1837\/8<\/p>\n<p>Brezno \u2013 Mazorn\u00edkovo<\/p>\n<p>0905 464 594<\/p>\n<p>&nbsp;<\/p>\n\n\n\n<hr class=\"wp-block-separator has-css-opacity\"\/>\n\n\n\n<p>Motorest &#8211; Motorstop<\/p>\n<p>Vagn\u00e1rska 2061\/9<\/p>\n<p>Brezno &#8211; Zadn\u00e9 Halny<\/p>\n<p>0905 606 344<\/p>\n\n\n\n<hr class=\"wp-block-separator has-css-opacity\"\/>\n\n\n\n<p>Farby Laky &#8211; Ramu\u013eka<\/p>\n<p>ul. Hviezdoslavova<\/p>\n<p>Z\u00e1vadka nad Hronom<\/p>\n<p>0903 550 723<\/p>\n","protected":false},"excerpt":{"rendered":"<p>Ceny denn\u00fdch hos\u0165ovac\u00edch povolen\u00ed na vody Mo SRZ Brezno &nbsp; kaprov\u00e9 pstruhov\u00e9 lip\u0148ov\u00e9 lip\u0148ov\u00e9 CHAP \u010dlenovia SRZ 20 \u20ac 15 \u20ac 15 \u20ac 10 \u20ac ne\u010dlenovia SRZ 20 \u20ac 30 \u20ac 20 \u20ac 20 \u20ac Ceny sez\u00f3nnych povolen\u00ed na vody Mo SRZ Brezno &nbsp; kaprov\u00e9 pstruhov\u00e9 lip\u0148ov\u00e9 &nbsp; \u010dlenovia SRZ 90\u20ac 70\u20ac 50\u20ac &nbsp; Sez\u00f3nne <a href=\"https:\/\/www.srz-brezno.sk\/?page_id=183\" rel=\"nofollow\"><span class=\"sr-only\">Pre\u010d\u00edta\u0165 viac o Hos\u0165ovacie povolenky<\/span>[&hellip;]<\/a><\/p>\n","protected":false},"author":1,"featured_media":0,"parent":0,"menu_order":0,"comment_status":"closed","ping_status":"closed","template":"","meta":{"footnotes":""},"class_list":["post-183","page","type-page","status-publish","hentry"],"yoast_head":"<!-- This site is optimized with the Yoast SEO plugin v26.8 - https:\/\/yoast.com\/product\/yoast-seo-wordpress\/ -->\n<title>Hos\u0165ovacie povolenky - Mo SRZ Brezno<\/title>\n<meta name=\"robots\" content=\"index, follow, max-snippet:-1, max-image-preview:large, max-video-preview:-1\" \/>\n<link rel=\"canonical\" href=\"https:\/\/www.srz-brezno.sk\/?page_id=183\" \/>\n<meta property=\"og:locale\" content=\"sk_SK\" \/>\n<meta property=\"og:type\" content=\"article\" \/>\n<meta property=\"og:title\" content=\"Ceny denn\u00fdch a sez\u00f3nnych hos\u0165ovac\u00edch povolen\u00ed na vody Mo SRZ Brezno\" \/>\n<meta property=\"og:description\" content=\"Ceny denn\u00fdch hos\u0165ovac\u00edch povolen\u00ed na vody Mo SRZ Brezno &nbsp; kaprov\u00e9 pstruhov\u00e9 lip\u0148ov\u00e9 lip\u0148ov\u00e9 CHAP \u010dlenovia SRZ 20 \u20ac 15 \u20ac 15 \u20ac 10 \u20ac ne\u010dlenovia SRZ 20 \u20ac 30 \u20ac 20 \u20ac 20 \u20ac Ceny sez\u00f3nnych povolen\u00ed na vody Mo SRZ Brezno &nbsp; kaprov\u00e9 pstruhov\u00e9 lip\u0148ov\u00e9 &nbsp; \u010dlenovia SRZ 90\u20ac 70\u20ac 50\u20ac &nbsp; Sez\u00f3nne Pre\u010d\u00edta\u0165 viac o Hos\u0165ovacie povolenky[&hellip;]\" \/>\n<meta property=\"og:url\" content=\"https:\/\/www.srz-brezno.sk\/?page_id=183\" \/>\n<meta property=\"og:site_name\" content=\"Mo SRZ Brezno\" \/>\n<meta property=\"article:publisher\" content=\"https:\/\/www.facebook.com\/groups\/982456918436663\/?ref=bookmarks\" \/>\n<meta property=\"article:modified_time\" content=\"2026-03-31T06:41:14+00:00\" \/>\n<meta property=\"og:image\" content=\"https:\/\/www.srz-brezno.sk\/wp-content\/uploads\/2020\/08\/Screenshot_2.jpg\" \/>\n\t<meta property=\"og:image:width\" content=\"840\" \/>\n\t<meta property=\"og:image:height\" content=\"537\" \/>\n\t<meta property=\"og:image:type\" content=\"image\/jpeg\" \/>\n<meta name=\"twitter:card\" content=\"summary_large_image\" \/>\n<meta name=\"twitter:label1\" content=\"Predpokladan\u00fd \u010das \u010d\u00edtania\" \/>\n\t<meta name=\"twitter:data1\" content=\"1 min\u00fata\" \/>\n<script type=\"application\/ld+json\" class=\"yoast-schema-graph\">{\"@context\":\"https:\/\/schema.org\",\"@graph\":[{\"@type\":\"WebPage\",\"@id\":\"https:\/\/www.srz-brezno.sk\/?page_id=183\",\"url\":\"https:\/\/www.srz-brezno.sk\/?page_id=183\",\"name\":\"Hos\u0165ovacie povolenky - Mo SRZ Brezno\",\"isPartOf\":{\"@id\":\"https:\/\/www.srz-brezno.sk\/#website\"},\"primaryImageOfPage\":{\"@id\":\"https:\/\/www.srz-brezno.sk\/?page_id=183#primaryimage\"},\"image\":{\"@id\":\"https:\/\/www.srz-brezno.sk\/?page_id=183#primaryimage\"},\"thumbnailUrl\":\"https:\/\/www.srz-brezno.sk\/wp-content\/uploads\/2026\/03\/Screenshot_5.jpg\",\"datePublished\":\"2020-02-17T11:17:50+00:00\",\"dateModified\":\"2026-03-31T06:41:14+00:00\",\"breadcrumb\":{\"@id\":\"https:\/\/www.srz-brezno.sk\/?page_id=183#breadcrumb\"},\"inLanguage\":\"sk-SK\",\"potentialAction\":[{\"@type\":\"ReadAction\",\"target\":[\"https:\/\/www.srz-brezno.sk\/?page_id=183\"]}]},{\"@type\":\"ImageObject\",\"inLanguage\":\"sk-SK\",\"@id\":\"https:\/\/www.srz-brezno.sk\/?page_id=183#primaryimage\",\"url\":\"https:\/\/www.srz-brezno.sk\/wp-content\/uploads\/2026\/03\/Screenshot_5.jpg\",\"contentUrl\":\"https:\/\/www.srz-brezno.sk\/wp-content\/uploads\/2026\/03\/Screenshot_5.jpg\",\"width\":745,\"height\":965},{\"@type\":\"BreadcrumbList\",\"@id\":\"https:\/\/www.srz-brezno.sk\/?page_id=183#breadcrumb\",\"itemListElement\":[{\"@type\":\"ListItem\",\"position\":1,\"name\":\"Home\",\"item\":\"https:\/\/www.srz-brezno.sk\/\"},{\"@type\":\"ListItem\",\"position\":2,\"name\":\"Hos\u0165ovacie povolenky\"}]},{\"@type\":\"WebSite\",\"@id\":\"https:\/\/www.srz-brezno.sk\/#website\",\"url\":\"https:\/\/www.srz-brezno.sk\/\",\"name\":\"Mo SRZ Brezno\",\"description\":\"Dr. Clementisa 1217\/5 Brezno 977 01\",\"publisher\":{\"@id\":\"https:\/\/www.srz-brezno.sk\/#organization\"},\"potentialAction\":[{\"@type\":\"SearchAction\",\"target\":{\"@type\":\"EntryPoint\",\"urlTemplate\":\"https:\/\/www.srz-brezno.sk\/?s={search_term_string}\"},\"query-input\":{\"@type\":\"PropertyValueSpecification\",\"valueRequired\":true,\"valueName\":\"search_term_string\"}}],\"inLanguage\":\"sk-SK\"},{\"@type\":\"Organization\",\"@id\":\"https:\/\/www.srz-brezno.sk\/#organization\",\"name\":\"Mo SRZ Brezno\",\"url\":\"https:\/\/www.srz-brezno.sk\/\",\"logo\":{\"@type\":\"ImageObject\",\"inLanguage\":\"sk-SK\",\"@id\":\"https:\/\/www.srz-brezno.sk\/#\/schema\/logo\/image\/\",\"url\":\"https:\/\/www.srz-brezno.sk\/wp-content\/uploads\/2020\/03\/Screenshot_15.jpg\",\"contentUrl\":\"https:\/\/www.srz-brezno.sk\/wp-content\/uploads\/2020\/03\/Screenshot_15.jpg\",\"width\":1121,\"height\":790,\"caption\":\"Mo SRZ Brezno\"},\"image\":{\"@id\":\"https:\/\/www.srz-brezno.sk\/#\/schema\/logo\/image\/\"},\"sameAs\":[\"https:\/\/www.facebook.com\/groups\/982456918436663\/?ref=bookmarks\"]}]}<\/script>\n<!-- \/ Yoast SEO plugin. -->","yoast_head_json":{"title":"Hos\u0165ovacie povolenky - Mo SRZ Brezno","robots":{"index":"index","follow":"follow","max-snippet":"max-snippet:-1","max-image-preview":"max-image-preview:large","max-video-preview":"max-video-preview:-1"},"canonical":"https:\/\/www.srz-brezno.sk\/?page_id=183","og_locale":"sk_SK","og_type":"article","og_title":"Ceny denn\u00fdch a sez\u00f3nnych hos\u0165ovac\u00edch povolen\u00ed na vody Mo SRZ Brezno","og_description":"Ceny denn\u00fdch hos\u0165ovac\u00edch povolen\u00ed na vody Mo SRZ Brezno &nbsp; kaprov\u00e9 pstruhov\u00e9 lip\u0148ov\u00e9 lip\u0148ov\u00e9 CHAP \u010dlenovia SRZ 20 \u20ac 15 \u20ac 15 \u20ac 10 \u20ac ne\u010dlenovia SRZ 20 \u20ac 30 \u20ac 20 \u20ac 20 \u20ac Ceny sez\u00f3nnych povolen\u00ed na vody Mo SRZ Brezno &nbsp; kaprov\u00e9 pstruhov\u00e9 lip\u0148ov\u00e9 &nbsp; \u010dlenovia SRZ 90\u20ac 70\u20ac 50\u20ac &nbsp; Sez\u00f3nne Pre\u010d\u00edta\u0165 viac o Hos\u0165ovacie povolenky[&hellip;]","og_url":"https:\/\/www.srz-brezno.sk\/?page_id=183","og_site_name":"Mo SRZ Brezno","article_publisher":"https:\/\/www.facebook.com\/groups\/982456918436663\/?ref=bookmarks","article_modified_time":"2026-03-31T06:41:14+00:00","og_image":[{"width":840,"height":537,"url":"https:\/\/www.srz-brezno.sk\/wp-content\/uploads\/2020\/08\/Screenshot_2.jpg","type":"image\/jpeg"}],"twitter_card":"summary_large_image","twitter_misc":{"Predpokladan\u00fd \u010das \u010d\u00edtania":"1 min\u00fata"},"schema":{"@context":"https:\/\/schema.org","@graph":[{"@type":"WebPage","@id":"https:\/\/www.srz-brezno.sk\/?page_id=183","url":"https:\/\/www.srz-brezno.sk\/?page_id=183","name":"Hos\u0165ovacie povolenky - Mo SRZ Brezno","isPartOf":{"@id":"https:\/\/www.srz-brezno.sk\/#website"},"primaryImageOfPage":{"@id":"https:\/\/www.srz-brezno.sk\/?page_id=183#primaryimage"},"image":{"@id":"https:\/\/www.srz-brezno.sk\/?page_id=183#primaryimage"},"thumbnailUrl":"https:\/\/www.srz-brezno.sk\/wp-content\/uploads\/2026\/03\/Screenshot_5.jpg","datePublished":"2020-02-17T11:17:50+00:00","dateModified":"2026-03-31T06:41:14+00:00","breadcrumb":{"@id":"https:\/\/www.srz-brezno.sk\/?page_id=183#breadcrumb"},"inLanguage":"sk-SK","potentialAction":[{"@type":"ReadAction","target":["https:\/\/www.srz-brezno.sk\/?page_id=183"]}]},{"@type":"ImageObject","inLanguage":"sk-SK","@id":"https:\/\/www.srz-brezno.sk\/?page_id=183#primaryimage","url":"https:\/\/www.srz-brezno.sk\/wp-content\/uploads\/2026\/03\/Screenshot_5.jpg","contentUrl":"https:\/\/www.srz-brezno.sk\/wp-content\/uploads\/2026\/03\/Screenshot_5.jpg","width":745,"height":965},{"@type":"BreadcrumbList","@id":"https:\/\/www.srz-brezno.sk\/?page_id=183#breadcrumb","itemListElement":[{"@type":"ListItem","position":1,"name":"Home","item":"https:\/\/www.srz-brezno.sk\/"},{"@type":"ListItem","position":2,"name":"Hos\u0165ovacie povolenky"}]},{"@type":"WebSite","@id":"https:\/\/www.srz-brezno.sk\/#website","url":"https:\/\/www.srz-brezno.sk\/","name":"Mo SRZ Brezno","description":"Dr. Clementisa 1217\/5 Brezno 977 01","publisher":{"@id":"https:\/\/www.srz-brezno.sk\/#organization"},"potentialAction":[{"@type":"SearchAction","target":{"@type":"EntryPoint","urlTemplate":"https:\/\/www.srz-brezno.sk\/?s={search_term_string}"},"query-input":{"@type":"PropertyValueSpecification","valueRequired":true,"valueName":"search_term_string"}}],"inLanguage":"sk-SK"},{"@type":"Organization","@id":"https:\/\/www.srz-brezno.sk\/#organization","name":"Mo SRZ Brezno","url":"https:\/\/www.srz-brezno.sk\/","logo":{"@type":"ImageObject","inLanguage":"sk-SK","@id":"https:\/\/www.srz-brezno.sk\/#\/schema\/logo\/image\/","url":"https:\/\/www.srz-brezno.sk\/wp-content\/uploads\/2020\/03\/Screenshot_15.jpg","contentUrl":"https:\/\/www.srz-brezno.sk\/wp-content\/uploads\/2020\/03\/Screenshot_15.jpg","width":1121,"height":790,"caption":"Mo SRZ Brezno"},"image":{"@id":"https:\/\/www.srz-brezno.sk\/#\/schema\/logo\/image\/"},"sameAs":["https:\/\/www.facebook.com\/groups\/982456918436663\/?ref=bookmarks"]}]}},"_links":{"self":[{"href":"https:\/\/www.srz-brezno.sk\/index.php?rest_route=\/wp\/v2\/pages\/183","targetHints":{"allow":["GET"]}}],"collection":[{"href":"https:\/\/www.srz-brezno.sk\/index.php?rest_route=\/wp\/v2\/pages"}],"about":[{"href":"https:\/\/www.srz-brezno.sk\/index.php?rest_route=\/wp\/v2\/types\/page"}],"author":[{"embeddable":true,"href":"https:\/\/www.srz-brezno.sk\/index.php?rest_route=\/wp\/v2\/users\/1"}],"replies":[{"embeddable":true,"href":"https:\/\/www.srz-brezno.sk\/index.php?rest_route=%2Fwp%2Fv2%2Fcomments&post=183"}],"version-history":[{"count":12,"href":"https:\/\/www.srz-brezno.sk\/index.php?rest_route=\/wp\/v2\/pages\/183\/revisions"}],"predecessor-version":[{"id":5750,"href":"https:\/\/www.srz-brezno.sk\/index.php?rest_route=\/wp\/v2\/pages\/183\/revisions\/5750"}],"wp:attachment":[{"href":"https:\/\/www.srz-brezno.sk\/index.php?rest_route=%2Fwp%2Fv2%2Fmedia&parent=183"}],"curies":[{"name":"wp","href":"https:\/\/api.w.org\/{rel}","templated":true}]}}