{"id":2436,"date":"2020-12-26T12:42:03","date_gmt":"2020-12-26T10:42:03","guid":{"rendered":"https:\/\/www.srz-brezno.sk\/?page_id=2436"},"modified":"2022-04-15T00:01:38","modified_gmt":"2022-04-14T22:01:38","slug":"zoznam-prihlasenych-timov","status":"publish","type":"page","link":"https:\/\/www.srz-brezno.sk\/?page_id=2436","title":{"rendered":"Zoznam prihl\u00e1sen\u00fdch t\u00edmov"},"content":{"rendered":"\n<table style=\"border-collapse: collapse; width: 100%; height: 368px;\">\n<tbody>\n<tr style=\"height: 46px;\">\n<td style=\"width: 8.39073%; height: 46px; text-align: center;\">\n<h3 style=\"text-align: center;\">\u00a0<\/h3>\n<\/td>\n<td style=\"width: 32.5287%; text-align: center; height: 46px;\">\n<h3 style=\"text-align: center;\"><strong>N\u00e1zov t\u00edmu<\/strong><\/h3>\n<\/td>\n<td style=\"width: 40.4024%; height: 46px; text-align: center;\">\n<h3><strong>Pretek\u00e1ri<\/strong><\/h3>\n<\/td>\n<td style=\"width: 18.678%; height: 46px; text-align: center;\">\n<h3><strong>\u0160tartovn\u00e9<\/strong><\/h3>\n<\/td>\n<\/tr>\n<tr style=\"height: 23px;\">\n<td style=\"width: 8.39073%; height: 23px; text-align: center;\"><strong>1.<\/strong><\/td>\n<td style=\"width: 32.5287%; height: 23px; text-align: center;\"><strong><span style=\"color: #ff0000;\">Hrom &amp; Duha Carp team<\/span><\/strong><\/td>\n<td style=\"width: 40.4024%; height: 23px; text-align: center;\"><strong>J. Hrom\u00e1dka, E. Duhan<\/strong><\/td>\n<td style=\"width: 18.678%; height: 23px; text-align: center;\"><strong>uhraden\u00e9<\/strong><\/td>\n<\/tr>\n<tr style=\"height: 23px;\">\n<td style=\"width: 8.39073%; height: 23px; text-align: center;\"><strong>2.<\/strong><\/td>\n<td style=\"width: 32.5287%; height: 23px; text-align: center;\"><strong><span style=\"color: #ff0000;\">Fishin team Brezno<\/span><\/strong><\/td>\n<td style=\"width: 40.4024%; height: 23px; text-align: center;\"><strong>R. \u010cunderl\u00edk, P. Pokryva\u010d<\/strong><\/td>\n<td style=\"width: 18.678%; height: 23px; text-align: center;\"><strong>uhraden\u00e9<\/strong><\/td>\n<\/tr>\n<tr style=\"height: 23px;\">\n<td style=\"width: 8.39073%; height: 23px; text-align: center;\"><strong>3.<\/strong><\/td>\n<td style=\"width: 32.5287%; height: 23px; text-align: center;\"><strong><span style=\"color: #ff0000;\">PVA Hydrospol team<\/span><\/strong><\/td>\n<td style=\"width: 40.4024%; height: 23px; text-align: center;\"><strong>J. Harvanka, P. Harvanka<\/strong><\/td>\n<td style=\"width: 18.678%; height: 23px; text-align: center;\"><strong>uhraden\u00e9<\/strong><\/td>\n<\/tr>\n<tr style=\"height: 23px;\">\n<td style=\"width: 8.39073%; height: 23px; text-align: center;\"><strong>4.<\/strong><\/td>\n<td style=\"width: 32.5287%; height: 23px; text-align: center;\"><strong><span style=\"color: #ff0000;\">PeMa Carp team<\/span><\/strong><\/td>\n<td style=\"width: 40.4024%; height: 23px; text-align: center;\"><strong>M.Bo\u0161e\u013ea, P. Pohan\u010danik<\/strong><\/td>\n<td style=\"width: 18.678%; height: 23px; text-align: center;\"><strong>\u00a0uhraden\u00e9<\/strong><\/td>\n<\/tr>\n<tr style=\"height: 23px;\">\n<td style=\"width: 8.39073%; height: 23px; text-align: center;\"><strong>5.<\/strong><\/td>\n<td style=\"width: 32.5287%; height: 23px; text-align: center;\"><strong><span style=\"color: #ff0000;\">HOREHRON Team<\/span><\/strong><\/td>\n<td style=\"width: 40.4024%; height: 23px; text-align: center;\"><strong>P.Pletka, R.Mesiarkin Buvala,\u00a0<\/strong><\/td>\n<td style=\"width: 18.678%; height: 23px; text-align: center;\"><strong>uhraden\u00e9<\/strong><\/td>\n<\/tr>\n<tr style=\"height: 23px;\">\n<td style=\"width: 8.39073%; height: 23px; text-align: center;\"><strong>6.<\/strong><\/td>\n<td style=\"width: 32.5287%; height: 23px; text-align: center;\"><strong><span style=\"color: #ff0000;\">Mr. Carp &amp; PVA Hydrospol<\/span><\/strong><\/td>\n<td style=\"width: 40.4024%; height: 23px; text-align: center;\"><strong>T. Balcar, A. Kri\u017eian<\/strong><\/td>\n<td style=\"width: 18.678%; height: 23px; text-align: center;\"><strong>uhraden\u00e9<\/strong><\/td>\n<\/tr>\n<tr style=\"height: 23px;\">\n<td style=\"width: 8.39073%; height: 23px; text-align: center;\"><strong>7.<\/strong><\/td>\n<td style=\"width: 32.5287%; height: 23px; text-align: center;\"><strong><span style=\"color: #ff0000;\">Lastia team<\/span><\/strong><\/td>\n<td style=\"width: 40.4024%; height: 23px; text-align: center;\"><strong>\u0160. Lepko, M. Ko\u0161\u00edk<\/strong><\/td>\n<td style=\"width: 18.678%; height: 23px; text-align: center;\"><strong>uhraden\u00e9<\/strong><\/td>\n<\/tr>\n<tr style=\"height: 23px;\">\n<td style=\"width: 8.39073%; height: 23px; text-align: center;\"><strong>8.<\/strong><\/td>\n<td style=\"width: 32.5287%; height: 23px; text-align: center;\"><strong><span style=\"color: #ff0000;\">BIG CARP TEAM<\/span><\/strong><\/td>\n<td style=\"width: 40.4024%; height: 23px; text-align: center;\"><strong>V. \u013dupt\u00e1k, J. Vrbovsk\u00fd<\/strong><\/td>\n<td style=\"width: 18.678%; height: 23px; text-align: center;\"><strong>uhraden\u00e9<\/strong><\/td>\n<\/tr>\n<tr style=\"height: 23px;\">\n<td style=\"width: 8.39073%; height: 23px; text-align: center;\"><strong>9.<\/strong><\/td>\n<td style=\"width: 32.5287%; height: 23px; text-align: center;\"><strong><span style=\"color: #ff0000;\">Capro\u0161o Team<\/span><\/strong><\/td>\n<td style=\"width: 40.4024%; height: 23px; text-align: center;\"><strong>J. Tur\u010din, M. \u010eurica<\/strong><\/td>\n<td style=\"width: 18.678%; height: 23px; text-align: center;\"><strong>uhraden\u00e9<\/strong><\/td>\n<\/tr>\n<tr style=\"height: 23px;\">\n<td style=\"width: 8.39073%; text-align: center; height: 23px;\"><strong>10.<\/strong><\/td>\n<td style=\"width: 32.5287%; text-align: center; height: 23px;\"><strong><span style=\"color: #ff0000;\">Sokol\u00edci<\/span><\/strong><\/td>\n<td style=\"width: 40.4024%; text-align: center; height: 23px;\"><strong>R. Brozman, D. Brozman<\/strong><\/td>\n<td style=\"width: 18.678%; text-align: center; height: 23px;\"><strong>uhraden\u00e9<\/strong><\/td>\n<\/tr>\n<tr style=\"height: 23px;\">\n<td style=\"width: 8.39073%; text-align: center; height: 23px;\"><strong>11.<\/strong><\/td>\n<td style=\"width: 32.5287%; text-align: center; height: 23px;\"><strong><span style=\"color: #ff0000;\">Koh\u00fat &amp; Haz\u00e1k team<\/span><\/strong><\/td>\n<td style=\"width: 40.4024%; text-align: center; height: 23px;\"><strong>P. Koh\u00fat, M. Haz\u00e1k<\/strong><\/td>\n<td style=\"width: 18.678%; text-align: center; height: 23px;\"><strong>uhraden\u00e9<\/strong><\/td>\n<\/tr>\n<tr style=\"height: 23px;\">\n<td style=\"width: 8.39073%; text-align: center; height: 23px;\"><strong>12.<\/strong><\/td>\n<td style=\"width: 32.5287%; text-align: center; height: 23px;\"><strong><span style=\"color: #ff0000;\">Horehronsk\u00e9 vydry<\/span><\/strong><\/td>\n<td style=\"width: 40.4024%; text-align: center; height: 23px;\"><strong>P. Michalko, D. Rosina<\/strong><\/td>\n<td style=\"width: 18.678%; text-align: center; height: 23px;\"><strong>uhraden\u00e9<\/strong><\/td>\n<\/tr>\n<tr style=\"height: 23px;\">\n<td style=\"width: 8.39073%; text-align: center; height: 23px;\"><strong>13.<\/strong><\/td>\n<td style=\"width: 32.5287%; text-align: center; height: 23px;\"><strong><span style=\"color: #ff0000;\">HAMACI<\/span><\/strong><\/td>\n<td style=\"width: 40.4024%; text-align: center; height: 23px;\"><strong>F.Svetl\u00e1k, J.Piliar<\/strong><\/td>\n<td style=\"width: 18.678%; text-align: center; height: 23px;\"><strong>uhraden\u00e9<\/strong><\/td>\n<\/tr>\n<tr style=\"height: 23px;\">\n<td style=\"width: 8.39073%; text-align: center; height: 23px;\"><strong>14.<\/strong><\/td>\n<td style=\"width: 32.5287%; text-align: center; height: 23px;\"><strong><span style=\"color: #ff0000;\">Duhan Team<\/span><\/strong><\/td>\n<td style=\"width: 40.4024%; text-align: center; height: 23px;\"><strong>I.Duhan, M. Stieranka<\/strong><\/td>\n<td style=\"width: 18.678%; text-align: center; height: 23px;\"><strong>uhraden\u00e9<\/strong><\/td>\n<\/tr>\n<\/tbody>\n<\/table>\n","protected":false},"excerpt":{"rendered":"<p>\u00a0 N\u00e1zov t\u00edmu Pretek\u00e1ri \u0160tartovn\u00e9 1. Hrom &amp; Duha Carp team J. Hrom\u00e1dka, E. Duhan uhraden\u00e9 2. Fishin team Brezno R. \u010cunderl\u00edk, P. Pokryva\u010d uhraden\u00e9 3. PVA Hydrospol team J. Harvanka, P. Harvanka uhraden\u00e9 4. PeMa Carp team M.Bo\u0161e\u013ea, P. Pohan\u010danik \u00a0uhraden\u00e9 5. HOREHRON Team P.Pletka, R.Mesiarkin Buvala,\u00a0 uhraden\u00e9 6. Mr. Carp &amp; PVA Hydrospol <a href=\"https:\/\/www.srz-brezno.sk\/?page_id=2436\" rel=\"nofollow\"><span class=\"sr-only\">Pre\u010d\u00edta\u0165 viac o Zoznam prihl\u00e1sen\u00fdch t\u00edmov<\/span>[&hellip;]<\/a><\/p>\n","protected":false},"author":1,"featured_media":0,"parent":0,"menu_order":0,"comment_status":"closed","ping_status":"closed","template":"","meta":{"footnotes":""},"class_list":["post-2436","page","type-page","status-publish","hentry"],"yoast_head":"<!-- This site is optimized with the Yoast SEO plugin v26.8 - https:\/\/yoast.com\/product\/yoast-seo-wordpress\/ -->\n<title>Zoznam prihl\u00e1sen\u00fdch t\u00edmov - Mo SRZ Brezno<\/title>\n<meta name=\"robots\" content=\"index, follow, max-snippet:-1, max-image-preview:large, max-video-preview:-1\" \/>\n<link rel=\"canonical\" href=\"https:\/\/www.srz-brezno.sk\/?page_id=2436\" \/>\n<meta property=\"og:locale\" content=\"sk_SK\" \/>\n<meta property=\"og:type\" content=\"article\" \/>\n<meta property=\"og:title\" content=\"Zoznam prihl\u00e1sen\u00fdch t\u00edmov - Mo SRZ Brezno\" \/>\n<meta property=\"og:description\" content=\"\u00a0 N\u00e1zov t\u00edmu Pretek\u00e1ri \u0160tartovn\u00e9 1. Hrom &amp; Duha Carp team J. Hrom\u00e1dka, E. Duhan uhraden\u00e9 2. Fishin team Brezno R. \u010cunderl\u00edk, P. Pokryva\u010d uhraden\u00e9 3. PVA Hydrospol team J. Harvanka, P. Harvanka uhraden\u00e9 4. PeMa Carp team M.Bo\u0161e\u013ea, P. Pohan\u010danik \u00a0uhraden\u00e9 5. HOREHRON Team P.Pletka, R.Mesiarkin Buvala,\u00a0 uhraden\u00e9 6. Mr. Carp &amp; PVA Hydrospol Pre\u010d\u00edta\u0165 viac o Zoznam prihl\u00e1sen\u00fdch t\u00edmov[&hellip;]\" \/>\n<meta property=\"og:url\" content=\"https:\/\/www.srz-brezno.sk\/?page_id=2436\" \/>\n<meta property=\"og:site_name\" content=\"Mo SRZ Brezno\" \/>\n<meta property=\"article:publisher\" content=\"https:\/\/www.facebook.com\/groups\/982456918436663\/?ref=bookmarks\" \/>\n<meta property=\"article:modified_time\" content=\"2022-04-14T22:01:38+00:00\" \/>\n<meta name=\"twitter:card\" content=\"summary_large_image\" \/>\n<meta name=\"twitter:label1\" content=\"Predpokladan\u00fd \u010das \u010d\u00edtania\" \/>\n\t<meta name=\"twitter:data1\" content=\"1 min\u00fata\" \/>\n<script type=\"application\/ld+json\" class=\"yoast-schema-graph\">{\"@context\":\"https:\/\/schema.org\",\"@graph\":[{\"@type\":\"WebPage\",\"@id\":\"https:\/\/www.srz-brezno.sk\/?page_id=2436\",\"url\":\"https:\/\/www.srz-brezno.sk\/?page_id=2436\",\"name\":\"Zoznam prihl\u00e1sen\u00fdch t\u00edmov - Mo SRZ Brezno\",\"isPartOf\":{\"@id\":\"https:\/\/www.srz-brezno.sk\/#website\"},\"datePublished\":\"2020-12-26T10:42:03+00:00\",\"dateModified\":\"2022-04-14T22:01:38+00:00\",\"breadcrumb\":{\"@id\":\"https:\/\/www.srz-brezno.sk\/?page_id=2436#breadcrumb\"},\"inLanguage\":\"sk-SK\",\"potentialAction\":[{\"@type\":\"ReadAction\",\"target\":[\"https:\/\/www.srz-brezno.sk\/?page_id=2436\"]}]},{\"@type\":\"BreadcrumbList\",\"@id\":\"https:\/\/www.srz-brezno.sk\/?page_id=2436#breadcrumb\",\"itemListElement\":[{\"@type\":\"ListItem\",\"position\":1,\"name\":\"Home\",\"item\":\"https:\/\/www.srz-brezno.sk\/\"},{\"@type\":\"ListItem\",\"position\":2,\"name\":\"Zoznam prihl\u00e1sen\u00fdch t\u00edmov\"}]},{\"@type\":\"WebSite\",\"@id\":\"https:\/\/www.srz-brezno.sk\/#website\",\"url\":\"https:\/\/www.srz-brezno.sk\/\",\"name\":\"Mo SRZ Brezno\",\"description\":\"Dr. Clementisa 1217\/5 Brezno 977 01\",\"publisher\":{\"@id\":\"https:\/\/www.srz-brezno.sk\/#organization\"},\"potentialAction\":[{\"@type\":\"SearchAction\",\"target\":{\"@type\":\"EntryPoint\",\"urlTemplate\":\"https:\/\/www.srz-brezno.sk\/?s={search_term_string}\"},\"query-input\":{\"@type\":\"PropertyValueSpecification\",\"valueRequired\":true,\"valueName\":\"search_term_string\"}}],\"inLanguage\":\"sk-SK\"},{\"@type\":\"Organization\",\"@id\":\"https:\/\/www.srz-brezno.sk\/#organization\",\"name\":\"Mo SRZ Brezno\",\"url\":\"https:\/\/www.srz-brezno.sk\/\",\"logo\":{\"@type\":\"ImageObject\",\"inLanguage\":\"sk-SK\",\"@id\":\"https:\/\/www.srz-brezno.sk\/#\/schema\/logo\/image\/\",\"url\":\"https:\/\/www.srz-brezno.sk\/wp-content\/uploads\/2020\/03\/Screenshot_15.jpg\",\"contentUrl\":\"https:\/\/www.srz-brezno.sk\/wp-content\/uploads\/2020\/03\/Screenshot_15.jpg\",\"width\":1121,\"height\":790,\"caption\":\"Mo SRZ Brezno\"},\"image\":{\"@id\":\"https:\/\/www.srz-brezno.sk\/#\/schema\/logo\/image\/\"},\"sameAs\":[\"https:\/\/www.facebook.com\/groups\/982456918436663\/?ref=bookmarks\"]}]}<\/script>\n<!-- \/ Yoast SEO plugin. -->","yoast_head_json":{"title":"Zoznam prihl\u00e1sen\u00fdch t\u00edmov - Mo SRZ Brezno","robots":{"index":"index","follow":"follow","max-snippet":"max-snippet:-1","max-image-preview":"max-image-preview:large","max-video-preview":"max-video-preview:-1"},"canonical":"https:\/\/www.srz-brezno.sk\/?page_id=2436","og_locale":"sk_SK","og_type":"article","og_title":"Zoznam prihl\u00e1sen\u00fdch t\u00edmov - Mo SRZ Brezno","og_description":"\u00a0 N\u00e1zov t\u00edmu Pretek\u00e1ri \u0160tartovn\u00e9 1. Hrom &amp; Duha Carp team J. Hrom\u00e1dka, E. Duhan uhraden\u00e9 2. Fishin team Brezno R. \u010cunderl\u00edk, P. Pokryva\u010d uhraden\u00e9 3. PVA Hydrospol team J. Harvanka, P. Harvanka uhraden\u00e9 4. PeMa Carp team M.Bo\u0161e\u013ea, P. Pohan\u010danik \u00a0uhraden\u00e9 5. HOREHRON Team P.Pletka, R.Mesiarkin Buvala,\u00a0 uhraden\u00e9 6. Mr. Carp &amp; PVA Hydrospol Pre\u010d\u00edta\u0165 viac o Zoznam prihl\u00e1sen\u00fdch t\u00edmov[&hellip;]","og_url":"https:\/\/www.srz-brezno.sk\/?page_id=2436","og_site_name":"Mo SRZ Brezno","article_publisher":"https:\/\/www.facebook.com\/groups\/982456918436663\/?ref=bookmarks","article_modified_time":"2022-04-14T22:01:38+00:00","twitter_card":"summary_large_image","twitter_misc":{"Predpokladan\u00fd \u010das \u010d\u00edtania":"1 min\u00fata"},"schema":{"@context":"https:\/\/schema.org","@graph":[{"@type":"WebPage","@id":"https:\/\/www.srz-brezno.sk\/?page_id=2436","url":"https:\/\/www.srz-brezno.sk\/?page_id=2436","name":"Zoznam prihl\u00e1sen\u00fdch t\u00edmov - Mo SRZ Brezno","isPartOf":{"@id":"https:\/\/www.srz-brezno.sk\/#website"},"datePublished":"2020-12-26T10:42:03+00:00","dateModified":"2022-04-14T22:01:38+00:00","breadcrumb":{"@id":"https:\/\/www.srz-brezno.sk\/?page_id=2436#breadcrumb"},"inLanguage":"sk-SK","potentialAction":[{"@type":"ReadAction","target":["https:\/\/www.srz-brezno.sk\/?page_id=2436"]}]},{"@type":"BreadcrumbList","@id":"https:\/\/www.srz-brezno.sk\/?page_id=2436#breadcrumb","itemListElement":[{"@type":"ListItem","position":1,"name":"Home","item":"https:\/\/www.srz-brezno.sk\/"},{"@type":"ListItem","position":2,"name":"Zoznam prihl\u00e1sen\u00fdch t\u00edmov"}]},{"@type":"WebSite","@id":"https:\/\/www.srz-brezno.sk\/#website","url":"https:\/\/www.srz-brezno.sk\/","name":"Mo SRZ Brezno","description":"Dr. Clementisa 1217\/5 Brezno 977 01","publisher":{"@id":"https:\/\/www.srz-brezno.sk\/#organization"},"potentialAction":[{"@type":"SearchAction","target":{"@type":"EntryPoint","urlTemplate":"https:\/\/www.srz-brezno.sk\/?s={search_term_string}"},"query-input":{"@type":"PropertyValueSpecification","valueRequired":true,"valueName":"search_term_string"}}],"inLanguage":"sk-SK"},{"@type":"Organization","@id":"https:\/\/www.srz-brezno.sk\/#organization","name":"Mo SRZ Brezno","url":"https:\/\/www.srz-brezno.sk\/","logo":{"@type":"ImageObject","inLanguage":"sk-SK","@id":"https:\/\/www.srz-brezno.sk\/#\/schema\/logo\/image\/","url":"https:\/\/www.srz-brezno.sk\/wp-content\/uploads\/2020\/03\/Screenshot_15.jpg","contentUrl":"https:\/\/www.srz-brezno.sk\/wp-content\/uploads\/2020\/03\/Screenshot_15.jpg","width":1121,"height":790,"caption":"Mo SRZ Brezno"},"image":{"@id":"https:\/\/www.srz-brezno.sk\/#\/schema\/logo\/image\/"},"sameAs":["https:\/\/www.facebook.com\/groups\/982456918436663\/?ref=bookmarks"]}]}},"_links":{"self":[{"href":"https:\/\/www.srz-brezno.sk\/index.php?rest_route=\/wp\/v2\/pages\/2436","targetHints":{"allow":["GET"]}}],"collection":[{"href":"https:\/\/www.srz-brezno.sk\/index.php?rest_route=\/wp\/v2\/pages"}],"about":[{"href":"https:\/\/www.srz-brezno.sk\/index.php?rest_route=\/wp\/v2\/types\/page"}],"author":[{"embeddable":true,"href":"https:\/\/www.srz-brezno.sk\/index.php?rest_route=\/wp\/v2\/users\/1"}],"replies":[{"embeddable":true,"href":"https:\/\/www.srz-brezno.sk\/index.php?rest_route=%2Fwp%2Fv2%2Fcomments&post=2436"}],"version-history":[{"count":26,"href":"https:\/\/www.srz-brezno.sk\/index.php?rest_route=\/wp\/v2\/pages\/2436\/revisions"}],"predecessor-version":[{"id":3220,"href":"https:\/\/www.srz-brezno.sk\/index.php?rest_route=\/wp\/v2\/pages\/2436\/revisions\/3220"}],"wp:attachment":[{"href":"https:\/\/www.srz-brezno.sk\/index.php?rest_route=%2Fwp%2Fv2%2Fmedia&parent=2436"}],"curies":[{"name":"wp","href":"https:\/\/api.w.org\/{rel}","templated":true}]}}