{"id":3141,"date":"2022-04-10T15:25:51","date_gmt":"2022-04-10T13:25:51","guid":{"rendered":"https:\/\/www.srz-brezno.sk\/?page_id=3141"},"modified":"2022-04-17T19:18:46","modified_gmt":"2022-04-17T17:18:46","slug":"zoznam-prihlasenych-timov-2","status":"publish","type":"page","link":"https:\/\/www.srz-brezno.sk\/?page_id=3141","title":{"rendered":"Zoznam prihl\u00e1sen\u00fdch t\u00edmov"},"content":{"rendered":"\n<table style=\"border-collapse: collapse; width: 94.6552%; height: 406px;\">\n<tbody>\n<tr style=\"height: 86px;\">\n<td style=\"width: 8.85054%; height: 86px;\">\u00a0<\/td>\n<td style=\"width: 36.2069%; height: 86px; text-align: center;\">\n<h4>N\u00e1zov t\u00edmu<\/h4>\n<\/td>\n<td style=\"width: 27.8695%; text-align: center; height: 86px;\"><strong>\u010cLEN<\/strong><\/td>\n<td style=\"width: 32.8202%; height: 86px; text-align: center;\"><strong>\u010cLEN<\/strong><\/td>\n<\/tr>\n<tr style=\"height: 23px;\">\n<td style=\"width: 8.85054%; text-align: center; height: 23px;\"><strong>1<\/strong><\/td>\n<td style=\"width: 36.2069%; height: 23px; text-align: center;\"><span style=\"color: #ff0000;\">SVAN CARP TEAM<\/span><\/td>\n<td style=\"width: 27.8695%; height: 23px; text-align: center;\" width=\"160\">Svetl\u00e1k Franti\u0161ek<\/td>\n<td style=\"width: 32.8202%; height: 23px; text-align: center;\" width=\"163\">Vajs Jaroslav<\/td>\n<\/tr>\n<tr style=\"height: 23px;\">\n<td style=\"width: 8.85054%; text-align: center; height: 23px;\"><strong>2<\/strong><\/td>\n<td style=\"width: 36.2069%; height: 23px; text-align: center;\"><span style=\"color: #ff0000;\">HROM &amp; D\u00daHA TEAM<\/span><\/td>\n<td style=\"width: 27.8695%; height: 23px; text-align: center;\" width=\"160\">Duhan Erik<\/td>\n<td style=\"width: 32.8202%; height: 23px; text-align: center;\" width=\"163\">Hrom\u00e1dka Jozef<\/td>\n<\/tr>\n<tr style=\"height: 23px;\">\n<td style=\"width: 8.85054%; text-align: center; height: 23px;\"><strong>3<\/strong><\/td>\n<td style=\"width: 36.2069%; height: 23px; text-align: center;\"><span style=\"color: #ff0000;\">FISHIN TEAM Brezno<\/span><\/td>\n<td style=\"width: 27.8695%; height: 23px; text-align: center;\" width=\"160\">\u010cunderl\u00edk Richard<\/td>\n<td style=\"width: 32.8202%; height: 23px; text-align: center;\" width=\"163\">Pokr\u00fdva\u010d Peter<\/td>\n<\/tr>\n<tr style=\"height: 23px;\">\n<td style=\"width: 8.85054%; text-align: center; height: 23px;\"><strong>4<\/strong><\/td>\n<td style=\"width: 36.2069%; height: 23px; text-align: center;\"><span style=\"color: #ff0000;\">PeMa TEAM<\/span><\/td>\n<td style=\"width: 27.8695%; text-align: center;\" width=\"160\">Bo\u0161e\u013ea Mat\u00fa\u0161<\/td>\n<td style=\"width: 32.8202%; text-align: center;\" width=\"163\">Pohan\u010danik Peter<\/td>\n<\/tr>\n<tr style=\"height: 23px;\">\n<td style=\"width: 8.85054%; text-align: center; height: 23px;\"><strong>5<\/strong><\/td>\n<td style=\"width: 36.2069%; height: 23px; text-align: center;\"><span style=\"color: #ff0000;\">TOBI FISH TEAM<\/span><\/td>\n<td style=\"width: 27.8695%; text-align: center;\" width=\"160\">Babni\u010d Pavol<\/td>\n<td style=\"width: 32.8202%; text-align: center;\" width=\"163\">Rafaj Matej<\/td>\n<\/tr>\n<tr style=\"height: 23px;\">\n<td style=\"width: 8.85054%; text-align: center; height: 23px;\"><strong>6<\/strong><\/td>\n<td style=\"width: 36.2069%; height: 23px; text-align: center;\"><span style=\"color: #ff0000;\">KOH\u00daT &amp; HAZ\u00c1K TEAM<\/span><\/td>\n<td style=\"width: 27.8695%; text-align: center;\" width=\"160\">Haz\u00e1k Matej<\/td>\n<td style=\"width: 32.8202%; text-align: center;\" width=\"163\">Koh\u00fat Peter<\/td>\n<\/tr>\n<tr style=\"height: 23px;\">\n<td style=\"width: 8.85054%; text-align: center; height: 23px;\"><strong>7<\/strong><\/td>\n<td style=\"width: 36.2069%; height: 23px; text-align: center;\"><span style=\"color: #ff0000;\">HOREHRON CARP TEAM<\/span><\/td>\n<td style=\"width: 27.8695%; text-align: center;\" width=\"160\">Buvala Martin<\/td>\n<td style=\"width: 32.8202%; text-align: center;\" width=\"163\">Pletka Peter<\/td>\n<\/tr>\n<tr style=\"height: 23px;\">\n<td style=\"width: 8.85054%; text-align: center; height: 23px;\"><strong>8<\/strong><\/td>\n<td style=\"width: 36.2069%; height: 23px; text-align: center;\"><span style=\"color: #ff0000;\">HOREHRONSK\u00c9 VYDRY<\/span><\/td>\n<td style=\"width: 27.8695%; text-align: center;\" width=\"160\">Rosina Daniel<\/td>\n<td style=\"width: 32.8202%; text-align: center;\" width=\"163\">Michalko Pavol<\/td>\n<\/tr>\n<tr style=\"height: 21px;\">\n<td style=\"width: 8.85054%; text-align: center; height: 21px;\"><strong>9<\/strong><\/td>\n<td style=\"width: 36.2069%; height: 21px; text-align: center;\"><span style=\"color: #ff0000;\">Z\u00c1ZRAK CARP TEAM<\/span><\/td>\n<td style=\"width: 27.8695%; text-align: center;\" width=\"160\">Horansk\u00fd J\u00e1n<\/td>\n<td style=\"width: 32.8202%; text-align: center;\" width=\"163\">\u0160vantner Zdeno<\/td>\n<\/tr>\n<tr style=\"height: 23px;\">\n<td style=\"width: 8.85054%; text-align: center; height: 23px;\"><strong>10<\/strong><\/td>\n<td style=\"width: 36.2069%; text-align: center; height: 23px;\"><span style=\"color: #ff0000;\">PVA HYDROSPOL TEAM<\/span><\/td>\n<td style=\"width: 27.8695%; text-align: center;\" width=\"160\">Harvanka J\u00e1n<\/td>\n<td style=\"width: 32.8202%; text-align: center;\" width=\"163\">Harvanka Patrik<\/td>\n<\/tr>\n<tr style=\"height: 23px;\">\n<td style=\"width: 8.85054%; text-align: center; height: 23px;\"><strong>11<\/strong><\/td>\n<td style=\"width: 36.2069%; text-align: center; height: 23px;\"><span style=\"color: #ff0000;\">M&amp;Ms TEAM<\/span><\/td>\n<td style=\"width: 27.8695%; text-align: center;\" width=\"160\">Hr\u010d\u00e1k\u00a0 Matej<\/td>\n<td style=\"width: 32.8202%; text-align: center;\" width=\"163\">Pichnar\u010d\u00edk\u00a0 Maro\u0161<\/td>\n<\/tr>\n<tr style=\"height: 23px;\">\n<td style=\"width: 8.85054%; text-align: center; height: 23px;\"><strong>12<\/strong><\/td>\n<td style=\"width: 36.2069%; text-align: center; height: 23px;\"><span style=\"color: #ff0000;\">HAM\u00c1CI<\/span><\/td>\n<td style=\"width: 27.8695%; text-align: center;\" width=\"160\">Piliar Jozef<\/td>\n<td style=\"width: 32.8202%; text-align: center;\" width=\"163\">Haz\u00e1k\u00a0 Marian<\/td>\n<\/tr>\n<tr style=\"height: 23px;\">\n<td style=\"width: 8.85054%; text-align: center; height: 23px;\"><strong>13<\/strong><\/td>\n<td style=\"width: 36.2069%; text-align: center; height: 23px;\"><span style=\"color: #ff0000;\">BIG CARP TEAM<\/span><\/td>\n<td style=\"width: 27.8695%; text-align: center;\" width=\"160\">\u013dupt\u00e1k Vladim\u00edr<\/td>\n<td style=\"width: 32.8202%; text-align: center;\" width=\"163\">Vrbovsk\u00fd Jaroslav<\/td>\n<\/tr>\n<tr style=\"height: 23px;\">\n<td style=\"width: 8.85054%; text-align: center; height: 23px;\"><strong>14<\/strong><\/td>\n<td style=\"width: 36.2069%; text-align: center; height: 23px;\"><span style=\"color: #ff0000;\">CAPRO\u0160O TEAM<\/span><\/td>\n<td style=\"width: 27.8695%; text-align: center;\" width=\"160\">Tur\u010din Jaroslav<\/td>\n<td style=\"width: 32.8202%; text-align: center;\" width=\"163\">\u010eurica Marek<\/td>\n<\/tr>\n<\/tbody>\n<\/table>\n","protected":false},"excerpt":{"rendered":"<p>\u00a0 N\u00e1zov t\u00edmu \u010cLEN \u010cLEN 1 SVAN CARP TEAM Svetl\u00e1k Franti\u0161ek Vajs Jaroslav 2 HROM &amp; D\u00daHA TEAM Duhan Erik Hrom\u00e1dka Jozef 3 FISHIN TEAM Brezno \u010cunderl\u00edk Richard Pokr\u00fdva\u010d Peter 4 PeMa TEAM Bo\u0161e\u013ea Mat\u00fa\u0161 Pohan\u010danik Peter 5 TOBI FISH TEAM Babni\u010d Pavol Rafaj Matej 6 KOH\u00daT &amp; HAZ\u00c1K TEAM Haz\u00e1k Matej Koh\u00fat Peter 7 <a href=\"https:\/\/www.srz-brezno.sk\/?page_id=3141\" rel=\"nofollow\"><span class=\"sr-only\">Pre\u010d\u00edta\u0165 viac o Zoznam prihl\u00e1sen\u00fdch t\u00edmov<\/span>[&hellip;]<\/a><\/p>\n","protected":false},"author":1,"featured_media":0,"parent":0,"menu_order":0,"comment_status":"closed","ping_status":"closed","template":"","meta":{"footnotes":""},"class_list":["post-3141","page","type-page","status-publish","hentry"],"yoast_head":"<!-- This site is optimized with the Yoast SEO plugin v26.8 - https:\/\/yoast.com\/product\/yoast-seo-wordpress\/ -->\n<title>Zoznam prihl\u00e1sen\u00fdch t\u00edmov - Mo SRZ Brezno<\/title>\n<meta name=\"robots\" content=\"index, follow, max-snippet:-1, max-image-preview:large, max-video-preview:-1\" \/>\n<link rel=\"canonical\" href=\"https:\/\/www.srz-brezno.sk\/?page_id=3141\" \/>\n<meta property=\"og:locale\" content=\"sk_SK\" \/>\n<meta property=\"og:type\" content=\"article\" \/>\n<meta property=\"og:title\" content=\"Zoznam prihl\u00e1sen\u00fdch t\u00edmov - Mo SRZ Brezno\" \/>\n<meta property=\"og:description\" content=\"\u00a0 N\u00e1zov t\u00edmu \u010cLEN \u010cLEN 1 SVAN CARP TEAM Svetl\u00e1k Franti\u0161ek Vajs Jaroslav 2 HROM &amp; D\u00daHA TEAM Duhan Erik Hrom\u00e1dka Jozef 3 FISHIN TEAM Brezno \u010cunderl\u00edk Richard Pokr\u00fdva\u010d Peter 4 PeMa TEAM Bo\u0161e\u013ea Mat\u00fa\u0161 Pohan\u010danik Peter 5 TOBI FISH TEAM Babni\u010d Pavol Rafaj Matej 6 KOH\u00daT &amp; HAZ\u00c1K TEAM Haz\u00e1k Matej Koh\u00fat Peter 7 Pre\u010d\u00edta\u0165 viac o Zoznam prihl\u00e1sen\u00fdch t\u00edmov[&hellip;]\" \/>\n<meta property=\"og:url\" content=\"https:\/\/www.srz-brezno.sk\/?page_id=3141\" \/>\n<meta property=\"og:site_name\" content=\"Mo SRZ Brezno\" \/>\n<meta property=\"article:publisher\" content=\"https:\/\/www.facebook.com\/groups\/982456918436663\/?ref=bookmarks\" \/>\n<meta property=\"article:modified_time\" content=\"2022-04-17T17:18:46+00:00\" \/>\n<meta name=\"twitter:card\" content=\"summary_large_image\" \/>\n<meta name=\"twitter:label1\" content=\"Predpokladan\u00fd \u010das \u010d\u00edtania\" \/>\n\t<meta name=\"twitter:data1\" content=\"1 min\u00fata\" \/>\n<script type=\"application\/ld+json\" class=\"yoast-schema-graph\">{\"@context\":\"https:\/\/schema.org\",\"@graph\":[{\"@type\":\"WebPage\",\"@id\":\"https:\/\/www.srz-brezno.sk\/?page_id=3141\",\"url\":\"https:\/\/www.srz-brezno.sk\/?page_id=3141\",\"name\":\"Zoznam prihl\u00e1sen\u00fdch t\u00edmov - Mo SRZ Brezno\",\"isPartOf\":{\"@id\":\"https:\/\/www.srz-brezno.sk\/#website\"},\"datePublished\":\"2022-04-10T13:25:51+00:00\",\"dateModified\":\"2022-04-17T17:18:46+00:00\",\"breadcrumb\":{\"@id\":\"https:\/\/www.srz-brezno.sk\/?page_id=3141#breadcrumb\"},\"inLanguage\":\"sk-SK\",\"potentialAction\":[{\"@type\":\"ReadAction\",\"target\":[\"https:\/\/www.srz-brezno.sk\/?page_id=3141\"]}]},{\"@type\":\"BreadcrumbList\",\"@id\":\"https:\/\/www.srz-brezno.sk\/?page_id=3141#breadcrumb\",\"itemListElement\":[{\"@type\":\"ListItem\",\"position\":1,\"name\":\"Home\",\"item\":\"https:\/\/www.srz-brezno.sk\/\"},{\"@type\":\"ListItem\",\"position\":2,\"name\":\"Zoznam prihl\u00e1sen\u00fdch t\u00edmov\"}]},{\"@type\":\"WebSite\",\"@id\":\"https:\/\/www.srz-brezno.sk\/#website\",\"url\":\"https:\/\/www.srz-brezno.sk\/\",\"name\":\"Mo SRZ Brezno\",\"description\":\"Dr. Clementisa 1217\/5 Brezno 977 01\",\"publisher\":{\"@id\":\"https:\/\/www.srz-brezno.sk\/#organization\"},\"potentialAction\":[{\"@type\":\"SearchAction\",\"target\":{\"@type\":\"EntryPoint\",\"urlTemplate\":\"https:\/\/www.srz-brezno.sk\/?s={search_term_string}\"},\"query-input\":{\"@type\":\"PropertyValueSpecification\",\"valueRequired\":true,\"valueName\":\"search_term_string\"}}],\"inLanguage\":\"sk-SK\"},{\"@type\":\"Organization\",\"@id\":\"https:\/\/www.srz-brezno.sk\/#organization\",\"name\":\"Mo SRZ Brezno\",\"url\":\"https:\/\/www.srz-brezno.sk\/\",\"logo\":{\"@type\":\"ImageObject\",\"inLanguage\":\"sk-SK\",\"@id\":\"https:\/\/www.srz-brezno.sk\/#\/schema\/logo\/image\/\",\"url\":\"https:\/\/www.srz-brezno.sk\/wp-content\/uploads\/2020\/03\/Screenshot_15.jpg\",\"contentUrl\":\"https:\/\/www.srz-brezno.sk\/wp-content\/uploads\/2020\/03\/Screenshot_15.jpg\",\"width\":1121,\"height\":790,\"caption\":\"Mo SRZ Brezno\"},\"image\":{\"@id\":\"https:\/\/www.srz-brezno.sk\/#\/schema\/logo\/image\/\"},\"sameAs\":[\"https:\/\/www.facebook.com\/groups\/982456918436663\/?ref=bookmarks\"]}]}<\/script>\n<!-- \/ Yoast SEO plugin. -->","yoast_head_json":{"title":"Zoznam prihl\u00e1sen\u00fdch t\u00edmov - Mo SRZ Brezno","robots":{"index":"index","follow":"follow","max-snippet":"max-snippet:-1","max-image-preview":"max-image-preview:large","max-video-preview":"max-video-preview:-1"},"canonical":"https:\/\/www.srz-brezno.sk\/?page_id=3141","og_locale":"sk_SK","og_type":"article","og_title":"Zoznam prihl\u00e1sen\u00fdch t\u00edmov - Mo SRZ Brezno","og_description":"\u00a0 N\u00e1zov t\u00edmu \u010cLEN \u010cLEN 1 SVAN CARP TEAM Svetl\u00e1k Franti\u0161ek Vajs Jaroslav 2 HROM &amp; D\u00daHA TEAM Duhan Erik Hrom\u00e1dka Jozef 3 FISHIN TEAM Brezno \u010cunderl\u00edk Richard Pokr\u00fdva\u010d Peter 4 PeMa TEAM Bo\u0161e\u013ea Mat\u00fa\u0161 Pohan\u010danik Peter 5 TOBI FISH TEAM Babni\u010d Pavol Rafaj Matej 6 KOH\u00daT &amp; HAZ\u00c1K TEAM Haz\u00e1k Matej Koh\u00fat Peter 7 Pre\u010d\u00edta\u0165 viac o Zoznam prihl\u00e1sen\u00fdch t\u00edmov[&hellip;]","og_url":"https:\/\/www.srz-brezno.sk\/?page_id=3141","og_site_name":"Mo SRZ Brezno","article_publisher":"https:\/\/www.facebook.com\/groups\/982456918436663\/?ref=bookmarks","article_modified_time":"2022-04-17T17:18:46+00:00","twitter_card":"summary_large_image","twitter_misc":{"Predpokladan\u00fd \u010das \u010d\u00edtania":"1 min\u00fata"},"schema":{"@context":"https:\/\/schema.org","@graph":[{"@type":"WebPage","@id":"https:\/\/www.srz-brezno.sk\/?page_id=3141","url":"https:\/\/www.srz-brezno.sk\/?page_id=3141","name":"Zoznam prihl\u00e1sen\u00fdch t\u00edmov - Mo SRZ Brezno","isPartOf":{"@id":"https:\/\/www.srz-brezno.sk\/#website"},"datePublished":"2022-04-10T13:25:51+00:00","dateModified":"2022-04-17T17:18:46+00:00","breadcrumb":{"@id":"https:\/\/www.srz-brezno.sk\/?page_id=3141#breadcrumb"},"inLanguage":"sk-SK","potentialAction":[{"@type":"ReadAction","target":["https:\/\/www.srz-brezno.sk\/?page_id=3141"]}]},{"@type":"BreadcrumbList","@id":"https:\/\/www.srz-brezno.sk\/?page_id=3141#breadcrumb","itemListElement":[{"@type":"ListItem","position":1,"name":"Home","item":"https:\/\/www.srz-brezno.sk\/"},{"@type":"ListItem","position":2,"name":"Zoznam prihl\u00e1sen\u00fdch t\u00edmov"}]},{"@type":"WebSite","@id":"https:\/\/www.srz-brezno.sk\/#website","url":"https:\/\/www.srz-brezno.sk\/","name":"Mo SRZ Brezno","description":"Dr. Clementisa 1217\/5 Brezno 977 01","publisher":{"@id":"https:\/\/www.srz-brezno.sk\/#organization"},"potentialAction":[{"@type":"SearchAction","target":{"@type":"EntryPoint","urlTemplate":"https:\/\/www.srz-brezno.sk\/?s={search_term_string}"},"query-input":{"@type":"PropertyValueSpecification","valueRequired":true,"valueName":"search_term_string"}}],"inLanguage":"sk-SK"},{"@type":"Organization","@id":"https:\/\/www.srz-brezno.sk\/#organization","name":"Mo SRZ Brezno","url":"https:\/\/www.srz-brezno.sk\/","logo":{"@type":"ImageObject","inLanguage":"sk-SK","@id":"https:\/\/www.srz-brezno.sk\/#\/schema\/logo\/image\/","url":"https:\/\/www.srz-brezno.sk\/wp-content\/uploads\/2020\/03\/Screenshot_15.jpg","contentUrl":"https:\/\/www.srz-brezno.sk\/wp-content\/uploads\/2020\/03\/Screenshot_15.jpg","width":1121,"height":790,"caption":"Mo SRZ Brezno"},"image":{"@id":"https:\/\/www.srz-brezno.sk\/#\/schema\/logo\/image\/"},"sameAs":["https:\/\/www.facebook.com\/groups\/982456918436663\/?ref=bookmarks"]}]}},"_links":{"self":[{"href":"https:\/\/www.srz-brezno.sk\/index.php?rest_route=\/wp\/v2\/pages\/3141","targetHints":{"allow":["GET"]}}],"collection":[{"href":"https:\/\/www.srz-brezno.sk\/index.php?rest_route=\/wp\/v2\/pages"}],"about":[{"href":"https:\/\/www.srz-brezno.sk\/index.php?rest_route=\/wp\/v2\/types\/page"}],"author":[{"embeddable":true,"href":"https:\/\/www.srz-brezno.sk\/index.php?rest_route=\/wp\/v2\/users\/1"}],"replies":[{"embeddable":true,"href":"https:\/\/www.srz-brezno.sk\/index.php?rest_route=%2Fwp%2Fv2%2Fcomments&post=3141"}],"version-history":[{"count":3,"href":"https:\/\/www.srz-brezno.sk\/index.php?rest_route=\/wp\/v2\/pages\/3141\/revisions"}],"predecessor-version":[{"id":3252,"href":"https:\/\/www.srz-brezno.sk\/index.php?rest_route=\/wp\/v2\/pages\/3141\/revisions\/3252"}],"wp:attachment":[{"href":"https:\/\/www.srz-brezno.sk\/index.php?rest_route=%2Fwp%2Fv2%2Fmedia&parent=3141"}],"curies":[{"name":"wp","href":"https:\/\/api.w.org\/{rel}","templated":true}]}}