{"id":33,"date":"2020-02-12T16:25:12","date_gmt":"2020-02-12T16:25:12","guid":{"rendered":"http:\/\/www.srz-brezno.sk\/?page_id=33"},"modified":"2026-03-31T08:17:35","modified_gmt":"2026-03-31T06:17:35","slug":"kontakty","status":"publish","type":"page","link":"https:\/\/www.srz-brezno.sk\/?page_id=33","title":{"rendered":"Kontakty"},"content":{"rendered":"\n<p><\/p>\n\n\n\n<h4 class=\"wp-block-heading\"><strong>Adresa :<\/strong><\/h4>\n\n\n\n<div class=\"wp-block-group\"><div class=\"wp-block-group__inner-container is-layout-flow wp-block-group-is-layout-flow\">\n<p>Dr. Clementisa 1217\/5<br>97701 Brezno<br>P.O.Box 40 <br>mail : srzbrezno@gmail.com <\/p>\n\n\n\n<p>I\u010cO :  1782090603 <\/p>\n\n\n\n<p>DI\u010c :  2021171163<\/p>\n<\/div><\/div>\n\n\n\n<p>IBAN :  SK 8075000000004009751626 <\/p>\n\n\n\n<p><\/p>\n\n\n\n<p><\/p>\n\n\n\n<p><\/p>\n\n\n\n<p><\/p>\n\n\n\n<h4 class=\"wp-block-heading\"><strong>\u010clenovia v\u00fdboru :<\/strong><\/h4>\n\n\n\n<p><\/p>\n\n\n\n<p><strong>Predseda :<\/strong> Ing. V\u00e1clav RIAPO\u0160<br> Kr\u00ed\u017ena \u010d. 241\/57,  976 68  He\u013epa  <br> 0908 093 765, vaclav.riapos@gmail.com<\/p>\n\n\n\n<p><strong>Podpredseda:<\/strong> \u0160imon Lepko<br> \u0160t\u00farova 981\/14, 977 01 Brezno<br> 0905 398 301, simon.lepko@gmail.com <\/p>\n\n\n\n<p><strong>Tajomn\u00edk:<\/strong> Rastislav BALCAR,<br> MP\u010cL 19, 977 01 Brezno<br> 0907 220 782, rbalcar@zoznam.sk <\/p>\n\n\n\n<p><strong>Hlavn\u00fd hospod\u00e1r:<\/strong> Ivan NOSKO <br> \u0160portov\u00e1 30, 97667 Z\u00e1vadka nad Hronom<br> 0903 550 723, noskoivan@azet.sk <br> <br><strong>\u00da\u010dtovn\u00edk:<\/strong> Ing. Rafael AMBROS<br> Brezensk\u00e1 2, 977 01 Brezno<br> 0905 622 448, ambros.raf@gmail.com<br> <br> <strong>Ved\u00faci ryb\u00e1rskej str\u00e1\u017ee:<\/strong> Eugen Dull<br> Bac\u00fach \u010d. 294, 976 65<br>  0905 938 026, bleko11@azet.sk<br> <br><strong>Pomocn\u00fd hospod\u00e1r:<\/strong> Michal RUSKO <br> Fu\u010d\u00edkova 13, 977 01 Brezno <br> 0911 702 303, ruskomichal76@gmail.com <br> <br><strong>Brig\u00e1dnicky referent:<\/strong> Ing. Adam Hyriak<br> \u0160t\u00farova \u010d. 12, Brezno 977 01<br> 0902 485 971, adam@hyriak.sk<br> <br><strong>Ochrana vodn\u00fdch tokov, \u010distota \u017eivotn\u00e9ho prostredia, vodn\u00fdch \u017eivo\u010d\u00edchov, monitoring MVE. Pr\u00e1ca s de\u0165mi a ml\u00e1de\u017eou, enviroment\u00e1lne \u0161kolenie<\/strong> <strong>:<\/strong> Erik DUHAN<br> Vagn\u00e1rska 8. 977 01 Zadn\u00e9 Halny &#8211; Brezno <br> 0905 606 344, motorest@motostop.sk <br> <br><strong>Predseda kontrolnej komisie:<\/strong> PhDr. Miroslav GLEMBEK<br> Kozmonautov 4, 977 01 Brezno<br> 0911 209 005, riaditel@gymbrezno.edu.sk<br> <br><strong>Predseda disciplin\u00e1rnej komisie:<\/strong> Ing. J\u00e1n HRU\u0160KA<br> Hviezdoslavova 90, 976 67 Z\u00e1vadka nad Hronom<br> 0911 659 777, jan.hruska45@gmail.com<\/p>\n\n\n\n<p><br><\/p>\n","protected":false},"excerpt":{"rendered":"<p>Adresa : Dr. Clementisa 1217\/597701 BreznoP.O.Box 40 mail : srzbrezno@gmail.com I\u010cO : 1782090603 DI\u010c : 2021171163 IBAN : SK 8075000000004009751626 \u010clenovia v\u00fdboru : Predseda : Ing. V\u00e1clav RIAPO\u0160 Kr\u00ed\u017ena \u010d. 241\/57, 976 68 He\u013epa 0908 093 765, vaclav.riapos@gmail.com Podpredseda: \u0160imon Lepko \u0160t\u00farova 981\/14, 977 01 Brezno 0905 398 301, simon.lepko@gmail.com Tajomn\u00edk: Rastislav BALCAR, MP\u010cL 19, <a href=\"https:\/\/www.srz-brezno.sk\/?page_id=33\" rel=\"nofollow\"><span class=\"sr-only\">Pre\u010d\u00edta\u0165 viac o Kontakty<\/span>[&hellip;]<\/a><\/p>\n","protected":false},"author":1,"featured_media":3190,"parent":0,"menu_order":0,"comment_status":"closed","ping_status":"closed","template":"","meta":{"footnotes":""},"class_list":["post-33","page","type-page","status-publish","has-post-thumbnail","hentry"],"yoast_head":"<!-- This site is optimized with the Yoast SEO plugin v26.8 - https:\/\/yoast.com\/product\/yoast-seo-wordpress\/ -->\n<title>Kontakty - Mo SRZ Brezno<\/title>\n<meta name=\"robots\" content=\"index, follow, max-snippet:-1, max-image-preview:large, max-video-preview:-1\" \/>\n<link rel=\"canonical\" href=\"https:\/\/www.srz-brezno.sk\/?page_id=33\" \/>\n<meta property=\"og:locale\" content=\"sk_SK\" \/>\n<meta property=\"og:type\" content=\"article\" \/>\n<meta property=\"og:title\" content=\"Kontakty - Mo SRZ Brezno\" \/>\n<meta property=\"og:description\" content=\"Adresa : Dr. Clementisa 1217\/597701 BreznoP.O.Box 40 mail : srzbrezno@gmail.com I\u010cO : 1782090603 DI\u010c : 2021171163 IBAN : SK 8075000000004009751626 \u010clenovia v\u00fdboru : Predseda : Ing. V\u00e1clav RIAPO\u0160 Kr\u00ed\u017ena \u010d. 241\/57, 976 68 He\u013epa 0908 093 765, vaclav.riapos@gmail.com Podpredseda: \u0160imon Lepko \u0160t\u00farova 981\/14, 977 01 Brezno 0905 398 301, simon.lepko@gmail.com Tajomn\u00edk: Rastislav BALCAR, MP\u010cL 19, Pre\u010d\u00edta\u0165 viac o Kontakty[&hellip;]\" \/>\n<meta property=\"og:url\" content=\"https:\/\/www.srz-brezno.sk\/?page_id=33\" \/>\n<meta property=\"og:site_name\" content=\"Mo SRZ Brezno\" \/>\n<meta property=\"article:publisher\" content=\"https:\/\/www.facebook.com\/groups\/982456918436663\/?ref=bookmarks\" \/>\n<meta property=\"article:modified_time\" content=\"2026-03-31T06:17:35+00:00\" \/>\n<meta property=\"og:image\" content=\"https:\/\/www.srz-brezno.sk\/wp-content\/uploads\/2022\/04\/tm.jpg\" \/>\n\t<meta property=\"og:image:width\" content=\"640\" \/>\n\t<meta property=\"og:image:height\" content=\"360\" \/>\n\t<meta property=\"og:image:type\" content=\"image\/jpeg\" \/>\n<meta name=\"twitter:card\" content=\"summary_large_image\" \/>\n<meta name=\"twitter:label1\" content=\"Predpokladan\u00fd \u010das \u010d\u00edtania\" \/>\n\t<meta name=\"twitter:data1\" content=\"2 min\u00faty\" \/>\n<script type=\"application\/ld+json\" class=\"yoast-schema-graph\">{\"@context\":\"https:\/\/schema.org\",\"@graph\":[{\"@type\":\"WebPage\",\"@id\":\"https:\/\/www.srz-brezno.sk\/?page_id=33\",\"url\":\"https:\/\/www.srz-brezno.sk\/?page_id=33\",\"name\":\"Kontakty - Mo SRZ Brezno\",\"isPartOf\":{\"@id\":\"https:\/\/www.srz-brezno.sk\/#website\"},\"primaryImageOfPage\":{\"@id\":\"https:\/\/www.srz-brezno.sk\/?page_id=33#primaryimage\"},\"image\":{\"@id\":\"https:\/\/www.srz-brezno.sk\/?page_id=33#primaryimage\"},\"thumbnailUrl\":\"https:\/\/www.srz-brezno.sk\/wp-content\/uploads\/2022\/04\/tm.jpg\",\"datePublished\":\"2020-02-12T16:25:12+00:00\",\"dateModified\":\"2026-03-31T06:17:35+00:00\",\"breadcrumb\":{\"@id\":\"https:\/\/www.srz-brezno.sk\/?page_id=33#breadcrumb\"},\"inLanguage\":\"sk-SK\",\"potentialAction\":[{\"@type\":\"ReadAction\",\"target\":[\"https:\/\/www.srz-brezno.sk\/?page_id=33\"]}]},{\"@type\":\"ImageObject\",\"inLanguage\":\"sk-SK\",\"@id\":\"https:\/\/www.srz-brezno.sk\/?page_id=33#primaryimage\",\"url\":\"https:\/\/www.srz-brezno.sk\/wp-content\/uploads\/2022\/04\/tm.jpg\",\"contentUrl\":\"https:\/\/www.srz-brezno.sk\/wp-content\/uploads\/2022\/04\/tm.jpg\",\"width\":640,\"height\":360},{\"@type\":\"BreadcrumbList\",\"@id\":\"https:\/\/www.srz-brezno.sk\/?page_id=33#breadcrumb\",\"itemListElement\":[{\"@type\":\"ListItem\",\"position\":1,\"name\":\"Home\",\"item\":\"https:\/\/www.srz-brezno.sk\/\"},{\"@type\":\"ListItem\",\"position\":2,\"name\":\"Kontakty\"}]},{\"@type\":\"WebSite\",\"@id\":\"https:\/\/www.srz-brezno.sk\/#website\",\"url\":\"https:\/\/www.srz-brezno.sk\/\",\"name\":\"Mo SRZ Brezno\",\"description\":\"Dr. Clementisa 1217\/5 Brezno 977 01\",\"publisher\":{\"@id\":\"https:\/\/www.srz-brezno.sk\/#organization\"},\"potentialAction\":[{\"@type\":\"SearchAction\",\"target\":{\"@type\":\"EntryPoint\",\"urlTemplate\":\"https:\/\/www.srz-brezno.sk\/?s={search_term_string}\"},\"query-input\":{\"@type\":\"PropertyValueSpecification\",\"valueRequired\":true,\"valueName\":\"search_term_string\"}}],\"inLanguage\":\"sk-SK\"},{\"@type\":\"Organization\",\"@id\":\"https:\/\/www.srz-brezno.sk\/#organization\",\"name\":\"Mo SRZ Brezno\",\"url\":\"https:\/\/www.srz-brezno.sk\/\",\"logo\":{\"@type\":\"ImageObject\",\"inLanguage\":\"sk-SK\",\"@id\":\"https:\/\/www.srz-brezno.sk\/#\/schema\/logo\/image\/\",\"url\":\"https:\/\/www.srz-brezno.sk\/wp-content\/uploads\/2020\/03\/Screenshot_15.jpg\",\"contentUrl\":\"https:\/\/www.srz-brezno.sk\/wp-content\/uploads\/2020\/03\/Screenshot_15.jpg\",\"width\":1121,\"height\":790,\"caption\":\"Mo SRZ Brezno\"},\"image\":{\"@id\":\"https:\/\/www.srz-brezno.sk\/#\/schema\/logo\/image\/\"},\"sameAs\":[\"https:\/\/www.facebook.com\/groups\/982456918436663\/?ref=bookmarks\"]}]}<\/script>\n<!-- \/ Yoast SEO plugin. -->","yoast_head_json":{"title":"Kontakty - Mo SRZ Brezno","robots":{"index":"index","follow":"follow","max-snippet":"max-snippet:-1","max-image-preview":"max-image-preview:large","max-video-preview":"max-video-preview:-1"},"canonical":"https:\/\/www.srz-brezno.sk\/?page_id=33","og_locale":"sk_SK","og_type":"article","og_title":"Kontakty - Mo SRZ Brezno","og_description":"Adresa : Dr. Clementisa 1217\/597701 BreznoP.O.Box 40 mail : srzbrezno@gmail.com I\u010cO : 1782090603 DI\u010c : 2021171163 IBAN : SK 8075000000004009751626 \u010clenovia v\u00fdboru : Predseda : Ing. V\u00e1clav RIAPO\u0160 Kr\u00ed\u017ena \u010d. 241\/57, 976 68 He\u013epa 0908 093 765, vaclav.riapos@gmail.com Podpredseda: \u0160imon Lepko \u0160t\u00farova 981\/14, 977 01 Brezno 0905 398 301, simon.lepko@gmail.com Tajomn\u00edk: Rastislav BALCAR, MP\u010cL 19, Pre\u010d\u00edta\u0165 viac o Kontakty[&hellip;]","og_url":"https:\/\/www.srz-brezno.sk\/?page_id=33","og_site_name":"Mo SRZ Brezno","article_publisher":"https:\/\/www.facebook.com\/groups\/982456918436663\/?ref=bookmarks","article_modified_time":"2026-03-31T06:17:35+00:00","og_image":[{"width":640,"height":360,"url":"https:\/\/www.srz-brezno.sk\/wp-content\/uploads\/2022\/04\/tm.jpg","type":"image\/jpeg"}],"twitter_card":"summary_large_image","twitter_misc":{"Predpokladan\u00fd \u010das \u010d\u00edtania":"2 min\u00faty"},"schema":{"@context":"https:\/\/schema.org","@graph":[{"@type":"WebPage","@id":"https:\/\/www.srz-brezno.sk\/?page_id=33","url":"https:\/\/www.srz-brezno.sk\/?page_id=33","name":"Kontakty - Mo SRZ Brezno","isPartOf":{"@id":"https:\/\/www.srz-brezno.sk\/#website"},"primaryImageOfPage":{"@id":"https:\/\/www.srz-brezno.sk\/?page_id=33#primaryimage"},"image":{"@id":"https:\/\/www.srz-brezno.sk\/?page_id=33#primaryimage"},"thumbnailUrl":"https:\/\/www.srz-brezno.sk\/wp-content\/uploads\/2022\/04\/tm.jpg","datePublished":"2020-02-12T16:25:12+00:00","dateModified":"2026-03-31T06:17:35+00:00","breadcrumb":{"@id":"https:\/\/www.srz-brezno.sk\/?page_id=33#breadcrumb"},"inLanguage":"sk-SK","potentialAction":[{"@type":"ReadAction","target":["https:\/\/www.srz-brezno.sk\/?page_id=33"]}]},{"@type":"ImageObject","inLanguage":"sk-SK","@id":"https:\/\/www.srz-brezno.sk\/?page_id=33#primaryimage","url":"https:\/\/www.srz-brezno.sk\/wp-content\/uploads\/2022\/04\/tm.jpg","contentUrl":"https:\/\/www.srz-brezno.sk\/wp-content\/uploads\/2022\/04\/tm.jpg","width":640,"height":360},{"@type":"BreadcrumbList","@id":"https:\/\/www.srz-brezno.sk\/?page_id=33#breadcrumb","itemListElement":[{"@type":"ListItem","position":1,"name":"Home","item":"https:\/\/www.srz-brezno.sk\/"},{"@type":"ListItem","position":2,"name":"Kontakty"}]},{"@type":"WebSite","@id":"https:\/\/www.srz-brezno.sk\/#website","url":"https:\/\/www.srz-brezno.sk\/","name":"Mo SRZ Brezno","description":"Dr. Clementisa 1217\/5 Brezno 977 01","publisher":{"@id":"https:\/\/www.srz-brezno.sk\/#organization"},"potentialAction":[{"@type":"SearchAction","target":{"@type":"EntryPoint","urlTemplate":"https:\/\/www.srz-brezno.sk\/?s={search_term_string}"},"query-input":{"@type":"PropertyValueSpecification","valueRequired":true,"valueName":"search_term_string"}}],"inLanguage":"sk-SK"},{"@type":"Organization","@id":"https:\/\/www.srz-brezno.sk\/#organization","name":"Mo SRZ Brezno","url":"https:\/\/www.srz-brezno.sk\/","logo":{"@type":"ImageObject","inLanguage":"sk-SK","@id":"https:\/\/www.srz-brezno.sk\/#\/schema\/logo\/image\/","url":"https:\/\/www.srz-brezno.sk\/wp-content\/uploads\/2020\/03\/Screenshot_15.jpg","contentUrl":"https:\/\/www.srz-brezno.sk\/wp-content\/uploads\/2020\/03\/Screenshot_15.jpg","width":1121,"height":790,"caption":"Mo SRZ Brezno"},"image":{"@id":"https:\/\/www.srz-brezno.sk\/#\/schema\/logo\/image\/"},"sameAs":["https:\/\/www.facebook.com\/groups\/982456918436663\/?ref=bookmarks"]}]}},"_links":{"self":[{"href":"https:\/\/www.srz-brezno.sk\/index.php?rest_route=\/wp\/v2\/pages\/33","targetHints":{"allow":["GET"]}}],"collection":[{"href":"https:\/\/www.srz-brezno.sk\/index.php?rest_route=\/wp\/v2\/pages"}],"about":[{"href":"https:\/\/www.srz-brezno.sk\/index.php?rest_route=\/wp\/v2\/types\/page"}],"author":[{"embeddable":true,"href":"https:\/\/www.srz-brezno.sk\/index.php?rest_route=\/wp\/v2\/users\/1"}],"replies":[{"embeddable":true,"href":"https:\/\/www.srz-brezno.sk\/index.php?rest_route=%2Fwp%2Fv2%2Fcomments&post=33"}],"version-history":[{"count":17,"href":"https:\/\/www.srz-brezno.sk\/index.php?rest_route=\/wp\/v2\/pages\/33\/revisions"}],"predecessor-version":[{"id":5747,"href":"https:\/\/www.srz-brezno.sk\/index.php?rest_route=\/wp\/v2\/pages\/33\/revisions\/5747"}],"wp:featuredmedia":[{"embeddable":true,"href":"https:\/\/www.srz-brezno.sk\/index.php?rest_route=\/wp\/v2\/media\/3190"}],"wp:attachment":[{"href":"https:\/\/www.srz-brezno.sk\/index.php?rest_route=%2Fwp%2Fv2%2Fmedia&parent=33"}],"curies":[{"name":"wp","href":"https:\/\/api.w.org\/{rel}","templated":true}]}}