{"id":3813,"date":"2022-08-07T07:04:33","date_gmt":"2022-08-07T05:04:33","guid":{"rendered":"https:\/\/www.srz-brezno.sk\/?page_id=3813"},"modified":"2023-02-04T19:36:44","modified_gmt":"2023-02-04T17:36:44","slug":"3-rocnik-2022","status":"publish","type":"page","link":"https:\/\/www.srz-brezno.sk\/?page_id=3813","title":{"rendered":"3. ro\u010dn\u00edk &#8211; 2022"},"content":{"rendered":"\n<figure class=\"wp-block-image size-large\"><img loading=\"lazy\" decoding=\"async\" width=\"1024\" height=\"723\" src=\"https:\/\/www.srz-brezno.sk\/wp-content\/uploads\/2022\/08\/OPP-2022-2-1024x723.jpg\" alt=\"\" class=\"wp-image-3819\" srcset=\"https:\/\/www.srz-brezno.sk\/wp-content\/uploads\/2022\/08\/OPP-2022-2-1024x723.jpg 1024w, https:\/\/www.srz-brezno.sk\/wp-content\/uploads\/2022\/08\/OPP-2022-2-300x212.jpg 300w, https:\/\/www.srz-brezno.sk\/wp-content\/uploads\/2022\/08\/OPP-2022-2-768x543.jpg 768w, https:\/\/www.srz-brezno.sk\/wp-content\/uploads\/2022\/08\/OPP-2022-2.jpg 1376w\" sizes=\"auto, (max-width: 1024px) 100vw, 1024px\" \/><\/figure>\n\n\n\n<div class=\"wp-block-file\"><a href=\"https:\/\/www.srz-brezno.sk\/wp-content\/uploads\/2022\/08\/Propozicie-O-pohar-predsedu-2022.docx\">Propoz\u00edcie pretekov &#8222;O poh\u00e1r predsedu&#8220; 2022<\/a><a href=\"https:\/\/www.srz-brezno.sk\/wp-content\/uploads\/2022\/08\/Propozicie-O-pohar-predsedu-2022.docx\" class=\"wp-block-file__button\" download>Stiahnu\u0165<\/a><\/div>\n\n\n\n<div class=\"wp-block-button\"><a class=\"wp-block-button__link\" href=\"https:\/\/www.srz-brezno.sk\/?p=4144\">V\u00fdsledky, \u0161tatistiky, fote\u010dky &#8230;.TU<\/a><\/div>\n\n\n\n<p><\/p>\n","protected":false},"excerpt":{"rendered":"","protected":false},"author":1,"featured_media":0,"parent":0,"menu_order":0,"comment_status":"closed","ping_status":"closed","template":"","meta":{"footnotes":""},"class_list":["post-3813","page","type-page","status-publish","hentry"],"yoast_head":"<!-- This site is optimized with the Yoast SEO plugin v26.8 - https:\/\/yoast.com\/product\/yoast-seo-wordpress\/ -->\n<title>3. ro\u010dn\u00edk - 2022 - Mo SRZ Brezno<\/title>\n<meta name=\"robots\" content=\"index, follow, max-snippet:-1, max-image-preview:large, max-video-preview:-1\" \/>\n<link rel=\"canonical\" href=\"https:\/\/www.srz-brezno.sk\/?page_id=3813\" \/>\n<meta property=\"og:locale\" content=\"sk_SK\" \/>\n<meta property=\"og:type\" content=\"article\" \/>\n<meta property=\"og:title\" content=\"3.ro\u010dn\u00edk pretekov &quot;O poh\u00e1r predsedu&quot; v discipl\u00edne LRU Mucha\" \/>\n<meta property=\"og:url\" content=\"https:\/\/www.srz-brezno.sk\/?page_id=3813\" \/>\n<meta property=\"og:site_name\" content=\"Mo SRZ Brezno\" \/>\n<meta property=\"article:publisher\" content=\"https:\/\/www.facebook.com\/groups\/982456918436663\/?ref=bookmarks\" \/>\n<meta property=\"article:modified_time\" content=\"2023-02-04T17:36:44+00:00\" \/>\n<meta property=\"og:image\" content=\"https:\/\/www.srz-brezno.sk\/wp-content\/uploads\/2022\/08\/FB_IMG_1659851409345.jpg\" \/>\n\t<meta property=\"og:image:width\" content=\"960\" \/>\n\t<meta property=\"og:image:height\" content=\"720\" \/>\n\t<meta property=\"og:image:type\" content=\"image\/jpeg\" \/>\n<meta name=\"twitter:card\" content=\"summary_large_image\" \/>\n<script type=\"application\/ld+json\" class=\"yoast-schema-graph\">{\"@context\":\"https:\/\/schema.org\",\"@graph\":[{\"@type\":\"WebPage\",\"@id\":\"https:\/\/www.srz-brezno.sk\/?page_id=3813\",\"url\":\"https:\/\/www.srz-brezno.sk\/?page_id=3813\",\"name\":\"3. ro\u010dn\u00edk - 2022 - Mo SRZ Brezno\",\"isPartOf\":{\"@id\":\"https:\/\/www.srz-brezno.sk\/#website\"},\"primaryImageOfPage\":{\"@id\":\"https:\/\/www.srz-brezno.sk\/?page_id=3813#primaryimage\"},\"image\":{\"@id\":\"https:\/\/www.srz-brezno.sk\/?page_id=3813#primaryimage\"},\"thumbnailUrl\":\"https:\/\/www.srz-brezno.sk\/wp-content\/uploads\/2022\/08\/OPP-2022-2-1024x723.jpg\",\"datePublished\":\"2022-08-07T05:04:33+00:00\",\"dateModified\":\"2023-02-04T17:36:44+00:00\",\"breadcrumb\":{\"@id\":\"https:\/\/www.srz-brezno.sk\/?page_id=3813#breadcrumb\"},\"inLanguage\":\"sk-SK\",\"potentialAction\":[{\"@type\":\"ReadAction\",\"target\":[\"https:\/\/www.srz-brezno.sk\/?page_id=3813\"]}]},{\"@type\":\"ImageObject\",\"inLanguage\":\"sk-SK\",\"@id\":\"https:\/\/www.srz-brezno.sk\/?page_id=3813#primaryimage\",\"url\":\"https:\/\/www.srz-brezno.sk\/wp-content\/uploads\/2022\/08\/OPP-2022-2.jpg\",\"contentUrl\":\"https:\/\/www.srz-brezno.sk\/wp-content\/uploads\/2022\/08\/OPP-2022-2.jpg\",\"width\":1376,\"height\":972},{\"@type\":\"BreadcrumbList\",\"@id\":\"https:\/\/www.srz-brezno.sk\/?page_id=3813#breadcrumb\",\"itemListElement\":[{\"@type\":\"ListItem\",\"position\":1,\"name\":\"Home\",\"item\":\"https:\/\/www.srz-brezno.sk\/\"},{\"@type\":\"ListItem\",\"position\":2,\"name\":\"3. ro\u010dn\u00edk &#8211; 2022\"}]},{\"@type\":\"WebSite\",\"@id\":\"https:\/\/www.srz-brezno.sk\/#website\",\"url\":\"https:\/\/www.srz-brezno.sk\/\",\"name\":\"Mo SRZ Brezno\",\"description\":\"Dr. Clementisa 1217\/5 Brezno 977 01\",\"publisher\":{\"@id\":\"https:\/\/www.srz-brezno.sk\/#organization\"},\"potentialAction\":[{\"@type\":\"SearchAction\",\"target\":{\"@type\":\"EntryPoint\",\"urlTemplate\":\"https:\/\/www.srz-brezno.sk\/?s={search_term_string}\"},\"query-input\":{\"@type\":\"PropertyValueSpecification\",\"valueRequired\":true,\"valueName\":\"search_term_string\"}}],\"inLanguage\":\"sk-SK\"},{\"@type\":\"Organization\",\"@id\":\"https:\/\/www.srz-brezno.sk\/#organization\",\"name\":\"Mo SRZ Brezno\",\"url\":\"https:\/\/www.srz-brezno.sk\/\",\"logo\":{\"@type\":\"ImageObject\",\"inLanguage\":\"sk-SK\",\"@id\":\"https:\/\/www.srz-brezno.sk\/#\/schema\/logo\/image\/\",\"url\":\"https:\/\/www.srz-brezno.sk\/wp-content\/uploads\/2020\/03\/Screenshot_15.jpg\",\"contentUrl\":\"https:\/\/www.srz-brezno.sk\/wp-content\/uploads\/2020\/03\/Screenshot_15.jpg\",\"width\":1121,\"height\":790,\"caption\":\"Mo SRZ Brezno\"},\"image\":{\"@id\":\"https:\/\/www.srz-brezno.sk\/#\/schema\/logo\/image\/\"},\"sameAs\":[\"https:\/\/www.facebook.com\/groups\/982456918436663\/?ref=bookmarks\"]}]}<\/script>\n<!-- \/ Yoast SEO plugin. -->","yoast_head_json":{"title":"3. ro\u010dn\u00edk - 2022 - Mo SRZ Brezno","robots":{"index":"index","follow":"follow","max-snippet":"max-snippet:-1","max-image-preview":"max-image-preview:large","max-video-preview":"max-video-preview:-1"},"canonical":"https:\/\/www.srz-brezno.sk\/?page_id=3813","og_locale":"sk_SK","og_type":"article","og_title":"3.ro\u010dn\u00edk pretekov \"O poh\u00e1r predsedu\" v discipl\u00edne LRU Mucha","og_url":"https:\/\/www.srz-brezno.sk\/?page_id=3813","og_site_name":"Mo SRZ Brezno","article_publisher":"https:\/\/www.facebook.com\/groups\/982456918436663\/?ref=bookmarks","article_modified_time":"2023-02-04T17:36:44+00:00","og_image":[{"width":960,"height":720,"url":"https:\/\/www.srz-brezno.sk\/wp-content\/uploads\/2022\/08\/FB_IMG_1659851409345.jpg","type":"image\/jpeg"}],"twitter_card":"summary_large_image","schema":{"@context":"https:\/\/schema.org","@graph":[{"@type":"WebPage","@id":"https:\/\/www.srz-brezno.sk\/?page_id=3813","url":"https:\/\/www.srz-brezno.sk\/?page_id=3813","name":"3. ro\u010dn\u00edk - 2022 - Mo SRZ Brezno","isPartOf":{"@id":"https:\/\/www.srz-brezno.sk\/#website"},"primaryImageOfPage":{"@id":"https:\/\/www.srz-brezno.sk\/?page_id=3813#primaryimage"},"image":{"@id":"https:\/\/www.srz-brezno.sk\/?page_id=3813#primaryimage"},"thumbnailUrl":"https:\/\/www.srz-brezno.sk\/wp-content\/uploads\/2022\/08\/OPP-2022-2-1024x723.jpg","datePublished":"2022-08-07T05:04:33+00:00","dateModified":"2023-02-04T17:36:44+00:00","breadcrumb":{"@id":"https:\/\/www.srz-brezno.sk\/?page_id=3813#breadcrumb"},"inLanguage":"sk-SK","potentialAction":[{"@type":"ReadAction","target":["https:\/\/www.srz-brezno.sk\/?page_id=3813"]}]},{"@type":"ImageObject","inLanguage":"sk-SK","@id":"https:\/\/www.srz-brezno.sk\/?page_id=3813#primaryimage","url":"https:\/\/www.srz-brezno.sk\/wp-content\/uploads\/2022\/08\/OPP-2022-2.jpg","contentUrl":"https:\/\/www.srz-brezno.sk\/wp-content\/uploads\/2022\/08\/OPP-2022-2.jpg","width":1376,"height":972},{"@type":"BreadcrumbList","@id":"https:\/\/www.srz-brezno.sk\/?page_id=3813#breadcrumb","itemListElement":[{"@type":"ListItem","position":1,"name":"Home","item":"https:\/\/www.srz-brezno.sk\/"},{"@type":"ListItem","position":2,"name":"3. ro\u010dn\u00edk &#8211; 2022"}]},{"@type":"WebSite","@id":"https:\/\/www.srz-brezno.sk\/#website","url":"https:\/\/www.srz-brezno.sk\/","name":"Mo SRZ Brezno","description":"Dr. Clementisa 1217\/5 Brezno 977 01","publisher":{"@id":"https:\/\/www.srz-brezno.sk\/#organization"},"potentialAction":[{"@type":"SearchAction","target":{"@type":"EntryPoint","urlTemplate":"https:\/\/www.srz-brezno.sk\/?s={search_term_string}"},"query-input":{"@type":"PropertyValueSpecification","valueRequired":true,"valueName":"search_term_string"}}],"inLanguage":"sk-SK"},{"@type":"Organization","@id":"https:\/\/www.srz-brezno.sk\/#organization","name":"Mo SRZ Brezno","url":"https:\/\/www.srz-brezno.sk\/","logo":{"@type":"ImageObject","inLanguage":"sk-SK","@id":"https:\/\/www.srz-brezno.sk\/#\/schema\/logo\/image\/","url":"https:\/\/www.srz-brezno.sk\/wp-content\/uploads\/2020\/03\/Screenshot_15.jpg","contentUrl":"https:\/\/www.srz-brezno.sk\/wp-content\/uploads\/2020\/03\/Screenshot_15.jpg","width":1121,"height":790,"caption":"Mo SRZ Brezno"},"image":{"@id":"https:\/\/www.srz-brezno.sk\/#\/schema\/logo\/image\/"},"sameAs":["https:\/\/www.facebook.com\/groups\/982456918436663\/?ref=bookmarks"]}]}},"_links":{"self":[{"href":"https:\/\/www.srz-brezno.sk\/index.php?rest_route=\/wp\/v2\/pages\/3813","targetHints":{"allow":["GET"]}}],"collection":[{"href":"https:\/\/www.srz-brezno.sk\/index.php?rest_route=\/wp\/v2\/pages"}],"about":[{"href":"https:\/\/www.srz-brezno.sk\/index.php?rest_route=\/wp\/v2\/types\/page"}],"author":[{"embeddable":true,"href":"https:\/\/www.srz-brezno.sk\/index.php?rest_route=\/wp\/v2\/users\/1"}],"replies":[{"embeddable":true,"href":"https:\/\/www.srz-brezno.sk\/index.php?rest_route=%2Fwp%2Fv2%2Fcomments&post=3813"}],"version-history":[{"count":55,"href":"https:\/\/www.srz-brezno.sk\/index.php?rest_route=\/wp\/v2\/pages\/3813\/revisions"}],"predecessor-version":[{"id":4312,"href":"https:\/\/www.srz-brezno.sk\/index.php?rest_route=\/wp\/v2\/pages\/3813\/revisions\/4312"}],"wp:attachment":[{"href":"https:\/\/www.srz-brezno.sk\/index.php?rest_route=%2Fwp%2Fv2%2Fmedia&parent=3813"}],"curies":[{"name":"wp","href":"https:\/\/api.w.org\/{rel}","templated":true}]}}