{"id":39,"date":"2020-02-12T16:26:30","date_gmt":"2020-02-12T16:26:30","guid":{"rendered":"http:\/\/www.srz-brezno.sk\/?page_id=39"},"modified":"2026-02-24T10:42:52","modified_gmt":"2026-02-24T08:42:52","slug":"na-stiahnutie","status":"publish","type":"page","link":"https:\/\/www.srz-brezno.sk\/?page_id=39","title":{"rendered":"Dokumenty na stiahnutie"},"content":{"rendered":"\n<div data-wp-interactive=\"core\/file\" class=\"wp-block-file\"><object data-wp-bind--hidden=\"!state.hasPdfPreview\" hidden class=\"wp-block-file__embed\" data=\"https:\/\/www.srz-brezno.sk\/wp-content\/uploads\/2026\/02\/VZOR_vyhlasenie_2025.pdf\" type=\"application\/pdf\" style=\"width:100%;height:600px\" aria-label=\"Vlo\u017ei\u0165 Vyhl\u00e1senie 2% za rok 2025.\"><\/object><a id=\"wp-block-file--media-40e0dfa6-5eb4-42fe-9025-b463f55e1c5c\" href=\"https:\/\/www.srz-brezno.sk\/wp-content\/uploads\/2026\/02\/VZOR_vyhlasenie_2025.pdf\">Vyhl\u00e1senie 2% za rok 2025<\/a><a href=\"https:\/\/www.srz-brezno.sk\/wp-content\/uploads\/2026\/02\/VZOR_vyhlasenie_2025.pdf\" class=\"wp-block-file__button wp-element-button\" download aria-describedby=\"wp-block-file--media-40e0dfa6-5eb4-42fe-9025-b463f55e1c5c\">Stiahnu\u0165<\/a><\/div>\n\n\n\n<div data-wp-interactive=\"core\/file\" class=\"wp-block-file\"><object data-wp-bind--hidden=\"!state.hasPdfPreview\" hidden class=\"wp-block-file__embed\" data=\"https:\/\/www.srz-brezno.sk\/wp-content\/uploads\/2025\/12\/SRZ-Ziadost_Clena_o_vydanie_ID_clena_Suhlas.pdf\" type=\"application\/pdf\" style=\"width:100%;height:600px\" aria-label=\"Vlo\u017ei\u0165 &lt;strong&gt;\u017diados\u0165 \u010dlena o\u00a0vydanie ID s\u00fahlas&lt;\/strong&gt;.\"><\/object><a id=\"wp-block-file--media-ee09990b-ceb5-4ce9-b306-92d3b5accb34\" href=\"https:\/\/www.srz-brezno.sk\/wp-content\/uploads\/2025\/12\/SRZ-Ziadost_Clena_o_vydanie_ID_clena_Suhlas.pdf\"><strong>\u017diados\u0165 \u010dlena o&nbsp;vydanie ID s\u00fahlas<\/strong><\/a><a href=\"https:\/\/www.srz-brezno.sk\/wp-content\/uploads\/2025\/12\/SRZ-Ziadost_Clena_o_vydanie_ID_clena_Suhlas.pdf\" class=\"wp-block-file__button wp-element-button\" download aria-describedby=\"wp-block-file--media-ee09990b-ceb5-4ce9-b306-92d3b5accb34\">Stiahnu\u0165<\/a><\/div>\n\n\n\n<div data-wp-interactive=\"core\/file\" class=\"wp-block-file\"><object data-wp-bind--hidden=\"!state.hasPdfPreview\" hidden class=\"wp-block-file__embed\" data=\"https:\/\/www.srz-brezno.sk\/wp-content\/uploads\/2025\/12\/srz-prihlaska_novy_clen_ziadost_o_vydanie_id_clena.pdf\" type=\"application\/pdf\" style=\"width:100%;height:600px\" aria-label=\"Vlo\u017ei\u0165 &lt;strong&gt;Prihl\u00e1\u0161ka nov\u00fd \u010dlen, \u017eiados\u0165 o\u00a0vydanie ID \u010dlena&lt;\/strong&gt;.\"><\/object><a id=\"wp-block-file--media-69bbf4f4-d4f8-4c56-82db-51212ff6e100\" href=\"https:\/\/www.srz-brezno.sk\/wp-content\/uploads\/2025\/12\/srz-prihlaska_novy_clen_ziadost_o_vydanie_id_clena.pdf\"><strong>Prihl\u00e1\u0161ka nov\u00fd \u010dlen, \u017eiados\u0165 o&nbsp;vydanie ID \u010dlena<\/strong><\/a><a href=\"https:\/\/www.srz-brezno.sk\/wp-content\/uploads\/2025\/12\/srz-prihlaska_novy_clen_ziadost_o_vydanie_id_clena.pdf\" class=\"wp-block-file__button wp-element-button\" download aria-describedby=\"wp-block-file--media-69bbf4f4-d4f8-4c56-82db-51212ff6e100\">Stiahnu\u0165<\/a><\/div>\n\n\n\n<div class=\"wp-block-file\"><a id=\"wp-block-file--media-be2769cb-eecf-4685-8da8-07ac4a5c7ca3\" href=\"https:\/\/www.srz-brezno.sk\/wp-content\/uploads\/2025\/12\/Obeznik-2026.docx\">Obe\u017en\u00edk 1\/2026<\/a><a href=\"https:\/\/www.srz-brezno.sk\/wp-content\/uploads\/2025\/12\/Obeznik-2026.docx\" class=\"wp-block-file__button wp-element-button\" download aria-describedby=\"wp-block-file--media-be2769cb-eecf-4685-8da8-07ac4a5c7ca3\">Stiahnu\u0165<\/a><\/div>\n\n\n\n<div class=\"wp-block-file\"><a href=\"https:\/\/www.srz-brezno.sk\/wp-content\/uploads\/2023\/12\/Tlacivo-ziadosti-na-Zvlastne-povolenie-2024.docx\">Tla\u010divo \u017eiadosti na Zvl\u00e1\u0161tne povolenie <\/a><a href=\"https:\/\/www.srz-brezno.sk\/wp-content\/uploads\/2023\/12\/Tlacivo-ziadosti-na-Zvlastne-povolenie-2024.docx\" class=\"wp-block-file__button wp-element-button\" download>Stiahnu\u0165<\/a><\/div>\n\n\n\n<div class=\"wp-block-file\"><a href=\"http:\/\/www.srz-brezno.sk\/wp-content\/uploads\/2020\/02\/ziadost-o-prerusenie-clenstva.pdf\">\u017diados\u0165 o preru\u0161enie \u010dlenstva<\/a><a href=\"http:\/\/www.srz-brezno.sk\/wp-content\/uploads\/2020\/02\/ziadost-o-prerusenie-clenstva.pdf\" class=\"wp-block-file__button wp-element-button\" download>Stiahnu\u0165<\/a><\/div>\n\n\n\n<div class=\"wp-block-file\"><a href=\"http:\/\/www.srz-brezno.sk\/wp-content\/uploads\/2020\/02\/ziadost-o-prestup-clena.pdf\">\u017diados\u0165 o prestup \u010dlena<\/a><a href=\"http:\/\/www.srz-brezno.sk\/wp-content\/uploads\/2020\/02\/ziadost-o-prestup-clena.pdf\" class=\"wp-block-file__button wp-element-button\" download>Stiahnu\u0165<\/a><\/div>\n\n\n\n<div class=\"wp-block-file\"><a href=\"http:\/\/www.srz-brezno.sk\/wp-content\/uploads\/2020\/02\/Z\u00e1kon-o-ryb\u00e1rstve.pdf\"> Z\u00e1kon \u010d. 216\/2018 Z. z.<\/a><a href=\"http:\/\/www.srz-brezno.sk\/wp-content\/uploads\/2020\/02\/Z\u00e1kon-o-ryb\u00e1rstve.pdf\" class=\"wp-block-file__button wp-element-button\" download>Stiahnu\u0165<\/a><\/div>\n\n\n\n<div class=\"wp-block-file\"><a href=\"http:\/\/www.srz-brezno.sk\/wp-content\/uploads\/2020\/02\/Vyhl\u00e1\u0161ka-....pdf\">Vyhl\u00e1\u0161ka M\u017dP SR \u010d. 381\/2018 Z.z. <\/a><a href=\"http:\/\/www.srz-brezno.sk\/wp-content\/uploads\/2020\/02\/Vyhl\u00e1\u0161ka-....pdf\" class=\"wp-block-file__button wp-element-button\" download>Stiahnu\u0165<\/a><\/div>\n\n\n\n<div class=\"wp-block-file\"><a href=\"https:\/\/www.srz-brezno.sk\/wp-content\/uploads\/2025\/09\/N\u00e1vrh-kandid\u00e1ta-tla\u010divo-1.pdf\">Vo\u013eby &#8211; n\u00e1vrh kandid\u00e1ta <\/a><a href=\"https:\/\/www.srz-brezno.sk\/wp-content\/uploads\/2025\/09\/N\u00e1vrh-kandid\u00e1ta-tla\u010divo-1.pdf\" class=\"wp-block-file__button wp-element-button\" download>Stiahnu\u0165<\/a><\/div>\n\n\n\n<p><\/p>\n","protected":false},"excerpt":{"rendered":"","protected":false},"author":1,"featured_media":0,"parent":0,"menu_order":0,"comment_status":"closed","ping_status":"closed","template":"","meta":{"footnotes":""},"class_list":["post-39","page","type-page","status-publish","hentry"],"yoast_head":"<!-- This site is optimized with the Yoast SEO plugin v26.8 - https:\/\/yoast.com\/product\/yoast-seo-wordpress\/ -->\n<title>Dokumenty na stiahnutie - Mo SRZ Brezno<\/title>\n<meta name=\"robots\" content=\"index, follow, max-snippet:-1, max-image-preview:large, max-video-preview:-1\" \/>\n<link rel=\"canonical\" href=\"https:\/\/www.srz-brezno.sk\/?page_id=39\" \/>\n<meta property=\"og:locale\" content=\"sk_SK\" \/>\n<meta property=\"og:type\" content=\"article\" \/>\n<meta property=\"og:title\" content=\"Dokumenty na stiahnutie - Mo SRZ Brezno\" \/>\n<meta property=\"og:url\" content=\"https:\/\/www.srz-brezno.sk\/?page_id=39\" \/>\n<meta property=\"og:site_name\" content=\"Mo SRZ Brezno\" \/>\n<meta property=\"article:publisher\" content=\"https:\/\/www.facebook.com\/groups\/982456918436663\/?ref=bookmarks\" \/>\n<meta property=\"article:modified_time\" content=\"2026-02-24T08:42:52+00:00\" \/>\n<meta name=\"twitter:card\" content=\"summary_large_image\" \/>\n<meta name=\"twitter:label1\" content=\"Predpokladan\u00fd \u010das \u010d\u00edtania\" \/>\n\t<meta name=\"twitter:data1\" content=\"1 min\u00fata\" \/>\n<script type=\"application\/ld+json\" class=\"yoast-schema-graph\">{\"@context\":\"https:\/\/schema.org\",\"@graph\":[{\"@type\":\"WebPage\",\"@id\":\"https:\/\/www.srz-brezno.sk\/?page_id=39\",\"url\":\"https:\/\/www.srz-brezno.sk\/?page_id=39\",\"name\":\"Dokumenty na stiahnutie - Mo SRZ Brezno\",\"isPartOf\":{\"@id\":\"https:\/\/www.srz-brezno.sk\/#website\"},\"datePublished\":\"2020-02-12T16:26:30+00:00\",\"dateModified\":\"2026-02-24T08:42:52+00:00\",\"breadcrumb\":{\"@id\":\"https:\/\/www.srz-brezno.sk\/?page_id=39#breadcrumb\"},\"inLanguage\":\"sk-SK\",\"potentialAction\":[{\"@type\":\"ReadAction\",\"target\":[\"https:\/\/www.srz-brezno.sk\/?page_id=39\"]}]},{\"@type\":\"BreadcrumbList\",\"@id\":\"https:\/\/www.srz-brezno.sk\/?page_id=39#breadcrumb\",\"itemListElement\":[{\"@type\":\"ListItem\",\"position\":1,\"name\":\"Home\",\"item\":\"https:\/\/www.srz-brezno.sk\/\"},{\"@type\":\"ListItem\",\"position\":2,\"name\":\"Dokumenty na stiahnutie\"}]},{\"@type\":\"WebSite\",\"@id\":\"https:\/\/www.srz-brezno.sk\/#website\",\"url\":\"https:\/\/www.srz-brezno.sk\/\",\"name\":\"Mo SRZ Brezno\",\"description\":\"Dr. Clementisa 1217\/5 Brezno 977 01\",\"publisher\":{\"@id\":\"https:\/\/www.srz-brezno.sk\/#organization\"},\"potentialAction\":[{\"@type\":\"SearchAction\",\"target\":{\"@type\":\"EntryPoint\",\"urlTemplate\":\"https:\/\/www.srz-brezno.sk\/?s={search_term_string}\"},\"query-input\":{\"@type\":\"PropertyValueSpecification\",\"valueRequired\":true,\"valueName\":\"search_term_string\"}}],\"inLanguage\":\"sk-SK\"},{\"@type\":\"Organization\",\"@id\":\"https:\/\/www.srz-brezno.sk\/#organization\",\"name\":\"Mo SRZ Brezno\",\"url\":\"https:\/\/www.srz-brezno.sk\/\",\"logo\":{\"@type\":\"ImageObject\",\"inLanguage\":\"sk-SK\",\"@id\":\"https:\/\/www.srz-brezno.sk\/#\/schema\/logo\/image\/\",\"url\":\"https:\/\/www.srz-brezno.sk\/wp-content\/uploads\/2020\/03\/Screenshot_15.jpg\",\"contentUrl\":\"https:\/\/www.srz-brezno.sk\/wp-content\/uploads\/2020\/03\/Screenshot_15.jpg\",\"width\":1121,\"height\":790,\"caption\":\"Mo SRZ Brezno\"},\"image\":{\"@id\":\"https:\/\/www.srz-brezno.sk\/#\/schema\/logo\/image\/\"},\"sameAs\":[\"https:\/\/www.facebook.com\/groups\/982456918436663\/?ref=bookmarks\"]}]}<\/script>\n<!-- \/ Yoast SEO plugin. -->","yoast_head_json":{"title":"Dokumenty na stiahnutie - Mo SRZ Brezno","robots":{"index":"index","follow":"follow","max-snippet":"max-snippet:-1","max-image-preview":"max-image-preview:large","max-video-preview":"max-video-preview:-1"},"canonical":"https:\/\/www.srz-brezno.sk\/?page_id=39","og_locale":"sk_SK","og_type":"article","og_title":"Dokumenty na stiahnutie - Mo SRZ Brezno","og_url":"https:\/\/www.srz-brezno.sk\/?page_id=39","og_site_name":"Mo SRZ Brezno","article_publisher":"https:\/\/www.facebook.com\/groups\/982456918436663\/?ref=bookmarks","article_modified_time":"2026-02-24T08:42:52+00:00","twitter_card":"summary_large_image","twitter_misc":{"Predpokladan\u00fd \u010das \u010d\u00edtania":"1 min\u00fata"},"schema":{"@context":"https:\/\/schema.org","@graph":[{"@type":"WebPage","@id":"https:\/\/www.srz-brezno.sk\/?page_id=39","url":"https:\/\/www.srz-brezno.sk\/?page_id=39","name":"Dokumenty na stiahnutie - Mo SRZ Brezno","isPartOf":{"@id":"https:\/\/www.srz-brezno.sk\/#website"},"datePublished":"2020-02-12T16:26:30+00:00","dateModified":"2026-02-24T08:42:52+00:00","breadcrumb":{"@id":"https:\/\/www.srz-brezno.sk\/?page_id=39#breadcrumb"},"inLanguage":"sk-SK","potentialAction":[{"@type":"ReadAction","target":["https:\/\/www.srz-brezno.sk\/?page_id=39"]}]},{"@type":"BreadcrumbList","@id":"https:\/\/www.srz-brezno.sk\/?page_id=39#breadcrumb","itemListElement":[{"@type":"ListItem","position":1,"name":"Home","item":"https:\/\/www.srz-brezno.sk\/"},{"@type":"ListItem","position":2,"name":"Dokumenty na stiahnutie"}]},{"@type":"WebSite","@id":"https:\/\/www.srz-brezno.sk\/#website","url":"https:\/\/www.srz-brezno.sk\/","name":"Mo SRZ Brezno","description":"Dr. Clementisa 1217\/5 Brezno 977 01","publisher":{"@id":"https:\/\/www.srz-brezno.sk\/#organization"},"potentialAction":[{"@type":"SearchAction","target":{"@type":"EntryPoint","urlTemplate":"https:\/\/www.srz-brezno.sk\/?s={search_term_string}"},"query-input":{"@type":"PropertyValueSpecification","valueRequired":true,"valueName":"search_term_string"}}],"inLanguage":"sk-SK"},{"@type":"Organization","@id":"https:\/\/www.srz-brezno.sk\/#organization","name":"Mo SRZ Brezno","url":"https:\/\/www.srz-brezno.sk\/","logo":{"@type":"ImageObject","inLanguage":"sk-SK","@id":"https:\/\/www.srz-brezno.sk\/#\/schema\/logo\/image\/","url":"https:\/\/www.srz-brezno.sk\/wp-content\/uploads\/2020\/03\/Screenshot_15.jpg","contentUrl":"https:\/\/www.srz-brezno.sk\/wp-content\/uploads\/2020\/03\/Screenshot_15.jpg","width":1121,"height":790,"caption":"Mo SRZ Brezno"},"image":{"@id":"https:\/\/www.srz-brezno.sk\/#\/schema\/logo\/image\/"},"sameAs":["https:\/\/www.facebook.com\/groups\/982456918436663\/?ref=bookmarks"]}]}},"_links":{"self":[{"href":"https:\/\/www.srz-brezno.sk\/index.php?rest_route=\/wp\/v2\/pages\/39","targetHints":{"allow":["GET"]}}],"collection":[{"href":"https:\/\/www.srz-brezno.sk\/index.php?rest_route=\/wp\/v2\/pages"}],"about":[{"href":"https:\/\/www.srz-brezno.sk\/index.php?rest_route=\/wp\/v2\/types\/page"}],"author":[{"embeddable":true,"href":"https:\/\/www.srz-brezno.sk\/index.php?rest_route=\/wp\/v2\/users\/1"}],"replies":[{"embeddable":true,"href":"https:\/\/www.srz-brezno.sk\/index.php?rest_route=%2Fwp%2Fv2%2Fcomments&post=39"}],"version-history":[{"count":43,"href":"https:\/\/www.srz-brezno.sk\/index.php?rest_route=\/wp\/v2\/pages\/39\/revisions"}],"predecessor-version":[{"id":5743,"href":"https:\/\/www.srz-brezno.sk\/index.php?rest_route=\/wp\/v2\/pages\/39\/revisions\/5743"}],"wp:attachment":[{"href":"https:\/\/www.srz-brezno.sk\/index.php?rest_route=%2Fwp%2Fv2%2Fmedia&parent=39"}],"curies":[{"name":"wp","href":"https:\/\/api.w.org\/{rel}","templated":true}]}}