{"id":4261,"date":"2023-01-11T22:50:13","date_gmt":"2023-01-11T20:50:13","guid":{"rendered":"https:\/\/www.srz-brezno.sk\/?page_id=4261"},"modified":"2023-01-11T22:50:14","modified_gmt":"2023-01-11T20:50:14","slug":"vysvetlivky-ku-grafickemu-znazorneniu-privlastnovania-si-ryb","status":"publish","type":"page","link":"https:\/\/www.srz-brezno.sk\/?page_id=4261","title":{"rendered":"Vysvetlivky ku grafick\u00e9mu zn\u00e1zorneniu privlast\u0148ovania si r\u00fdb"},"content":{"rendered":"\n<figure class=\"wp-block-image size-large\"><img loading=\"lazy\" decoding=\"async\" width=\"1024\" height=\"761\" src=\"https:\/\/www.srz-brezno.sk\/wp-content\/uploads\/2023\/01\/Grafick\u00e9-zn\u00e1zornenie-privlast\u0148ovania-si-r\u00fdb-png-1024x761-1.png\" alt=\"\" class=\"wp-image-4262\" srcset=\"https:\/\/www.srz-brezno.sk\/wp-content\/uploads\/2023\/01\/Grafick\u00e9-zn\u00e1zornenie-privlast\u0148ovania-si-r\u00fdb-png-1024x761-1.png 1024w, https:\/\/www.srz-brezno.sk\/wp-content\/uploads\/2023\/01\/Grafick\u00e9-zn\u00e1zornenie-privlast\u0148ovania-si-r\u00fdb-png-1024x761-1-300x223.png 300w, https:\/\/www.srz-brezno.sk\/wp-content\/uploads\/2023\/01\/Grafick\u00e9-zn\u00e1zornenie-privlast\u0148ovania-si-r\u00fdb-png-1024x761-1-768x571.png 768w\" sizes=\"auto, (max-width: 1024px) 100vw, 1024px\" \/><\/figure>\n\n\n\n<p>\u00a0<\/p>\n<ol>\n<li>Kombin\u00e1cia medzi rybami uveden\u00fdmi v modrom poli a v zelenom poli je <strong>NEDOVOLEN\u00c1<\/strong>.<hr \/><\/li>\n<li>Ak si loviaci privlastn\u00ed 1 ks ryby uvedenej v modrom poli, m\u00f4\u017ee v love pokra\u010dova\u0165, ale svoj \u00falovok m\u00f4\u017ee kombinova\u0165 u\u017e iba s maxim\u00e1lne 3 ks r\u00fdb uveden\u00fdmi v \u017eltom poli, t. j. celkov\u00fd \u00falovok nesmie presiahnu\u0165 po\u010det 4 ks; privlastnenou rybou, ktorou loviaci prekro\u010d\u00ed hmotnostn\u00fd limit \u00falovku 5 kg, denn\u00fd lov v r\u00e1mci povolenia na rybolov vydan\u00e9ho pr\u00edslu\u0161n\u00fdm u\u017e\u00edvate\u013eom kon\u010d\u00ed.<br \/>Pr\u00edklad: <strong><strong>1 ks jeseter mal\u00fd a 3 ks podustva severn\u00e1<\/strong><\/strong><hr \/><\/li>\n<li>Ak si loviaci privlastn\u00ed 1 ks ryby uvedenej v zelenom poli, m\u00f4\u017ee v love pokra\u010dova\u0165 a svoj \u00falovok doplni\u0165 o maxim\u00e1lne 3 ks r\u00fdb uveden\u00fdch v \u017eltom poli, pri\u010dom celkov\u00fd po\u010det r\u00fdb v \u00falovku nesmie presiahnu\u0165 4 ks; privlastnenou rybou, ktorou loviaci prekro\u010d\u00ed hmotnostn\u00fd limit \u00falovku 5 kg, denn\u00fd lov v r\u00e1mci povolenia na rybolov vydan\u00e9ho pr\u00edslu\u0161n\u00fdm u\u017e\u00edvate\u013eom kon\u010d\u00ed.<br \/>Pr\u00edklad: <strong><strong>1 ks kapor rybni\u010dn\u00fd, 1 ks sivo\u0148 poto\u010dn\u00fd a 2 ks pstruh d\u00fahov\u00fd<\/strong><\/strong><hr \/><\/li>\n<li>Ak si loviaci privlastn\u00ed 2 ks r\u00fdb uveden\u00fdch v zelenom poli, ktor\u00e9 sa m\u00f4\u017eu medzi sebou vz\u00e1jomne kombinova\u0165, m\u00f4\u017ee v love pokra\u010dova\u0165 a svoj \u00falovok doplni\u0165 o ryby uveden\u00e9 v \u017eltom poli v maxim\u00e1lnom po\u010dte 2ks, pri\u010dom celkov\u00fd po\u010det r\u00fdb v \u00falovku nesmie presiahnu\u0165 4ks; privlastnenou rybou, ktorou loviaci prekro\u010d\u00ed hmotnostn\u00fd limit \u00falovku 5 kg, denn\u00fd lov v r\u00e1mci povolenia na rybolov vydan\u00e9ho pr\u00edslu\u0161n\u00fdm u\u017e\u00edvate\u013eom kon\u010d\u00ed.<br \/>Pr\u00edklad: <strong><strong>2 ks mrena severn\u00e1, 1 ks nos\u00e1\u013e s\u0165ahovav\u00fd a 1 ks podustva severn\u00e1<\/strong><\/strong><hr \/><\/li>\n<li>Ak sa loviaci rozhodne \u00falovok pozost\u00e1vaj\u00faci z r\u00fdb taxat\u00edvne vymenovan\u00fdch v \u00a7 14 ods.2 p\u00edsm. a) vyhl\u00e1\u0161ky, t. j. r\u00fdb uveden\u00fdch v modrom, zelenom a \u017eltom poli doplni\u0165 o ostatn\u00e9 druhy r\u00fdb, na ktor\u00e9 sa pri ich privlast\u0148ovan\u00ed nevz\u0165ahuje po\u010detn\u00fd limit (\u00a7 14 ods. 2 p\u00edsm. b) vyhl\u00e1\u0161ky), m\u00f4\u017ee vyu\u017ei\u0165 viacero kombin\u00e1ci\u00ed ako napr\u00edklad:<hr \/><br \/>a) \u00falovok pozost\u00e1vaj\u00faci z 1 ks ryby z modr\u00e9ho po\u013ea m\u00f4\u017ee doplni\u0165 rybami z kateg\u00f3rie \u201eostatn\u00e9\u201c; privlastnenou rybou, ktorou loviaci prekro\u010d\u00ed hmotnostn\u00fd limit \u00falovku 5 kg, denn\u00fd lov v r\u00e1mci povolenia na rybolov vydan\u00e9ho pr\u00edslu\u0161n\u00fdm u\u017e\u00edvate\u013eom kon\u010d\u00ed.<br \/>Pr\u00edklad: <strong><strong>1 ks jeseter mal\u00fd a 8 ks karas striebrist\u00fd<\/strong><\/strong><hr \/><br \/>b) \u00falovok pozost\u00e1vaj\u00faci z 1 ks ryby zo zelen\u00e9ho po\u013ea m\u00f4\u017ee doplni\u0165 rybami z kateg\u00f3rie \u201eostatn\u00e9\u201c; privlastnenou rybou, ktorou loviaci prekro\u010d\u00ed hmotnostn\u00fd limit \u00falovku 5 kg, denn\u00fd lov v r\u00e1mci povolenia na rybolov vydan\u00e9ho pr\u00edslu\u0161n\u00fdm u\u017e\u00edvate\u013eom kon\u010d\u00ed.<br \/>Pr\u00edklad: <strong><strong>1 ks kapor rybni\u010dn\u00fd a 5 ks karas striebrist\u00fd<\/strong><\/strong><hr \/><br \/>c) \u00falovok pozost\u00e1vaj\u00faci z 2 ks r\u00fdb zo zelen\u00e9ho po\u013ea m\u00f4\u017ee doplni\u0165 rybami z kateg\u00f3rie \u201eostatn\u00e9\u201c; privlastnenou rybou, ktorou loviaci prekro\u010d\u00ed hmotnostn\u00fd limit \u00falovku 5 kg, denn\u00fd lov v r\u00e1mci povolenia na rybolov vydan\u00e9ho pr\u00edslu\u0161n\u00fdm u\u017e\u00edvate\u013eom kon\u010d\u00ed.<br \/>Pr\u00edklad: <strong><strong>1 ks kapor rybni\u010dn\u00fd, 1 ks \u0161\u0165uka severn\u00e1 a 3 ks plesk\u00e1\u010d zelenkav\u00fd<\/strong><\/strong><hr \/><br \/>d) \u00falovok pozost\u00e1vaj\u00faci z 1 ks ryby z modr\u00e9ho po\u013ea a 2 ks r\u00fdb zo \u017elt\u00e9ho po\u013ea m\u00f4\u017ee doplni\u0165 rybami z kateg\u00f3rie \u201eostatn\u00e9\u201c; privlastnenou rybou, ktorou loviaci prekro\u010d\u00ed hmotnostn\u00fd limit \u00falovku 5 kg, denn\u00fd lov v r\u00e1mci povolenia na rybolov vydan\u00e9ho pr\u00edslu\u0161n\u00fdm u\u017e\u00edvate\u013eom kon\u010d\u00ed.<br \/>Pr\u00edklad: <strong><strong>1 ks jeseter mal\u00fd, 2 ks podustva severn\u00e1, 1 ks plesk\u00e1\u010d vysok\u00fd a 1 ks plesk\u00e1\u010d sin\u00fd<\/strong><\/strong><hr \/><br \/>e) \u00falovok pozost\u00e1vaj\u00faci z 1 ks ryby zo zelen\u00e9ho po\u013ea a 2 ks r\u00fdb zo \u017elt\u00e9ho po\u013ea m\u00f4\u017ee doplni\u0165 rybami z kateg\u00f3rie \u201eostatn\u00e9\u201c; privlastnenou rybou, ktorou loviaci prekro\u010d\u00ed hmotnostn\u00fd limit \u00falovku 5 kg, denn\u00fd lov v r\u00e1mci povolenia na rybolov vydan\u00e9ho pr\u00edslu\u0161n\u00fdm u\u017e\u00edvate\u013eom kon\u010d\u00ed.<br \/>Pr\u00edklad: <strong><strong>1 ks zub\u00e1\u010d ve\u013eko\u00fasty, 2 ks nos\u00e1\u013e s\u0165ahovav\u00fd, 1 ks plesk\u00e1\u010d vysok\u00fd a 1 ks plesk\u00e1\u010d sin\u00fd<\/strong><\/strong><hr \/><br \/>f) \u00falovok pozost\u00e1vaj\u00faci z 2 ks r\u00fdb zo zelen\u00e9ho po\u013ea a 1 ks ryby zo \u017elt\u00e9ho po\u013ea m\u00f4\u017ee doplni\u0165 rybami z kateg\u00f3rie \u201eostatn\u00e9\u201c; privlastnenou rybou, ktorou loviaci prekro\u010d\u00ed hmotnostn\u00fd limit \u00falovku 5 kg, denn\u00fd lov v r\u00e1mci povolenia na rybolov vydan\u00e9ho pr\u00edslu\u0161n\u00fdm u\u017e\u00edvate\u013eom kon\u010d\u00ed.<br \/>Pr\u00edklad: <strong><strong>2 ks lie\u0148 sliznat\u00fd, 1 ks pstruh d\u00fahov\u00fd, 2 ks jalec tmav\u00fd a 1 ks jalec hlavat\u00fd<\/strong><\/strong><hr \/><br \/>g) v pr\u00edpadoch, kedy privlastnen\u00edm si ur\u010dit\u00e9ho po\u010dtu r\u00fdb z kateg\u00f3rie \u201eostatn\u00e9\u201c \u00falovok nepresiahne, resp. nedosiahne hmotnos\u0165 5kg, loviaci si e\u0161te m\u00f4\u017ee privlastni\u0165 bu\u010f maxim\u00e1lne 1 ks ryby z modr\u00e9ho po\u013ea s pr\u00edpadnou kombin\u00e1ciou r\u00fdb zo \u017elt\u00e9ho po\u013ea v maxim\u00e1lnom po\u010dte 3 ks, alebo 1 ks, resp. maxim\u00e1lne 2 ks r\u00fdb zo zelen\u00e9ho po\u013ea s pr\u00edpadnou kombin\u00e1ciou r\u00fdb zo \u017elt\u00e9ho po\u013ea v po\u010dte 3 ks, resp. 2 ks, alebo maxim\u00e1lne 4 ks r\u00fdb zo \u017elt\u00e9ho po\u013ea; privlastnenou rybou, ktorou loviaci prekro\u010d\u00ed hmotnostn\u00fd limit \u00falovku 5 kg, denn\u00fd lov v r\u00e1mci povolenia na rybolov vydan\u00e9ho pr\u00edslu\u0161n\u00fdm u\u017e\u00edvate\u013eom kon\u010d\u00ed.<br \/>h) v pr\u00edpadoch, kedy privlastnen\u00edm si maxim\u00e1lne 1 ks ryby z modr\u00e9ho po\u013ea a ur\u010dit\u00e9ho po\u010dtu r\u00fdb z kateg\u00f3rie \u201eostatn\u00e9\u201c \u00falovok nepresiahne, resp. nedosiahne hmotnos\u0165 5kg, loviaci si e\u0161te m\u00f4\u017ee privlastni\u0165 maxim\u00e1lne 3 ks r\u00fdb zo \u017elt\u00e9ho po\u013ea; ak si loviaci privlastn\u00ed 1 ks resp. 2 ks r\u00fdb zo zelen\u00e9ho po\u013ea a ur\u010dit\u00fd po\u010det r\u00fdb z kateg\u00f3rie \u201eostatn\u00e9\u201c a \u00falovok nepresiahne, resp. nedosiahne hmotnos\u0165 5kg, m\u00f4\u017ee si e\u0161te privlastni\u0165 3 ks resp. 2 ks r\u00fdb zo \u017elt\u00e9ho po\u013ea; privlastnenou rybou, ktorou loviaci prekro\u010d\u00ed hmotnostn\u00fd limit \u00falovku 5 kg, denn\u00fd lov v r\u00e1mci povolenia na rybolov vydan\u00e9ho pr\u00edslu\u0161n\u00fdm u\u017e\u00edvate\u013eom kon\u010d\u00ed.<br \/>Pri uplat\u0148ovan\u00ed si uveden\u00fdch kombin\u00e1cii je obzvl\u00e1\u0161\u0165 d\u00f4le\u017eit\u00e9 poradie privlast\u0148ovania si jednotliv\u00fdch druhov r\u00fdb a taktie\u017e je nevyhnutn\u00e9 dodr\u017ea\u0165 z\u00e1sadu, \u017ee privlastnen\u00fd \u00falovok v po\u010dte 4 ks pozost\u00e1vaj\u00faci z kombin\u00e1cie r\u00fdb z modr\u00e9ho a \u017elt\u00e9ho po\u013ea alebo zo zelen\u00e9ho a \u017elt\u00e9ho po\u013ea, u\u017e <strong>nie je mo\u017en\u00e9<\/strong> doplni\u0165 rybami z kateg\u00f3rie \u201eostatn\u00e9\u201c.<hr \/><\/li>\n<li>Ak sa loviaci rozhodne lovi\u0165 a privlast\u0148ova\u0165 si v\u00fdlu\u010dne ostatn\u00e9 druhy r\u00fdb, ktor\u00e9 nie s\u00fa taxat\u00edvne vymenovan\u00e9 v \u00a7 14 ods.2 p\u00edsm. a) vyhl\u00e1\u0161ky a na ktor\u00e9 sa pri ich privlast\u0148ovan\u00ed nevz\u0165ahuje po\u010detn\u00fd limit (\u00a7 14 ods. 2 p\u00edsm. b) vyhl\u00e1\u0161ky), celkov\u00fd \u00falovok tak\u00fdchto r\u00fdb bez oh\u013eadu na ich po\u010det mus\u00ed sp\u013a\u0148a\u0165 hmotnostn\u00fd limit 5 kg; privlastnenou rybou, ktorou loviaci prekro\u010d\u00ed hmotnostn\u00fd limit \u00falovku 5 kg, denn\u00fd lov v r\u00e1mci povolenia na rybolov vydan\u00e9ho pr\u00edslu\u0161n\u00fdm u\u017e\u00edvate\u013eom kon\u010d\u00ed.<br \/>Pr\u00edklad: <strong>5 ks karas striebrist\u00fd, 1 ks plesk\u00e1\u010d vysok\u00fd a 1 ks jalec hlavat\u00fd<\/strong><\/li>\n<\/ol>\n<p><strong>UPOZORNENIE!<\/strong><\/p>\n<p><strong>Pre v\u0161etky mo\u017enosti uveden\u00e9 v bodoch 2. a\u017e 5. v r\u00e1mci privlast\u0148ovania si r\u00fdb plat\u00ed pri parametroch po\u010dtu a hmotnosti z\u00e1sada priority hmotnosti, t. j. najsk\u00f4r sa prihliada na hmotnos\u0165 a potom na po\u010det privlastnen\u00fdch r\u00fdb. V praxi to znamen\u00e1, \u017ee ak prv\u00e1 privlastnen\u00e1 ryba presahuje hmotnos\u0165 5 kg, obmedzuje sa denn\u00fd \u00falovok len na tento jeden kus; a rovnako aj v in\u00fdch pr\u00edpadoch ak druhou, tre\u0165ou alebo a\u017e \u0161tvrtou, privlastnenou rybou d\u00f4jde k presiahnutiu celkov\u00e9ho privlastnen\u00e9ho \u00falovku (max. 5 kg) o ak\u00fako\u013evek hmotnos\u0165, loviaci si m\u00f4\u017ee okrem predch\u00e1dzaj\u00facich r\u00fdb privlastni\u0165 aj tento \u00falovok a denn\u00fd lov v r\u00e1mci povolenia na rybolov vydan\u00e9ho pr\u00edslu\u0161n\u00fdm u\u017e\u00edvate\u013eom kon\u010d\u00ed.<\/strong><\/p>\n<p><strong>Pri mo\u017enosti privlast\u0148ovania si r\u00fdb uvedenej v bode 6. sa berie do \u00favahy v\u00fdlu\u010dne parameter hmotnosti, t. j. pri loven\u00ed a privlast\u0148ovan\u00ed si r\u00fdb ktor\u00e9 nie s\u00fa taxat\u00edvne vymenovan\u00e9 v \u00a7 14 ods.2 p\u00edsm. a) vyhl\u00e1\u0161ky a na ktor\u00e9 sa pri ich privlast\u0148ovan\u00ed nevz\u0165ahuje po\u010detn\u00fd limit (\u00a7 14 ods. 2 p\u00edsm. b) vyhl\u00e1\u0161ky), celkov\u00fd \u00falovok tak\u00fdchto r\u00fdb bez oh\u013eadu mus\u00ed sp\u013a\u0148a\u0165 hmotnostn\u00fd limit 5 kg; privlastnenou rybou, ktorou loviaci prekro\u010d\u00ed hmotnostn\u00fd limit \u00falovku 5 kg, denn\u00fd lov v r\u00e1mci povolenia na rybolov vydan\u00e9ho pr\u00edslu\u0161n\u00fdm u\u017e\u00edvate\u013eom kon\u010d\u00ed.<\/strong><\/p>\n","protected":false},"excerpt":{"rendered":"<p>\u00a0 Kombin\u00e1cia medzi rybami uveden\u00fdmi v modrom poli a v zelenom poli je NEDOVOLEN\u00c1. Ak si loviaci privlastn\u00ed 1 ks ryby uvedenej v modrom poli, m\u00f4\u017ee v love pokra\u010dova\u0165, ale svoj \u00falovok m\u00f4\u017ee kombinova\u0165 u\u017e iba s maxim\u00e1lne 3 ks r\u00fdb uveden\u00fdmi v \u017eltom poli, t. j. celkov\u00fd \u00falovok nesmie presiahnu\u0165 po\u010det 4 ks; privlastnenou <a href=\"https:\/\/www.srz-brezno.sk\/?page_id=4261\" rel=\"nofollow\"><span class=\"sr-only\">Pre\u010d\u00edta\u0165 viac o Vysvetlivky ku grafick\u00e9mu zn\u00e1zorneniu privlast\u0148ovania si r\u00fdb<\/span>[&hellip;]<\/a><\/p>\n","protected":false},"author":1,"featured_media":4267,"parent":0,"menu_order":0,"comment_status":"closed","ping_status":"closed","template":"","meta":{"footnotes":""},"class_list":["post-4261","page","type-page","status-publish","has-post-thumbnail","hentry"],"yoast_head":"<!-- This site is optimized with the Yoast SEO plugin v26.8 - https:\/\/yoast.com\/product\/yoast-seo-wordpress\/ -->\n<title>Vysvetlivky ku grafick\u00e9mu zn\u00e1zorneniu privlast\u0148ovania si r\u00fdb - Mo SRZ Brezno<\/title>\n<meta name=\"robots\" content=\"index, follow, max-snippet:-1, max-image-preview:large, max-video-preview:-1\" \/>\n<link rel=\"canonical\" href=\"https:\/\/www.srz-brezno.sk\/?page_id=4261\" \/>\n<meta property=\"og:locale\" content=\"sk_SK\" \/>\n<meta property=\"og:type\" content=\"article\" \/>\n<meta property=\"og:title\" content=\"Vysvetlivky ku grafick\u00e9mu zn\u00e1zorneniu privlast\u0148ovania si r\u00fdb\" \/>\n<meta property=\"og:description\" content=\"\u00a0 Kombin\u00e1cia medzi rybami uveden\u00fdmi v modrom poli a v zelenom poli je NEDOVOLEN\u00c1. Ak si loviaci privlastn\u00ed 1 ks ryby uvedenej v modrom poli, m\u00f4\u017ee v love pokra\u010dova\u0165, ale svoj \u00falovok m\u00f4\u017ee kombinova\u0165 u\u017e iba s maxim\u00e1lne 3 ks r\u00fdb uveden\u00fdmi v \u017eltom poli, t. j. celkov\u00fd \u00falovok nesmie presiahnu\u0165 po\u010det 4 ks; privlastnenou Pre\u010d\u00edta\u0165 viac o Vysvetlivky ku grafick\u00e9mu zn\u00e1zorneniu privlast\u0148ovania si r\u00fdb[&hellip;]\" \/>\n<meta property=\"og:url\" content=\"https:\/\/www.srz-brezno.sk\/?page_id=4261\" \/>\n<meta property=\"og:site_name\" content=\"Mo SRZ Brezno\" \/>\n<meta property=\"article:publisher\" content=\"https:\/\/www.facebook.com\/groups\/982456918436663\/?ref=bookmarks\" \/>\n<meta property=\"article:modified_time\" content=\"2023-01-11T20:50:14+00:00\" \/>\n<meta property=\"og:image\" content=\"https:\/\/www.srz-brezno.sk\/wp-content\/uploads\/2023\/01\/paragraf_01-800x484-1.jpg\" \/>\n\t<meta property=\"og:image:width\" content=\"800\" \/>\n\t<meta property=\"og:image:height\" content=\"484\" \/>\n\t<meta property=\"og:image:type\" content=\"image\/jpeg\" \/>\n<meta name=\"twitter:card\" content=\"summary_large_image\" \/>\n<meta name=\"twitter:label1\" content=\"Predpokladan\u00fd \u010das \u010d\u00edtania\" \/>\n\t<meta name=\"twitter:data1\" content=\"7 min\u00fat\" \/>\n<script type=\"application\/ld+json\" class=\"yoast-schema-graph\">{\"@context\":\"https:\/\/schema.org\",\"@graph\":[{\"@type\":\"WebPage\",\"@id\":\"https:\/\/www.srz-brezno.sk\/?page_id=4261\",\"url\":\"https:\/\/www.srz-brezno.sk\/?page_id=4261\",\"name\":\"Vysvetlivky ku grafick\u00e9mu zn\u00e1zorneniu privlast\u0148ovania si r\u00fdb - Mo SRZ Brezno\",\"isPartOf\":{\"@id\":\"https:\/\/www.srz-brezno.sk\/#website\"},\"primaryImageOfPage\":{\"@id\":\"https:\/\/www.srz-brezno.sk\/?page_id=4261#primaryimage\"},\"image\":{\"@id\":\"https:\/\/www.srz-brezno.sk\/?page_id=4261#primaryimage\"},\"thumbnailUrl\":\"https:\/\/www.srz-brezno.sk\/wp-content\/uploads\/2023\/01\/paragraf_01-800x484-1.jpg\",\"datePublished\":\"2023-01-11T20:50:13+00:00\",\"dateModified\":\"2023-01-11T20:50:14+00:00\",\"breadcrumb\":{\"@id\":\"https:\/\/www.srz-brezno.sk\/?page_id=4261#breadcrumb\"},\"inLanguage\":\"sk-SK\",\"potentialAction\":[{\"@type\":\"ReadAction\",\"target\":[\"https:\/\/www.srz-brezno.sk\/?page_id=4261\"]}]},{\"@type\":\"ImageObject\",\"inLanguage\":\"sk-SK\",\"@id\":\"https:\/\/www.srz-brezno.sk\/?page_id=4261#primaryimage\",\"url\":\"https:\/\/www.srz-brezno.sk\/wp-content\/uploads\/2023\/01\/paragraf_01-800x484-1.jpg\",\"contentUrl\":\"https:\/\/www.srz-brezno.sk\/wp-content\/uploads\/2023\/01\/paragraf_01-800x484-1.jpg\",\"width\":800,\"height\":484},{\"@type\":\"BreadcrumbList\",\"@id\":\"https:\/\/www.srz-brezno.sk\/?page_id=4261#breadcrumb\",\"itemListElement\":[{\"@type\":\"ListItem\",\"position\":1,\"name\":\"Home\",\"item\":\"https:\/\/www.srz-brezno.sk\/\"},{\"@type\":\"ListItem\",\"position\":2,\"name\":\"Vysvetlivky ku grafick\u00e9mu zn\u00e1zorneniu privlast\u0148ovania si r\u00fdb\"}]},{\"@type\":\"WebSite\",\"@id\":\"https:\/\/www.srz-brezno.sk\/#website\",\"url\":\"https:\/\/www.srz-brezno.sk\/\",\"name\":\"Mo SRZ Brezno\",\"description\":\"Dr. Clementisa 1217\/5 Brezno 977 01\",\"publisher\":{\"@id\":\"https:\/\/www.srz-brezno.sk\/#organization\"},\"potentialAction\":[{\"@type\":\"SearchAction\",\"target\":{\"@type\":\"EntryPoint\",\"urlTemplate\":\"https:\/\/www.srz-brezno.sk\/?s={search_term_string}\"},\"query-input\":{\"@type\":\"PropertyValueSpecification\",\"valueRequired\":true,\"valueName\":\"search_term_string\"}}],\"inLanguage\":\"sk-SK\"},{\"@type\":\"Organization\",\"@id\":\"https:\/\/www.srz-brezno.sk\/#organization\",\"name\":\"Mo SRZ Brezno\",\"url\":\"https:\/\/www.srz-brezno.sk\/\",\"logo\":{\"@type\":\"ImageObject\",\"inLanguage\":\"sk-SK\",\"@id\":\"https:\/\/www.srz-brezno.sk\/#\/schema\/logo\/image\/\",\"url\":\"https:\/\/www.srz-brezno.sk\/wp-content\/uploads\/2020\/03\/Screenshot_15.jpg\",\"contentUrl\":\"https:\/\/www.srz-brezno.sk\/wp-content\/uploads\/2020\/03\/Screenshot_15.jpg\",\"width\":1121,\"height\":790,\"caption\":\"Mo SRZ Brezno\"},\"image\":{\"@id\":\"https:\/\/www.srz-brezno.sk\/#\/schema\/logo\/image\/\"},\"sameAs\":[\"https:\/\/www.facebook.com\/groups\/982456918436663\/?ref=bookmarks\"]}]}<\/script>\n<!-- \/ Yoast SEO plugin. -->","yoast_head_json":{"title":"Vysvetlivky ku grafick\u00e9mu zn\u00e1zorneniu privlast\u0148ovania si r\u00fdb - Mo SRZ Brezno","robots":{"index":"index","follow":"follow","max-snippet":"max-snippet:-1","max-image-preview":"max-image-preview:large","max-video-preview":"max-video-preview:-1"},"canonical":"https:\/\/www.srz-brezno.sk\/?page_id=4261","og_locale":"sk_SK","og_type":"article","og_title":"Vysvetlivky ku grafick\u00e9mu zn\u00e1zorneniu privlast\u0148ovania si r\u00fdb","og_description":"\u00a0 Kombin\u00e1cia medzi rybami uveden\u00fdmi v modrom poli a v zelenom poli je NEDOVOLEN\u00c1. Ak si loviaci privlastn\u00ed 1 ks ryby uvedenej v modrom poli, m\u00f4\u017ee v love pokra\u010dova\u0165, ale svoj \u00falovok m\u00f4\u017ee kombinova\u0165 u\u017e iba s maxim\u00e1lne 3 ks r\u00fdb uveden\u00fdmi v \u017eltom poli, t. j. celkov\u00fd \u00falovok nesmie presiahnu\u0165 po\u010det 4 ks; privlastnenou Pre\u010d\u00edta\u0165 viac o Vysvetlivky ku grafick\u00e9mu zn\u00e1zorneniu privlast\u0148ovania si r\u00fdb[&hellip;]","og_url":"https:\/\/www.srz-brezno.sk\/?page_id=4261","og_site_name":"Mo SRZ Brezno","article_publisher":"https:\/\/www.facebook.com\/groups\/982456918436663\/?ref=bookmarks","article_modified_time":"2023-01-11T20:50:14+00:00","og_image":[{"width":800,"height":484,"url":"https:\/\/www.srz-brezno.sk\/wp-content\/uploads\/2023\/01\/paragraf_01-800x484-1.jpg","type":"image\/jpeg"}],"twitter_card":"summary_large_image","twitter_misc":{"Predpokladan\u00fd \u010das \u010d\u00edtania":"7 min\u00fat"},"schema":{"@context":"https:\/\/schema.org","@graph":[{"@type":"WebPage","@id":"https:\/\/www.srz-brezno.sk\/?page_id=4261","url":"https:\/\/www.srz-brezno.sk\/?page_id=4261","name":"Vysvetlivky ku grafick\u00e9mu zn\u00e1zorneniu privlast\u0148ovania si r\u00fdb - Mo SRZ Brezno","isPartOf":{"@id":"https:\/\/www.srz-brezno.sk\/#website"},"primaryImageOfPage":{"@id":"https:\/\/www.srz-brezno.sk\/?page_id=4261#primaryimage"},"image":{"@id":"https:\/\/www.srz-brezno.sk\/?page_id=4261#primaryimage"},"thumbnailUrl":"https:\/\/www.srz-brezno.sk\/wp-content\/uploads\/2023\/01\/paragraf_01-800x484-1.jpg","datePublished":"2023-01-11T20:50:13+00:00","dateModified":"2023-01-11T20:50:14+00:00","breadcrumb":{"@id":"https:\/\/www.srz-brezno.sk\/?page_id=4261#breadcrumb"},"inLanguage":"sk-SK","potentialAction":[{"@type":"ReadAction","target":["https:\/\/www.srz-brezno.sk\/?page_id=4261"]}]},{"@type":"ImageObject","inLanguage":"sk-SK","@id":"https:\/\/www.srz-brezno.sk\/?page_id=4261#primaryimage","url":"https:\/\/www.srz-brezno.sk\/wp-content\/uploads\/2023\/01\/paragraf_01-800x484-1.jpg","contentUrl":"https:\/\/www.srz-brezno.sk\/wp-content\/uploads\/2023\/01\/paragraf_01-800x484-1.jpg","width":800,"height":484},{"@type":"BreadcrumbList","@id":"https:\/\/www.srz-brezno.sk\/?page_id=4261#breadcrumb","itemListElement":[{"@type":"ListItem","position":1,"name":"Home","item":"https:\/\/www.srz-brezno.sk\/"},{"@type":"ListItem","position":2,"name":"Vysvetlivky ku grafick\u00e9mu zn\u00e1zorneniu privlast\u0148ovania si r\u00fdb"}]},{"@type":"WebSite","@id":"https:\/\/www.srz-brezno.sk\/#website","url":"https:\/\/www.srz-brezno.sk\/","name":"Mo SRZ Brezno","description":"Dr. Clementisa 1217\/5 Brezno 977 01","publisher":{"@id":"https:\/\/www.srz-brezno.sk\/#organization"},"potentialAction":[{"@type":"SearchAction","target":{"@type":"EntryPoint","urlTemplate":"https:\/\/www.srz-brezno.sk\/?s={search_term_string}"},"query-input":{"@type":"PropertyValueSpecification","valueRequired":true,"valueName":"search_term_string"}}],"inLanguage":"sk-SK"},{"@type":"Organization","@id":"https:\/\/www.srz-brezno.sk\/#organization","name":"Mo SRZ Brezno","url":"https:\/\/www.srz-brezno.sk\/","logo":{"@type":"ImageObject","inLanguage":"sk-SK","@id":"https:\/\/www.srz-brezno.sk\/#\/schema\/logo\/image\/","url":"https:\/\/www.srz-brezno.sk\/wp-content\/uploads\/2020\/03\/Screenshot_15.jpg","contentUrl":"https:\/\/www.srz-brezno.sk\/wp-content\/uploads\/2020\/03\/Screenshot_15.jpg","width":1121,"height":790,"caption":"Mo SRZ Brezno"},"image":{"@id":"https:\/\/www.srz-brezno.sk\/#\/schema\/logo\/image\/"},"sameAs":["https:\/\/www.facebook.com\/groups\/982456918436663\/?ref=bookmarks"]}]}},"_links":{"self":[{"href":"https:\/\/www.srz-brezno.sk\/index.php?rest_route=\/wp\/v2\/pages\/4261","targetHints":{"allow":["GET"]}}],"collection":[{"href":"https:\/\/www.srz-brezno.sk\/index.php?rest_route=\/wp\/v2\/pages"}],"about":[{"href":"https:\/\/www.srz-brezno.sk\/index.php?rest_route=\/wp\/v2\/types\/page"}],"author":[{"embeddable":true,"href":"https:\/\/www.srz-brezno.sk\/index.php?rest_route=\/wp\/v2\/users\/1"}],"replies":[{"embeddable":true,"href":"https:\/\/www.srz-brezno.sk\/index.php?rest_route=%2Fwp%2Fv2%2Fcomments&post=4261"}],"version-history":[{"count":4,"href":"https:\/\/www.srz-brezno.sk\/index.php?rest_route=\/wp\/v2\/pages\/4261\/revisions"}],"predecessor-version":[{"id":4266,"href":"https:\/\/www.srz-brezno.sk\/index.php?rest_route=\/wp\/v2\/pages\/4261\/revisions\/4266"}],"wp:featuredmedia":[{"embeddable":true,"href":"https:\/\/www.srz-brezno.sk\/index.php?rest_route=\/wp\/v2\/media\/4267"}],"wp:attachment":[{"href":"https:\/\/www.srz-brezno.sk\/index.php?rest_route=%2Fwp%2Fv2%2Fmedia&parent=4261"}],"curies":[{"name":"wp","href":"https:\/\/api.w.org\/{rel}","templated":true}]}}