{"id":43,"date":"2020-02-12T16:27:03","date_gmt":"2020-02-12T16:27:03","guid":{"rendered":"http:\/\/www.srz-brezno.sk\/?page_id=43"},"modified":"2020-05-29T00:51:46","modified_gmt":"2020-05-28T22:51:46","slug":"reviry","status":"publish","type":"page","link":"https:\/\/www.srz-brezno.sk\/?page_id=43","title":{"rendered":"Rev\u00edry"},"content":{"rendered":"\n<h3 class=\"has-luminous-vivid-orange-color has-text-color wp-block-heading\"><strong>Hron \u010d.11a<\/strong><\/h3>\n\n\n\n<p><strong>\u010c\u00edslo rev\u00edru:&nbsp;&nbsp;&nbsp;&nbsp;&nbsp;&nbsp;&nbsp;<\/strong>3-1130-6-4<\/p>\n\n\n\n<p class=\"has-normal-font-size\"><strong>Charakter:&nbsp;&nbsp;&nbsp;&nbsp;&nbsp;&nbsp;&nbsp;&nbsp;<\/strong><strong>&nbsp;&nbsp;lososov\u00fd \u2013 lip\u0148ov\u00fd s v\u00fdskytom hlav\u00e1tky&nbsp;<\/strong>&nbsp;&nbsp;&nbsp;&nbsp;&nbsp;&nbsp;&nbsp;&nbsp;&nbsp;&nbsp;&nbsp;&nbsp;&nbsp;<\/p>\n\n\n\n<p><strong>\u00da\u010del:&nbsp;&nbsp;&nbsp;&nbsp;&nbsp;&nbsp;&nbsp;&nbsp;&nbsp;&nbsp;&nbsp;&nbsp;&nbsp;&nbsp;&nbsp;&nbsp;&nbsp;&nbsp;&nbsp;&nbsp;\n<\/strong>chy\u0165 a pus\u0165 bez\nprivlastnenia \u00falovku<\/p>\n\n\n\n<p>\u010ciastkov\u00e9 povodie rieky Hron od \u00fastia potoka \u010cachovo pod Breznom po cestn\u00fd most na autobusov\u00fa a vlakov\u00fa stanicu v Brezne, vr\u00e1tane potoka Lazn\u00e1. <strong> Pou\u017e\u00edva\u0165 h\u00e1\u010diky bez protihrotu.<\/strong><\/p>\n\n\n\n<h3 class=\"has-luminous-vivid-orange-color has-text-color wp-block-heading\"><strong>Hron \u010d.11b&nbsp;&nbsp;&nbsp;&nbsp;&nbsp;&nbsp;&nbsp;&nbsp;&nbsp;&nbsp;&nbsp;&nbsp;&nbsp;&nbsp;&nbsp;&nbsp;&nbsp;&nbsp;&nbsp;&nbsp;&nbsp;&nbsp;&nbsp;&nbsp;&nbsp;&nbsp;&nbsp;&nbsp;&nbsp;&nbsp;&nbsp;&nbsp;&nbsp;&nbsp;&nbsp;&nbsp;&nbsp;&nbsp;&nbsp;&nbsp;<\/strong><\/h3>\n\n\n\n<p><strong>\u010c\u00edslo rev\u00edru:&nbsp;&nbsp;&nbsp;&nbsp;&nbsp;&nbsp;&nbsp;<\/strong>3-1131-6-1<\/p>\n\n\n\n<p><strong>Charakter : &nbsp;&nbsp;&nbsp;&nbsp;&nbsp;&nbsp;&nbsp;&nbsp;<\/strong><strong>lososov\u00fd \u2013 lip\u0148ov\u00fd s v\u00fdskytom hlav\u00e1tky<\/strong><\/p>\n\n\n\n<p><strong>\u00da\u010del:&nbsp;&nbsp;&nbsp;&nbsp;&nbsp;&nbsp;&nbsp;&nbsp;&nbsp;&nbsp;&nbsp;&nbsp;&nbsp;&nbsp;&nbsp;&nbsp;&nbsp;&nbsp;&nbsp;\n&nbsp;<\/strong>lovn\u00fd&nbsp;&nbsp;&nbsp;&nbsp;<\/p>\n\n\n\n<p>\u010ciastkov\u00e9 povodie rieky Hron od cestn\u00e9ho mosta na autobusov\u00fa a \u017eelezni\u010dn\u00fa stanicu v Brezne po Zelensk\u00fd most nad obcou Be\u0148u\u0161 vr\u00e1tane pr\u00edtokov Je\u017eov\u00e1, Zubra, Dr\u00e1bsko, Brezniansky a Kab\u00e1tov\u00e1<\/p>\n\n\n\n<h3 class=\"has-luminous-vivid-orange-color has-text-color wp-block-heading\"><strong>Rohozn\u00e1&nbsp;&nbsp;&nbsp;&nbsp;&nbsp;&nbsp;&nbsp;&nbsp;&nbsp;&nbsp;&nbsp;&nbsp;&nbsp;&nbsp;&nbsp;&nbsp;&nbsp;&nbsp;&nbsp;&nbsp;&nbsp;&nbsp;&nbsp;&nbsp;&nbsp;&nbsp;&nbsp;&nbsp;&nbsp;&nbsp;&nbsp;&nbsp;&nbsp;&nbsp;&nbsp;&nbsp;&nbsp;&nbsp;&nbsp;&nbsp;&nbsp;&nbsp;&nbsp;&nbsp;&nbsp;&nbsp;&nbsp;&nbsp;&nbsp;&nbsp;&nbsp;&nbsp;&nbsp;&nbsp;&nbsp;&nbsp;&nbsp;&nbsp;&nbsp;&nbsp;&nbsp;&nbsp;&nbsp;&nbsp;&nbsp;&nbsp;&nbsp;&nbsp;&nbsp;&nbsp;&nbsp;&nbsp;&nbsp;&nbsp;&nbsp;&nbsp;&nbsp;&nbsp;&nbsp;&nbsp;&nbsp;&nbsp;&nbsp;&nbsp;&nbsp;&nbsp;&nbsp;&nbsp;&nbsp;&nbsp;&nbsp;<\/strong><\/h3>\n\n\n\n<p><strong>\u010c\u00edslo rev\u00edru:&nbsp;&nbsp;&nbsp;&nbsp;&nbsp;&nbsp;&nbsp;<\/strong>3-3350-5-1<\/p>\n\n\n\n<p><strong>Charakter:&nbsp;&nbsp;&nbsp;&nbsp;&nbsp;&nbsp;&nbsp;&nbsp;&nbsp;<\/strong><strong>&nbsp;lososov\u00fd &#8211; lip\u0148ov\u00fd<\/strong><strong>&nbsp;&nbsp;&nbsp;&nbsp;&nbsp;&nbsp;&nbsp;&nbsp;&nbsp;&nbsp;&nbsp;&nbsp;&nbsp;&nbsp;&nbsp;&nbsp;&nbsp;&nbsp;&nbsp;&nbsp;&nbsp;&nbsp;&nbsp;&nbsp;&nbsp;&nbsp;&nbsp;&nbsp;&nbsp;&nbsp;&nbsp;&nbsp;&nbsp;&nbsp;&nbsp;&nbsp;&nbsp;&nbsp;&nbsp;&nbsp;&nbsp;<\/strong><\/p>\n\n\n\n<p><strong>\u00da\u010del:&nbsp;&nbsp;&nbsp;&nbsp;&nbsp;&nbsp;&nbsp;&nbsp;&nbsp;&nbsp;&nbsp;&nbsp;&nbsp;&nbsp;&nbsp;&nbsp;&nbsp;&nbsp;&nbsp;&nbsp;&nbsp;<\/strong>lovn\u00fd&nbsp;&nbsp;&nbsp;&nbsp;<\/p>\n\n\n\n<p>Potok Rohozn\u00e1 od \u00fastia do Hrona v mestkej \u010dasti Brezno \u2013 H\u00e1lny po s\u00fatok s potokom Svetl\u00e1 nad dedinou Pohronsk\u00e1 Polhora a pr\u00edtoky: Chme\u013eusk\u00e1, Zub\u00e1kov\u00e1, Strmienka, Lieskov\u00fd, Michalovsk\u00fd, Zadn\u00fd Hlin\u00edk Osikov\u00fd, Vargi\u013ea a Lipianka od \u00fastia po pramene<\/p>\n\n\n\n<p><\/p>\n\n\n\n<h3 class=\"has-vivid-green-cyan-color has-text-color wp-block-heading\"><strong>VN Z\u00e1vadka nad Hronom<\/strong><\/h3>\n\n\n\n<p><strong>\u010c\u00edslo rev\u00edru:&nbsp;&nbsp;&nbsp;&nbsp;&nbsp;&nbsp;&nbsp;<\/strong>3-5980-1-1<\/p>\n\n\n\n<p><strong>Charakter:&nbsp;&nbsp;&nbsp;&nbsp;&nbsp;&nbsp;&nbsp;&nbsp;&nbsp;&nbsp;<\/strong><strong>kaprov\u00fd<\/strong><\/p>\n\n\n\n<p><strong>\u00da\u010del:&nbsp;&nbsp;&nbsp;&nbsp;&nbsp;&nbsp;&nbsp;&nbsp;&nbsp;&nbsp;&nbsp;&nbsp;&nbsp;&nbsp;&nbsp;&nbsp;&nbsp;&nbsp;&nbsp;&nbsp;&nbsp;<\/strong>lovn\u00fd<\/p>\n\n\n\n<p>Vodn\u00e1 plocha n\u00e1dr\u017ee pri obci Z\u00e1vadka nad Hronom . <strong>Najv\u00e4\u010d\u0161ia lovn\u00e1 miera kapra rybni\u010dn\u00e9ho 70 cm. Povinn\u00e1 v\u00fdbava &#8211; podlo\u017eka.<\/strong><\/p>\n\n\n\n<h3 class=\"has-luminous-vivid-amber-color has-text-color wp-block-heading\"><strong><br> Hron \u010d.12&nbsp;&nbsp;&nbsp;&nbsp;&nbsp;&nbsp;&nbsp;&nbsp;&nbsp;&nbsp;&nbsp;&nbsp;&nbsp;&nbsp;&nbsp;&nbsp;&nbsp;&nbsp;&nbsp;&nbsp;&nbsp;&nbsp;&nbsp;&nbsp;&nbsp;&nbsp;&nbsp;&nbsp;&nbsp;&nbsp;&nbsp;&nbsp;&nbsp;&nbsp;&nbsp;<\/strong><\/h3>\n\n\n\n<p><strong>\u010c\u00edslo rev\u00edru:&nbsp;&nbsp;&nbsp;&nbsp;&nbsp;&nbsp;&nbsp;<\/strong>3-1140-4-1<\/p>\n\n\n\n<p><strong>Charakter:&nbsp;&nbsp;&nbsp;&nbsp;&nbsp;&nbsp;&nbsp;&nbsp;&nbsp;&nbsp; <\/strong><strong>lososov\u00fd-pstruhov\u00fd<\/strong><strong>&nbsp;&nbsp;&nbsp;&nbsp;&nbsp;&nbsp;&nbsp;&nbsp;&nbsp;&nbsp;&nbsp;&nbsp;&nbsp;&nbsp;&nbsp;&nbsp;&nbsp;&nbsp;&nbsp;&nbsp;<\/strong><\/p>\n\n\n\n<p><strong>\u00da\u010del:&nbsp;&nbsp;&nbsp;&nbsp;&nbsp;&nbsp;&nbsp;&nbsp;&nbsp;&nbsp;&nbsp;&nbsp;&nbsp;&nbsp;&nbsp;&nbsp;&nbsp;&nbsp;&nbsp;&nbsp; &nbsp;<\/strong>lovn\u00fd<\/p>\n\n\n\n<p>\u010ciastkov\u00e9 povodie rieky Hron od Zelensk\u00e9ho mosta nad obcou\nBe\u0148u\u0161&nbsp;po \u017eelezni\u010dn\u00fa stanicu Telg\u00e1rt, vr\u00e1tane pr\u00edtoku Hronec (Klatn\u00e1). Nad ha\u0165ou MVE He\u013epa v d\u013a\u017eke 200 m je vyhl\u00e1sen\u00e9 neresisko r\u00fdb.\nLov r\u00fdb zak\u00e1zan\u00fd od 16.4. do 31.5. <\/p>\n\n\n\n<h3 class=\"has-luminous-vivid-amber-color has-text-color wp-block-heading\"><strong>Hron \u010d. 12 a 13 &#8211; chovn\u00e9 potoky<\/strong><\/h3>\n\n\n\n<p><strong>\u010c\u00edslo rev\u00edru:&nbsp;&nbsp;&nbsp;&nbsp;&nbsp;&nbsp;&nbsp;<\/strong>3-1150-4-2<\/p>\n\n\n\n<p><strong>Charakter:&nbsp;&nbsp;&nbsp;&nbsp;&nbsp;&nbsp;&nbsp;&nbsp;&nbsp;&nbsp;<\/strong><strong>lososov\u00fd &#8211; pstruhov\u00fd&nbsp;&nbsp;<\/strong><strong>&nbsp;&nbsp;&nbsp;&nbsp;&nbsp;&nbsp;&nbsp;&nbsp;&nbsp;&nbsp;&nbsp;&nbsp;&nbsp;&nbsp;&nbsp;&nbsp;&nbsp;&nbsp;<\/strong><\/p>\n\n\n\n<p><strong>\u00da\u010del:&nbsp;&nbsp;&nbsp;&nbsp;&nbsp;&nbsp;&nbsp;&nbsp;&nbsp;&nbsp;&nbsp;&nbsp;&nbsp;&nbsp;&nbsp;&nbsp;&nbsp;&nbsp;&nbsp;&nbsp;&nbsp;<\/strong>chovn\u00fd<\/p>\n\n\n\n<p><strong>Potoky:<\/strong> Be\u0148u\u0161ka, Ve\u013ek\u00e1 Lieskov\u00e1,\nHlbok\u00e1, Lev\u0148u\u0161ka, Makov\u00e1, Vo\u0148acie, Raky\u0165anka, \u010cierny potok, Ve\u013ek\u00fd potok,\nOravcov\u00e1, Hlbok\u00fd, He\u013epiansky, Krivu\u013ea, Hu\u010dansk\u00e9, Kopanick\u00fd, \u0160umiacky, Dudlava,\nKriv\u00fd, \u010ceremka, Skalnist\u00fd, Hnilec, Brezinka, Dolinka, Slatvinsk\u00fd, Kov\u00e1\u010dovsk\u00fd, Posta\u013e,\nHavran\u00edk, Sviniarka, Trsten\u00edk, \u017dupkov, Homo\u013ea, Stra\u010dan\u00edk, Handul\u00edn, Havran\u00edk\n\/Zlatno\/, Petr\u00edkovo, R\u00e1cov, Volchovo,&nbsp;\u017ddiarny, Strund\u017eiansky a&nbsp;Vagn\u00e1rod\n\u00fastia do Hrona po pramene.<\/p>\n\n\n\n<h3 class=\"has-luminous-vivid-amber-color has-text-color wp-block-heading\"><strong>Hron \u010d. 13<\/strong><\/h3>\n\n\n\n<p><strong>\u010c\u00edslo rev\u00edru:&nbsp;&nbsp;&nbsp;&nbsp;&nbsp;&nbsp;&nbsp;<\/strong>3-1160-4-2<\/p>\n\n\n\n<p><strong>Charakter:&nbsp;&nbsp;&nbsp;&nbsp;&nbsp;&nbsp;&nbsp;&nbsp;&nbsp;&nbsp;<\/strong><strong>lososov\u00fd &#8211; pstruhov\u00fd&nbsp;&nbsp;<\/strong><strong>&nbsp;&nbsp;<\/strong><\/p>\n\n\n\n<p><strong>\u00da\u010del:&nbsp;&nbsp;&nbsp;&nbsp;&nbsp;&nbsp;&nbsp;&nbsp;&nbsp;&nbsp;&nbsp;&nbsp;&nbsp;&nbsp;&nbsp;&nbsp;&nbsp;&nbsp;&nbsp;&nbsp;&nbsp;<\/strong>chovn\u00fd<\/p>\n\n\n\n<p>\u010ciastkov\u00e9 povodie rieky Hron od mosta na \u017eelezni\u010dn\u00fa stanicu\nTelg\u00e1rt po pramene.<\/p>\n","protected":false},"excerpt":{"rendered":"<p>Hron \u010d.11a \u010c\u00edslo rev\u00edru:&nbsp;&nbsp;&nbsp;&nbsp;&nbsp;&nbsp;&nbsp;3-1130-6-4 Charakter:&nbsp;&nbsp;&nbsp;&nbsp;&nbsp;&nbsp;&nbsp;&nbsp;&nbsp;&nbsp;lososov\u00fd \u2013 lip\u0148ov\u00fd s v\u00fdskytom hlav\u00e1tky&nbsp;&nbsp;&nbsp;&nbsp;&nbsp;&nbsp;&nbsp;&nbsp;&nbsp;&nbsp;&nbsp;&nbsp;&nbsp;&nbsp; \u00da\u010del:&nbsp;&nbsp;&nbsp;&nbsp;&nbsp;&nbsp;&nbsp;&nbsp;&nbsp;&nbsp;&nbsp;&nbsp;&nbsp;&nbsp;&nbsp;&nbsp;&nbsp;&nbsp;&nbsp;&nbsp; chy\u0165 a pus\u0165 bez privlastnenia \u00falovku \u010ciastkov\u00e9 povodie rieky Hron od \u00fastia potoka \u010cachovo pod Breznom po cestn\u00fd most na autobusov\u00fa a vlakov\u00fa stanicu v Brezne, vr\u00e1tane potoka Lazn\u00e1. Pou\u017e\u00edva\u0165 h\u00e1\u010diky bez protihrotu. Hron \u010d.11b&nbsp;&nbsp;&nbsp;&nbsp;&nbsp;&nbsp;&nbsp;&nbsp;&nbsp;&nbsp;&nbsp;&nbsp;&nbsp;&nbsp;&nbsp;&nbsp;&nbsp;&nbsp;&nbsp;&nbsp;&nbsp;&nbsp;&nbsp;&nbsp;&nbsp;&nbsp;&nbsp;&nbsp;&nbsp;&nbsp;&nbsp;&nbsp;&nbsp;&nbsp;&nbsp;&nbsp;&nbsp;&nbsp;&nbsp;&nbsp; \u010c\u00edslo rev\u00edru:&nbsp;&nbsp;&nbsp;&nbsp;&nbsp;&nbsp;&nbsp;3-1131-6-1 Charakter : &nbsp;&nbsp;&nbsp;&nbsp;&nbsp;&nbsp;&nbsp;&nbsp;lososov\u00fd \u2013 lip\u0148ov\u00fd s v\u00fdskytom <a href=\"https:\/\/www.srz-brezno.sk\/?page_id=43\" rel=\"nofollow\"><span class=\"sr-only\">Pre\u010d\u00edta\u0165 viac o Rev\u00edry<\/span>[&hellip;]<\/a><\/p>\n","protected":false},"author":1,"featured_media":0,"parent":0,"menu_order":0,"comment_status":"closed","ping_status":"closed","template":"","meta":{"footnotes":""},"class_list":["post-43","page","type-page","status-publish","hentry"],"yoast_head":"<!-- This site is optimized with the Yoast SEO plugin v26.8 - https:\/\/yoast.com\/product\/yoast-seo-wordpress\/ -->\n<title>Rev\u00edry - Mo SRZ Brezno<\/title>\n<meta name=\"robots\" content=\"index, follow, max-snippet:-1, max-image-preview:large, max-video-preview:-1\" \/>\n<link rel=\"canonical\" href=\"https:\/\/www.srz-brezno.sk\/?page_id=43\" \/>\n<meta property=\"og:locale\" content=\"sk_SK\" \/>\n<meta property=\"og:type\" content=\"article\" \/>\n<meta property=\"og:title\" content=\"Rev\u00edry - Mo SRZ Brezno\" \/>\n<meta property=\"og:description\" content=\"Hron \u010d.11a \u010c\u00edslo rev\u00edru:&nbsp;&nbsp;&nbsp;&nbsp;&nbsp;&nbsp;&nbsp;3-1130-6-4 Charakter:&nbsp;&nbsp;&nbsp;&nbsp;&nbsp;&nbsp;&nbsp;&nbsp;&nbsp;&nbsp;lososov\u00fd \u2013 lip\u0148ov\u00fd s v\u00fdskytom hlav\u00e1tky&nbsp;&nbsp;&nbsp;&nbsp;&nbsp;&nbsp;&nbsp;&nbsp;&nbsp;&nbsp;&nbsp;&nbsp;&nbsp;&nbsp; \u00da\u010del:&nbsp;&nbsp;&nbsp;&nbsp;&nbsp;&nbsp;&nbsp;&nbsp;&nbsp;&nbsp;&nbsp;&nbsp;&nbsp;&nbsp;&nbsp;&nbsp;&nbsp;&nbsp;&nbsp;&nbsp; chy\u0165 a pus\u0165 bez privlastnenia \u00falovku \u010ciastkov\u00e9 povodie rieky Hron od \u00fastia potoka \u010cachovo pod Breznom po cestn\u00fd most na autobusov\u00fa a vlakov\u00fa stanicu v Brezne, vr\u00e1tane potoka Lazn\u00e1. Pou\u017e\u00edva\u0165 h\u00e1\u010diky bez protihrotu. Hron \u010d.11b&nbsp;&nbsp;&nbsp;&nbsp;&nbsp;&nbsp;&nbsp;&nbsp;&nbsp;&nbsp;&nbsp;&nbsp;&nbsp;&nbsp;&nbsp;&nbsp;&nbsp;&nbsp;&nbsp;&nbsp;&nbsp;&nbsp;&nbsp;&nbsp;&nbsp;&nbsp;&nbsp;&nbsp;&nbsp;&nbsp;&nbsp;&nbsp;&nbsp;&nbsp;&nbsp;&nbsp;&nbsp;&nbsp;&nbsp;&nbsp; \u010c\u00edslo rev\u00edru:&nbsp;&nbsp;&nbsp;&nbsp;&nbsp;&nbsp;&nbsp;3-1131-6-1 Charakter : &nbsp;&nbsp;&nbsp;&nbsp;&nbsp;&nbsp;&nbsp;&nbsp;lososov\u00fd \u2013 lip\u0148ov\u00fd s v\u00fdskytom Pre\u010d\u00edta\u0165 viac o Rev\u00edry[&hellip;]\" \/>\n<meta property=\"og:url\" content=\"https:\/\/www.srz-brezno.sk\/?page_id=43\" \/>\n<meta property=\"og:site_name\" content=\"Mo SRZ Brezno\" \/>\n<meta property=\"article:publisher\" content=\"https:\/\/www.facebook.com\/groups\/982456918436663\/?ref=bookmarks\" \/>\n<meta property=\"article:modified_time\" content=\"2020-05-28T22:51:46+00:00\" \/>\n<meta name=\"twitter:card\" content=\"summary_large_image\" \/>\n<meta name=\"twitter:label1\" content=\"Predpokladan\u00fd \u010das \u010d\u00edtania\" \/>\n\t<meta name=\"twitter:data1\" content=\"5 min\u00fat\" \/>\n<script type=\"application\/ld+json\" class=\"yoast-schema-graph\">{\"@context\":\"https:\/\/schema.org\",\"@graph\":[{\"@type\":\"WebPage\",\"@id\":\"https:\/\/www.srz-brezno.sk\/?page_id=43\",\"url\":\"https:\/\/www.srz-brezno.sk\/?page_id=43\",\"name\":\"Rev\u00edry - Mo SRZ Brezno\",\"isPartOf\":{\"@id\":\"https:\/\/www.srz-brezno.sk\/#website\"},\"datePublished\":\"2020-02-12T16:27:03+00:00\",\"dateModified\":\"2020-05-28T22:51:46+00:00\",\"breadcrumb\":{\"@id\":\"https:\/\/www.srz-brezno.sk\/?page_id=43#breadcrumb\"},\"inLanguage\":\"sk-SK\",\"potentialAction\":[{\"@type\":\"ReadAction\",\"target\":[\"https:\/\/www.srz-brezno.sk\/?page_id=43\"]}]},{\"@type\":\"BreadcrumbList\",\"@id\":\"https:\/\/www.srz-brezno.sk\/?page_id=43#breadcrumb\",\"itemListElement\":[{\"@type\":\"ListItem\",\"position\":1,\"name\":\"Home\",\"item\":\"https:\/\/www.srz-brezno.sk\/\"},{\"@type\":\"ListItem\",\"position\":2,\"name\":\"Rev\u00edry\"}]},{\"@type\":\"WebSite\",\"@id\":\"https:\/\/www.srz-brezno.sk\/#website\",\"url\":\"https:\/\/www.srz-brezno.sk\/\",\"name\":\"Mo SRZ Brezno\",\"description\":\"Dr. Clementisa 1217\/5 Brezno 977 01\",\"publisher\":{\"@id\":\"https:\/\/www.srz-brezno.sk\/#organization\"},\"potentialAction\":[{\"@type\":\"SearchAction\",\"target\":{\"@type\":\"EntryPoint\",\"urlTemplate\":\"https:\/\/www.srz-brezno.sk\/?s={search_term_string}\"},\"query-input\":{\"@type\":\"PropertyValueSpecification\",\"valueRequired\":true,\"valueName\":\"search_term_string\"}}],\"inLanguage\":\"sk-SK\"},{\"@type\":\"Organization\",\"@id\":\"https:\/\/www.srz-brezno.sk\/#organization\",\"name\":\"Mo SRZ Brezno\",\"url\":\"https:\/\/www.srz-brezno.sk\/\",\"logo\":{\"@type\":\"ImageObject\",\"inLanguage\":\"sk-SK\",\"@id\":\"https:\/\/www.srz-brezno.sk\/#\/schema\/logo\/image\/\",\"url\":\"https:\/\/www.srz-brezno.sk\/wp-content\/uploads\/2020\/03\/Screenshot_15.jpg\",\"contentUrl\":\"https:\/\/www.srz-brezno.sk\/wp-content\/uploads\/2020\/03\/Screenshot_15.jpg\",\"width\":1121,\"height\":790,\"caption\":\"Mo SRZ Brezno\"},\"image\":{\"@id\":\"https:\/\/www.srz-brezno.sk\/#\/schema\/logo\/image\/\"},\"sameAs\":[\"https:\/\/www.facebook.com\/groups\/982456918436663\/?ref=bookmarks\"]}]}<\/script>\n<!-- \/ Yoast SEO plugin. -->","yoast_head_json":{"title":"Rev\u00edry - Mo SRZ Brezno","robots":{"index":"index","follow":"follow","max-snippet":"max-snippet:-1","max-image-preview":"max-image-preview:large","max-video-preview":"max-video-preview:-1"},"canonical":"https:\/\/www.srz-brezno.sk\/?page_id=43","og_locale":"sk_SK","og_type":"article","og_title":"Rev\u00edry - Mo SRZ Brezno","og_description":"Hron \u010d.11a \u010c\u00edslo rev\u00edru:&nbsp;&nbsp;&nbsp;&nbsp;&nbsp;&nbsp;&nbsp;3-1130-6-4 Charakter:&nbsp;&nbsp;&nbsp;&nbsp;&nbsp;&nbsp;&nbsp;&nbsp;&nbsp;&nbsp;lososov\u00fd \u2013 lip\u0148ov\u00fd s v\u00fdskytom hlav\u00e1tky&nbsp;&nbsp;&nbsp;&nbsp;&nbsp;&nbsp;&nbsp;&nbsp;&nbsp;&nbsp;&nbsp;&nbsp;&nbsp;&nbsp; \u00da\u010del:&nbsp;&nbsp;&nbsp;&nbsp;&nbsp;&nbsp;&nbsp;&nbsp;&nbsp;&nbsp;&nbsp;&nbsp;&nbsp;&nbsp;&nbsp;&nbsp;&nbsp;&nbsp;&nbsp;&nbsp; chy\u0165 a pus\u0165 bez privlastnenia \u00falovku \u010ciastkov\u00e9 povodie rieky Hron od \u00fastia potoka \u010cachovo pod Breznom po cestn\u00fd most na autobusov\u00fa a vlakov\u00fa stanicu v Brezne, vr\u00e1tane potoka Lazn\u00e1. Pou\u017e\u00edva\u0165 h\u00e1\u010diky bez protihrotu. Hron \u010d.11b&nbsp;&nbsp;&nbsp;&nbsp;&nbsp;&nbsp;&nbsp;&nbsp;&nbsp;&nbsp;&nbsp;&nbsp;&nbsp;&nbsp;&nbsp;&nbsp;&nbsp;&nbsp;&nbsp;&nbsp;&nbsp;&nbsp;&nbsp;&nbsp;&nbsp;&nbsp;&nbsp;&nbsp;&nbsp;&nbsp;&nbsp;&nbsp;&nbsp;&nbsp;&nbsp;&nbsp;&nbsp;&nbsp;&nbsp;&nbsp; \u010c\u00edslo rev\u00edru:&nbsp;&nbsp;&nbsp;&nbsp;&nbsp;&nbsp;&nbsp;3-1131-6-1 Charakter : &nbsp;&nbsp;&nbsp;&nbsp;&nbsp;&nbsp;&nbsp;&nbsp;lososov\u00fd \u2013 lip\u0148ov\u00fd s v\u00fdskytom Pre\u010d\u00edta\u0165 viac o Rev\u00edry[&hellip;]","og_url":"https:\/\/www.srz-brezno.sk\/?page_id=43","og_site_name":"Mo SRZ Brezno","article_publisher":"https:\/\/www.facebook.com\/groups\/982456918436663\/?ref=bookmarks","article_modified_time":"2020-05-28T22:51:46+00:00","twitter_card":"summary_large_image","twitter_misc":{"Predpokladan\u00fd \u010das \u010d\u00edtania":"5 min\u00fat"},"schema":{"@context":"https:\/\/schema.org","@graph":[{"@type":"WebPage","@id":"https:\/\/www.srz-brezno.sk\/?page_id=43","url":"https:\/\/www.srz-brezno.sk\/?page_id=43","name":"Rev\u00edry - Mo SRZ Brezno","isPartOf":{"@id":"https:\/\/www.srz-brezno.sk\/#website"},"datePublished":"2020-02-12T16:27:03+00:00","dateModified":"2020-05-28T22:51:46+00:00","breadcrumb":{"@id":"https:\/\/www.srz-brezno.sk\/?page_id=43#breadcrumb"},"inLanguage":"sk-SK","potentialAction":[{"@type":"ReadAction","target":["https:\/\/www.srz-brezno.sk\/?page_id=43"]}]},{"@type":"BreadcrumbList","@id":"https:\/\/www.srz-brezno.sk\/?page_id=43#breadcrumb","itemListElement":[{"@type":"ListItem","position":1,"name":"Home","item":"https:\/\/www.srz-brezno.sk\/"},{"@type":"ListItem","position":2,"name":"Rev\u00edry"}]},{"@type":"WebSite","@id":"https:\/\/www.srz-brezno.sk\/#website","url":"https:\/\/www.srz-brezno.sk\/","name":"Mo SRZ Brezno","description":"Dr. Clementisa 1217\/5 Brezno 977 01","publisher":{"@id":"https:\/\/www.srz-brezno.sk\/#organization"},"potentialAction":[{"@type":"SearchAction","target":{"@type":"EntryPoint","urlTemplate":"https:\/\/www.srz-brezno.sk\/?s={search_term_string}"},"query-input":{"@type":"PropertyValueSpecification","valueRequired":true,"valueName":"search_term_string"}}],"inLanguage":"sk-SK"},{"@type":"Organization","@id":"https:\/\/www.srz-brezno.sk\/#organization","name":"Mo SRZ Brezno","url":"https:\/\/www.srz-brezno.sk\/","logo":{"@type":"ImageObject","inLanguage":"sk-SK","@id":"https:\/\/www.srz-brezno.sk\/#\/schema\/logo\/image\/","url":"https:\/\/www.srz-brezno.sk\/wp-content\/uploads\/2020\/03\/Screenshot_15.jpg","contentUrl":"https:\/\/www.srz-brezno.sk\/wp-content\/uploads\/2020\/03\/Screenshot_15.jpg","width":1121,"height":790,"caption":"Mo SRZ Brezno"},"image":{"@id":"https:\/\/www.srz-brezno.sk\/#\/schema\/logo\/image\/"},"sameAs":["https:\/\/www.facebook.com\/groups\/982456918436663\/?ref=bookmarks"]}]}},"_links":{"self":[{"href":"https:\/\/www.srz-brezno.sk\/index.php?rest_route=\/wp\/v2\/pages\/43","targetHints":{"allow":["GET"]}}],"collection":[{"href":"https:\/\/www.srz-brezno.sk\/index.php?rest_route=\/wp\/v2\/pages"}],"about":[{"href":"https:\/\/www.srz-brezno.sk\/index.php?rest_route=\/wp\/v2\/types\/page"}],"author":[{"embeddable":true,"href":"https:\/\/www.srz-brezno.sk\/index.php?rest_route=\/wp\/v2\/users\/1"}],"replies":[{"embeddable":true,"href":"https:\/\/www.srz-brezno.sk\/index.php?rest_route=%2Fwp%2Fv2%2Fcomments&post=43"}],"version-history":[{"count":6,"href":"https:\/\/www.srz-brezno.sk\/index.php?rest_route=\/wp\/v2\/pages\/43\/revisions"}],"predecessor-version":[{"id":1262,"href":"https:\/\/www.srz-brezno.sk\/index.php?rest_route=\/wp\/v2\/pages\/43\/revisions\/1262"}],"wp:attachment":[{"href":"https:\/\/www.srz-brezno.sk\/index.php?rest_route=%2Fwp%2Fv2%2Fmedia&parent=43"}],"curies":[{"name":"wp","href":"https:\/\/api.w.org\/{rel}","templated":true}]}}