{"id":4362,"date":"2023-04-14T20:22:40","date_gmt":"2023-04-14T18:22:40","guid":{"rendered":"https:\/\/www.srz-brezno.sk\/?page_id=4362"},"modified":"2023-12-04T10:53:16","modified_gmt":"2023-12-04T08:53:16","slug":"zarybnovanie-2023","status":"publish","type":"page","link":"https:\/\/www.srz-brezno.sk\/?page_id=4362","title":{"rendered":"Zaryb\u0148ovanie 2023"},"content":{"rendered":"\n\n\n<table style=\"border-collapse: collapse; width: 100%; height: 708px;\">\n<tbody>\n<tr>\n<td style=\"width: 25%;\">1.12.<\/td>\n<td style=\"width: 25%;\">VN Z\u00e1vadka n\/Hr.<\/td>\n<td style=\"width: 25%;\">Kapor rybni\u010dn\u00fd K3<\/td>\n<td style=\"width: 25%;\">300kg<\/td>\n<\/tr>\n<tr>\n<td style=\"width: 25%;\">30.11.<\/td>\n<td style=\"width: 25%;\">Hron \u010d.11b<\/td>\n<td style=\"width: 25%;\">Podustva severn\u00e1 Pds1<\/td>\n<td style=\"width: 25%;\">4000ks<\/td>\n<\/tr>\n<tr style=\"height: 44px;\">\n<td style=\"width: 25%; height: 44px;\">28.10.<\/td>\n<td style=\"width: 25%; height: 44px;\">VN Z\u00e1vadka n\/Hr.<\/td>\n<td style=\"width: 25%; height: 44px;\">Pstruh d\u00fahov\u00fd Pd2<\/td>\n<td style=\"width: 25%; height: 44px;\">90kg<\/td>\n<\/tr>\n<tr style=\"height: 23px;\">\n<td style=\"width: 25%; height: 23px;\">26.10.<\/td>\n<td style=\"width: 25%; height: 23px;\">VN Z\u00e1vadka n\/Hr.<\/td>\n<td style=\"width: 25%; height: 23px;\">Amur biely Ab2-3<\/td>\n<td style=\"width: 25%; height: 23px;\">50kg<\/td>\n<\/tr>\n<tr style=\"height: 44px;\">\n<td style=\"width: 25%; height: 44px;\">24.10.<\/td>\n<td style=\"width: 25%; height: 44px;\">VN Z\u00e1vadka n\/Hr.<\/td>\n<td style=\"width: 25%; height: 44px;\">Kapor rybni\u010dn\u00fd K70<\/td>\n<td style=\"width: 25%; height: 44px;\">136kg<\/td>\n<\/tr>\n<tr style=\"height: 44px;\">\n<td style=\"width: 25%; height: 44px;\">24.10.<\/td>\n<td style=\"width: 25%; height: 44px;\">VN Z\u00e1vadka n\/Hr.<\/td>\n<td style=\"width: 25%; height: 44px;\">Kapor rybni\u010dn\u00fd K3<\/td>\n<td style=\"width: 25%; height: 44px;\">1500kg<\/td>\n<\/tr>\n<tr style=\"height: 44px;\">\n<td style=\"width: 25%; height: 44px;\">5.10.<\/td>\n<td style=\"width: 25%; height: 44px;\">VN Z\u00e1vadka n\/Hr.<\/td>\n<td style=\"width: 25%; height: 44px;\">Pstruh d\u00fahov\u00fd Pd2<\/td>\n<td style=\"width: 25%; height: 44px;\">110kg<\/td>\n<\/tr>\n<tr style=\"height: 44px;\">\n<td style=\"width: 25%; height: 44px;\">4.10.<\/td>\n<td style=\"width: 25%; height: 44px;\">VN Z\u00e1vadka n\/Hr.<\/td>\n<td style=\"width: 25%; height: 44px;\">Kapor rybni\u010dn\u00fd K3<\/td>\n<td style=\"width: 25%; height: 44px;\">1000kg<\/td>\n<\/tr>\n<tr style=\"height: 44px;\">\n<td style=\"width: 25%; height: 44px;\">29.8.<\/td>\n<td style=\"width: 25%; height: 44px;\">Hron<\/td>\n<td style=\"width: 25%; height: 44px;\">Lipe\u0148 tymi\u00e1nov\u00fd Li1<\/td>\n<td style=\"width: 25%; height: 44px;\">26000ks<\/td>\n<\/tr>\n<tr style=\"height: 44px;\">\n<td style=\"width: 25%; height: 44px;\">1.8.<\/td>\n<td style=\"width: 25%; height: 44px;\">Hron \u010d.11b<\/td>\n<td style=\"width: 25%; height: 44px;\">Pstruh d\u00fahov\u00fd Pd2<\/td>\n<td style=\"width: 25%; height: 44px;\">100kg<\/td>\n<\/tr>\n<tr style=\"height: 44px;\">\n<td style=\"width: 25%; height: 44px;\">22.7.<\/td>\n<td style=\"width: 25%; height: 44px;\">Hron \u010d.12<\/td>\n<td style=\"width: 25%; height: 44px;\">Pstruh poto\u010dn\u00fd Ppr<\/td>\n<td style=\"width: 25%; height: 44px;\">24 000ks<\/td>\n<\/tr>\n<tr style=\"height: 44px;\">\n<td style=\"width: 25%; height: 44px;\">21.7.<\/td>\n<td style=\"width: 25%; height: 44px;\">Hron \u010d.11b<\/td>\n<td style=\"width: 25%; height: 44px;\">Pstruh d\u00fahov\u00fd Pd2<\/td>\n<td style=\"width: 25%; height: 44px;\">300kg<\/td>\n<\/tr>\n<tr style=\"height: 23px;\">\n<td style=\"width: 25%; height: 23px;\">13.7.<\/td>\n<td style=\"width: 25%; height: 23px;\">Potoky MO<\/td>\n<td style=\"width: 25%; height: 23px;\">Pstruh poto\u010dn\u00fd Ppr<\/td>\n<td style=\"width: 25%; height: 23px;\">7840ks<\/td>\n<\/tr>\n<tr style=\"height: 23px;\">\n<td style=\"width: 25%; height: 23px;\">13.7.<\/td>\n<td style=\"width: 25%; height: 23px;\">Hron \u010d.12<\/td>\n<td style=\"width: 25%; height: 23px;\">Pstruh poto\u010dn\u00fdPp1+<\/td>\n<td style=\"width: 25%; height: 23px;\">100kg<\/td>\n<\/tr>\n<tr style=\"height: 44px;\">\n<td style=\"width: 25%; height: 44px;\">30.6<\/td>\n<td style=\"width: 25%; height: 44px;\">Hron \u010d.12<\/td>\n<td style=\"width: 25%; height: 44px;\">Pstruh poto\u010dn\u00fd Pp2<\/td>\n<td style=\"width: 25%; height: 44px;\">240kg<\/td>\n<\/tr>\n<tr style=\"height: 44px;\">\n<td style=\"width: 25%; height: 44px;\">30.6.<\/td>\n<td style=\"width: 25%; height: 44px;\">Hron \u010d.12<\/td>\n<td style=\"width: 25%; height: 44px;\">Lipe\u0148 tymi\u00e1nov\u00fd Li1+<\/td>\n<td style=\"width: 25%; height: 44px;\">1000ks<\/td>\n<\/tr>\n<tr style=\"height: 44px;\">\n<td style=\"width: 25%; height: 44px;\">24.5.<\/td>\n<td style=\"width: 25%; height: 44px;\">VN Z\u00e1vadka n\/Hr.<\/td>\n<td style=\"width: 25%; height: 44px;\">\u00dahor eur\u00f3psky Um<\/td>\n<td style=\"width: 25%; height: 44px;\">325ks<\/td>\n<\/tr>\n<tr style=\"height: 23px;\">\n<td style=\"width: 25%; height: 23px;\">18.5.<\/td>\n<td style=\"width: 25%; height: 23px;\">VN Z\u00e1vadka n\/ Hr.<\/td>\n<td style=\"width: 25%; height: 23px;\">Lie\u0148 sliznat\u00fd L2-3<\/td>\n<td style=\"width: 25%; height: 23px;\">100kg<\/td>\n<\/tr>\n<tr style=\"height: 44px;\">\n<td style=\"width: 25%; height: 44px;\">12.4.<\/td>\n<td style=\"width: 25%; height: 44px;\">Hron \u010d.11<\/td>\n<td style=\"width: 25%; height: 44px;\">Hlav\u00e1tka podunajsk\u00e1 Hl2<\/td>\n<td style=\"width: 25%; height: 44px;\">3kg<\/td>\n<\/tr>\n<tr style=\"height: 44px;\">\n<td style=\"width: 25%; height: 44px;\">12.4.<\/td>\n<td style=\"width: 25%; height: 44px;\">Hron \u010d.12<\/td>\n<td style=\"width: 25%; height: 44px;\">Pstruh poto\u010dn\u00fd Pp2<\/td>\n<td style=\"width: 25%; height: 44px;\">240 kg<\/td>\n<\/tr>\n<\/tbody>\n<\/table>\n","protected":false},"excerpt":{"rendered":"<p>1.12. VN Z\u00e1vadka n\/Hr. Kapor rybni\u010dn\u00fd K3 300kg 30.11. Hron \u010d.11b Podustva severn\u00e1 Pds1 4000ks 28.10. VN Z\u00e1vadka n\/Hr. Pstruh d\u00fahov\u00fd Pd2 90kg 26.10. VN Z\u00e1vadka n\/Hr. Amur biely Ab2-3 50kg 24.10. VN Z\u00e1vadka n\/Hr. Kapor rybni\u010dn\u00fd K70 136kg 24.10. VN Z\u00e1vadka n\/Hr. Kapor rybni\u010dn\u00fd K3 1500kg 5.10. VN Z\u00e1vadka n\/Hr. Pstruh d\u00fahov\u00fd Pd2 110kg <a href=\"https:\/\/www.srz-brezno.sk\/?page_id=4362\" rel=\"nofollow\"><span class=\"sr-only\">Pre\u010d\u00edta\u0165 viac o Zaryb\u0148ovanie 2023<\/span>[&hellip;]<\/a><\/p>\n","protected":false},"author":1,"featured_media":0,"parent":0,"menu_order":0,"comment_status":"closed","ping_status":"closed","template":"","meta":{"footnotes":""},"class_list":["post-4362","page","type-page","status-publish","hentry"],"yoast_head":"<!-- This site is optimized with the Yoast SEO plugin v26.8 - https:\/\/yoast.com\/product\/yoast-seo-wordpress\/ -->\n<title>Zaryb\u0148ovanie 2023 - Mo SRZ Brezno<\/title>\n<meta name=\"robots\" content=\"index, follow, max-snippet:-1, max-image-preview:large, max-video-preview:-1\" \/>\n<link rel=\"canonical\" href=\"https:\/\/www.srz-brezno.sk\/?page_id=4362\" \/>\n<meta property=\"og:locale\" content=\"sk_SK\" \/>\n<meta property=\"og:type\" content=\"article\" \/>\n<meta property=\"og:title\" content=\"Zaryb\u0148ovanie 2023 - Mo SRZ Brezno\" \/>\n<meta property=\"og:description\" content=\"1.12. VN Z\u00e1vadka n\/Hr. Kapor rybni\u010dn\u00fd K3 300kg 30.11. Hron \u010d.11b Podustva severn\u00e1 Pds1 4000ks 28.10. VN Z\u00e1vadka n\/Hr. Pstruh d\u00fahov\u00fd Pd2 90kg 26.10. VN Z\u00e1vadka n\/Hr. Amur biely Ab2-3 50kg 24.10. VN Z\u00e1vadka n\/Hr. Kapor rybni\u010dn\u00fd K70 136kg 24.10. VN Z\u00e1vadka n\/Hr. Kapor rybni\u010dn\u00fd K3 1500kg 5.10. VN Z\u00e1vadka n\/Hr. Pstruh d\u00fahov\u00fd Pd2 110kg Pre\u010d\u00edta\u0165 viac o Zaryb\u0148ovanie 2023[&hellip;]\" \/>\n<meta property=\"og:url\" content=\"https:\/\/www.srz-brezno.sk\/?page_id=4362\" \/>\n<meta property=\"og:site_name\" content=\"Mo SRZ Brezno\" \/>\n<meta property=\"article:publisher\" content=\"https:\/\/www.facebook.com\/groups\/982456918436663\/?ref=bookmarks\" \/>\n<meta property=\"article:modified_time\" content=\"2023-12-04T08:53:16+00:00\" \/>\n<meta name=\"twitter:card\" content=\"summary_large_image\" \/>\n<meta name=\"twitter:label1\" content=\"Predpokladan\u00fd \u010das \u010d\u00edtania\" \/>\n\t<meta name=\"twitter:data1\" content=\"1 min\u00fata\" \/>\n<script type=\"application\/ld+json\" class=\"yoast-schema-graph\">{\"@context\":\"https:\/\/schema.org\",\"@graph\":[{\"@type\":\"WebPage\",\"@id\":\"https:\/\/www.srz-brezno.sk\/?page_id=4362\",\"url\":\"https:\/\/www.srz-brezno.sk\/?page_id=4362\",\"name\":\"Zaryb\u0148ovanie 2023 - Mo SRZ Brezno\",\"isPartOf\":{\"@id\":\"https:\/\/www.srz-brezno.sk\/#website\"},\"datePublished\":\"2023-04-14T18:22:40+00:00\",\"dateModified\":\"2023-12-04T08:53:16+00:00\",\"breadcrumb\":{\"@id\":\"https:\/\/www.srz-brezno.sk\/?page_id=4362#breadcrumb\"},\"inLanguage\":\"sk-SK\",\"potentialAction\":[{\"@type\":\"ReadAction\",\"target\":[\"https:\/\/www.srz-brezno.sk\/?page_id=4362\"]}]},{\"@type\":\"BreadcrumbList\",\"@id\":\"https:\/\/www.srz-brezno.sk\/?page_id=4362#breadcrumb\",\"itemListElement\":[{\"@type\":\"ListItem\",\"position\":1,\"name\":\"Home\",\"item\":\"https:\/\/www.srz-brezno.sk\/\"},{\"@type\":\"ListItem\",\"position\":2,\"name\":\"Zaryb\u0148ovanie 2023\"}]},{\"@type\":\"WebSite\",\"@id\":\"https:\/\/www.srz-brezno.sk\/#website\",\"url\":\"https:\/\/www.srz-brezno.sk\/\",\"name\":\"Mo SRZ Brezno\",\"description\":\"Dr. Clementisa 1217\/5 Brezno 977 01\",\"publisher\":{\"@id\":\"https:\/\/www.srz-brezno.sk\/#organization\"},\"potentialAction\":[{\"@type\":\"SearchAction\",\"target\":{\"@type\":\"EntryPoint\",\"urlTemplate\":\"https:\/\/www.srz-brezno.sk\/?s={search_term_string}\"},\"query-input\":{\"@type\":\"PropertyValueSpecification\",\"valueRequired\":true,\"valueName\":\"search_term_string\"}}],\"inLanguage\":\"sk-SK\"},{\"@type\":\"Organization\",\"@id\":\"https:\/\/www.srz-brezno.sk\/#organization\",\"name\":\"Mo SRZ Brezno\",\"url\":\"https:\/\/www.srz-brezno.sk\/\",\"logo\":{\"@type\":\"ImageObject\",\"inLanguage\":\"sk-SK\",\"@id\":\"https:\/\/www.srz-brezno.sk\/#\/schema\/logo\/image\/\",\"url\":\"https:\/\/www.srz-brezno.sk\/wp-content\/uploads\/2020\/03\/Screenshot_15.jpg\",\"contentUrl\":\"https:\/\/www.srz-brezno.sk\/wp-content\/uploads\/2020\/03\/Screenshot_15.jpg\",\"width\":1121,\"height\":790,\"caption\":\"Mo SRZ Brezno\"},\"image\":{\"@id\":\"https:\/\/www.srz-brezno.sk\/#\/schema\/logo\/image\/\"},\"sameAs\":[\"https:\/\/www.facebook.com\/groups\/982456918436663\/?ref=bookmarks\"]}]}<\/script>\n<!-- \/ Yoast SEO plugin. -->","yoast_head_json":{"title":"Zaryb\u0148ovanie 2023 - Mo SRZ Brezno","robots":{"index":"index","follow":"follow","max-snippet":"max-snippet:-1","max-image-preview":"max-image-preview:large","max-video-preview":"max-video-preview:-1"},"canonical":"https:\/\/www.srz-brezno.sk\/?page_id=4362","og_locale":"sk_SK","og_type":"article","og_title":"Zaryb\u0148ovanie 2023 - Mo SRZ Brezno","og_description":"1.12. VN Z\u00e1vadka n\/Hr. Kapor rybni\u010dn\u00fd K3 300kg 30.11. Hron \u010d.11b Podustva severn\u00e1 Pds1 4000ks 28.10. VN Z\u00e1vadka n\/Hr. Pstruh d\u00fahov\u00fd Pd2 90kg 26.10. VN Z\u00e1vadka n\/Hr. Amur biely Ab2-3 50kg 24.10. VN Z\u00e1vadka n\/Hr. Kapor rybni\u010dn\u00fd K70 136kg 24.10. VN Z\u00e1vadka n\/Hr. Kapor rybni\u010dn\u00fd K3 1500kg 5.10. VN Z\u00e1vadka n\/Hr. Pstruh d\u00fahov\u00fd Pd2 110kg Pre\u010d\u00edta\u0165 viac o Zaryb\u0148ovanie 2023[&hellip;]","og_url":"https:\/\/www.srz-brezno.sk\/?page_id=4362","og_site_name":"Mo SRZ Brezno","article_publisher":"https:\/\/www.facebook.com\/groups\/982456918436663\/?ref=bookmarks","article_modified_time":"2023-12-04T08:53:16+00:00","twitter_card":"summary_large_image","twitter_misc":{"Predpokladan\u00fd \u010das \u010d\u00edtania":"1 min\u00fata"},"schema":{"@context":"https:\/\/schema.org","@graph":[{"@type":"WebPage","@id":"https:\/\/www.srz-brezno.sk\/?page_id=4362","url":"https:\/\/www.srz-brezno.sk\/?page_id=4362","name":"Zaryb\u0148ovanie 2023 - Mo SRZ Brezno","isPartOf":{"@id":"https:\/\/www.srz-brezno.sk\/#website"},"datePublished":"2023-04-14T18:22:40+00:00","dateModified":"2023-12-04T08:53:16+00:00","breadcrumb":{"@id":"https:\/\/www.srz-brezno.sk\/?page_id=4362#breadcrumb"},"inLanguage":"sk-SK","potentialAction":[{"@type":"ReadAction","target":["https:\/\/www.srz-brezno.sk\/?page_id=4362"]}]},{"@type":"BreadcrumbList","@id":"https:\/\/www.srz-brezno.sk\/?page_id=4362#breadcrumb","itemListElement":[{"@type":"ListItem","position":1,"name":"Home","item":"https:\/\/www.srz-brezno.sk\/"},{"@type":"ListItem","position":2,"name":"Zaryb\u0148ovanie 2023"}]},{"@type":"WebSite","@id":"https:\/\/www.srz-brezno.sk\/#website","url":"https:\/\/www.srz-brezno.sk\/","name":"Mo SRZ Brezno","description":"Dr. Clementisa 1217\/5 Brezno 977 01","publisher":{"@id":"https:\/\/www.srz-brezno.sk\/#organization"},"potentialAction":[{"@type":"SearchAction","target":{"@type":"EntryPoint","urlTemplate":"https:\/\/www.srz-brezno.sk\/?s={search_term_string}"},"query-input":{"@type":"PropertyValueSpecification","valueRequired":true,"valueName":"search_term_string"}}],"inLanguage":"sk-SK"},{"@type":"Organization","@id":"https:\/\/www.srz-brezno.sk\/#organization","name":"Mo SRZ Brezno","url":"https:\/\/www.srz-brezno.sk\/","logo":{"@type":"ImageObject","inLanguage":"sk-SK","@id":"https:\/\/www.srz-brezno.sk\/#\/schema\/logo\/image\/","url":"https:\/\/www.srz-brezno.sk\/wp-content\/uploads\/2020\/03\/Screenshot_15.jpg","contentUrl":"https:\/\/www.srz-brezno.sk\/wp-content\/uploads\/2020\/03\/Screenshot_15.jpg","width":1121,"height":790,"caption":"Mo SRZ Brezno"},"image":{"@id":"https:\/\/www.srz-brezno.sk\/#\/schema\/logo\/image\/"},"sameAs":["https:\/\/www.facebook.com\/groups\/982456918436663\/?ref=bookmarks"]}]}},"_links":{"self":[{"href":"https:\/\/www.srz-brezno.sk\/index.php?rest_route=\/wp\/v2\/pages\/4362","targetHints":{"allow":["GET"]}}],"collection":[{"href":"https:\/\/www.srz-brezno.sk\/index.php?rest_route=\/wp\/v2\/pages"}],"about":[{"href":"https:\/\/www.srz-brezno.sk\/index.php?rest_route=\/wp\/v2\/types\/page"}],"author":[{"embeddable":true,"href":"https:\/\/www.srz-brezno.sk\/index.php?rest_route=\/wp\/v2\/users\/1"}],"replies":[{"embeddable":true,"href":"https:\/\/www.srz-brezno.sk\/index.php?rest_route=%2Fwp%2Fv2%2Fcomments&post=4362"}],"version-history":[{"count":18,"href":"https:\/\/www.srz-brezno.sk\/index.php?rest_route=\/wp\/v2\/pages\/4362\/revisions"}],"predecessor-version":[{"id":4811,"href":"https:\/\/www.srz-brezno.sk\/index.php?rest_route=\/wp\/v2\/pages\/4362\/revisions\/4811"}],"wp:attachment":[{"href":"https:\/\/www.srz-brezno.sk\/index.php?rest_route=%2Fwp%2Fv2%2Fmedia&parent=4362"}],"curies":[{"name":"wp","href":"https:\/\/api.w.org\/{rel}","templated":true}]}}