{"id":4883,"date":"2024-03-26T20:29:52","date_gmt":"2024-03-26T18:29:52","guid":{"rendered":"https:\/\/www.srz-brezno.sk\/?page_id=4883"},"modified":"2024-12-02T18:24:57","modified_gmt":"2024-12-02T16:24:57","slug":"zarybnovanie-2024","status":"publish","type":"page","link":"https:\/\/www.srz-brezno.sk\/?page_id=4883","title":{"rendered":"Zaryb\u0148ovanie 2024"},"content":{"rendered":"\n<table style=\"border-collapse: collapse; width: 100%; height: 634px;\">\n<tbody>\n<tr>\n<td style=\"width: 25%;\">15.11.<\/td>\n<td style=\"width: 25%;\">Hron \u010d.11<\/td>\n<td style=\"width: 25%;\">Podustva severn\u00e1 Pds1<\/td>\n<td style=\"width: 25%;\">30 000ks<\/td>\n<\/tr>\n<tr>\n<td style=\"width: 25%;\">12.11.<\/td>\n<td style=\"width: 25%;\">VN Z\u00e1vadka n\/Hr.<\/td>\n<td style=\"width: 25%;\">Kapor rybni\u010dn\u00fd K70<\/td>\n<td style=\"width: 25%;\">250kg<\/td>\n<\/tr>\n<tr>\n<td style=\"width: 25%;\">12.11.<\/td>\n<td style=\"width: 25%;\">VN Z\u00e1vadka n\/Hr.<\/td>\n<td style=\"width: 25%;\">Kapor rybni\u010dn\u00fd K3<\/td>\n<td style=\"width: 25%;\">1 500kg<\/td>\n<\/tr>\n<tr>\n<td style=\"width: 25%;\">9.11.<\/td>\n<td style=\"width: 25%;\">VN Z\u00e1vadka n\/Hr.<\/td>\n<td style=\"width: 25%;\">Zub\u00e1\u010d ve\u013eko\u00fasty Zu2<\/td>\n<td style=\"width: 25%;\">100 kg<\/td>\n<\/tr>\n<tr>\n<td style=\"width: 25%;\">30.10.<\/td>\n<td style=\"width: 25%;\">VN Z\u00e1vadka n\/Hr.<\/td>\n<td style=\"width: 25%;\">\u0160\u0165uka severn\u00e1 \u01601<\/td>\n<td style=\"width: 25%;\">75kg<\/td>\n<\/tr>\n<tr>\n<td style=\"width: 25%;\">30.10.<\/td>\n<td style=\"width: 25%;\">VN Z\u00e1vadka n\/Hr.<\/td>\n<td style=\"width: 25%;\">Zub\u00e1\u010d ve\u013eko\u00fasty Zu1<\/td>\n<td style=\"width: 25%;\">3000ks<\/td>\n<\/tr>\n<tr>\n<td style=\"width: 25%;\">2.10.<\/td>\n<td style=\"width: 25%;\">VN Z\u00e1vadka n\/Hr.<\/td>\n<td style=\"width: 25%;\">Pstruh d\u00fahov\u00fd<\/td>\n<td style=\"width: 25%;\">100kg<\/td>\n<\/tr>\n<tr>\n<td style=\"width: 25%;\">2.10.<\/td>\n<td style=\"width: 25%;\">Hron \u010d.12<\/td>\n<td style=\"width: 25%;\">Lipe\u0148 tymi\u00e1nov\u00fd<\/td>\n<td style=\"width: 25%;\">4 500ks<\/td>\n<\/tr>\n<tr>\n<td style=\"width: 25%;\">21.8.<\/td>\n<td style=\"width: 25%;\">Hron \u010d.11<\/td>\n<td style=\"width: 25%;\">Lipe\u0148 tymi\u00e1nov\u00fd<\/td>\n<td style=\"width: 25%;\">16 000ks<\/td>\n<\/tr>\n<tr style=\"height: 23px;\">\n<td style=\"width: 25%; height: 23px;\">4.8<\/td>\n<td style=\"width: 25%; height: 23px;\">Hron \u010d.11b<\/td>\n<td style=\"width: 25%; height: 23px;\">Pstruh d\u00fahov\u00fd<\/td>\n<td style=\"width: 25%; height: 23px;\">200kg<\/td>\n<\/tr>\n<tr style=\"height: 44px;\">\n<td style=\"width: 25%; height: 44px;\">1.8.<\/td>\n<td style=\"width: 25%; height: 44px;\">Hron \u010d.11b<\/td>\n<td style=\"width: 25%; height: 44px;\">Hlav\u00e1tka podunajsk\u00e1<\/td>\n<td style=\"width: 25%; height: 44px;\">2kg<\/td>\n<\/tr>\n<tr style=\"height: 65px;\">\n<td style=\"width: 25%; height: 65px;\">23.7.<\/td>\n<td style=\"width: 25%; height: 65px;\">VN Z\u00e1vadka n\/Hr.<\/td>\n<td style=\"width: 25%; height: 65px;\">\u00dahor eur\u00f3psky Um<\/td>\n<td style=\"width: 25%; height: 65px;\">325ks<\/td>\n<\/tr>\n<tr style=\"height: 23px;\">\n<td style=\"width: 25%; height: 23px;\">2.7.<\/td>\n<td style=\"width: 25%; height: 23px;\">VN Z\u00e1vadka n\/Hr.<\/td>\n<td style=\"width: 25%; height: 23px;\">Pstruh d\u00fahov\u00fd Pd2<\/td>\n<td style=\"width: 25%; height: 23px;\">\n<p>100kg<\/p>\n<\/td>\n<\/tr>\n<tr style=\"height: 65px;\">\n<td style=\"width: 25%; height: 65px;\">23.6.<\/td>\n<td style=\"width: 25%; height: 65px;\">Hron \u010d.12<\/td>\n<td style=\"width: 25%; height: 65px;\">Pstruh poto\u010dn\u00fd Pp1+<\/td>\n<td style=\"width: 25%; height: 65px;\">380kg<\/td>\n<\/tr>\n<tr style=\"height: 65px;\">\n<td style=\"width: 25%; height: 65px;\">22.6.<\/td>\n<td style=\"width: 25%; height: 65px;\">Chovn\u00e9 potoky<\/td>\n<td style=\"width: 25%; height: 65px;\">Pstruh poto\u010dn\u00fd Ppr<\/td>\n<td style=\"width: 25%; height: 65px;\">10.000ks<\/td>\n<\/tr>\n<tr style=\"height: 65px;\">\n<td style=\"width: 25%; height: 65px;\">21.6.<\/td>\n<td style=\"width: 25%; height: 65px;\">Hron \u010d.11b<\/td>\n<td style=\"width: 25%; height: 65px;\">Pstruh d\u00fahov\u00fd Pd2<\/td>\n<td style=\"width: 25%; height: 65px;\">200kg<\/td>\n<\/tr>\n<tr style=\"height: 65px;\">\n<td style=\"width: 25%; height: 65px;\">13.5.<\/td>\n<td style=\"width: 25%; height: 65px;\">Hron \u010d.12<\/td>\n<td style=\"width: 25%; height: 65px;\">Pstruh poto\u010dn\u00fd Pp2<\/td>\n<td style=\"width: 25%; height: 65px;\">175kg<\/td>\n<\/tr>\n<tr style=\"height: 87px;\">\n<td style=\"width: 25%; height: 87px;\">\n<p>11.5.<\/p>\n<\/td>\n<td style=\"width: 25%; height: 87px;\">Hron \u010d.12<\/td>\n<td style=\"width: 25%; height: 87px;\">Pstruh d\u00fahov\u00fd Pd2<\/td>\n<td style=\"width: 25%; height: 87px;\">100kg<\/td>\n<\/tr>\n<tr style=\"height: 44px;\">\n<td style=\"width: 25%; height: 44px;\">11.4.<\/td>\n<td style=\"width: 25%; height: 44px;\">Hron \u010d.12<\/td>\n<td style=\"width: 25%; height: 44px;\">Pstruh poto\u010dn\u00fd Pp2<\/td>\n<td style=\"width: 25%; height: 44px;\">155kg<\/td>\n<\/tr>\n<tr style=\"height: 44px;\">\n<td style=\"width: 25%; height: 44px;\">11.4.<\/td>\n<td style=\"width: 25%; height: 44px;\">Hron \u010d.12<\/td>\n<td style=\"width: 25%; height: 44px;\">Pstruh d\u00fahov\u00fd Pd2<\/td>\n<td style=\"width: 25%; height: 44px;\">100kg<\/td>\n<\/tr>\n<tr style=\"height: 44px;\">\n<td style=\"width: 25%; height: 44px;\">21.3.<\/td>\n<td style=\"width: 25%; height: 44px;\">VN Z\u00e1vadka n\/Hr.<\/td>\n<td style=\"width: 25%; height: 44px;\">Kapor rybni\u010dn\u00fd K3<\/td>\n<td style=\"width: 25%; height: 44px;\">1000kg<\/td>\n<\/tr>\n<\/tbody>\n<\/table>\n","protected":false},"excerpt":{"rendered":"<p>15.11. Hron \u010d.11 Podustva severn\u00e1 Pds1 30 000ks 12.11. VN Z\u00e1vadka n\/Hr. Kapor rybni\u010dn\u00fd K70 250kg 12.11. VN Z\u00e1vadka n\/Hr. Kapor rybni\u010dn\u00fd K3 1 500kg 9.11. VN Z\u00e1vadka n\/Hr. Zub\u00e1\u010d ve\u013eko\u00fasty Zu2 100 kg 30.10. VN Z\u00e1vadka n\/Hr. \u0160\u0165uka severn\u00e1 \u01601 75kg 30.10. VN Z\u00e1vadka n\/Hr. Zub\u00e1\u010d ve\u013eko\u00fasty Zu1 3000ks 2.10. VN Z\u00e1vadka n\/Hr. Pstruh <a href=\"https:\/\/www.srz-brezno.sk\/?page_id=4883\" rel=\"nofollow\"><span class=\"sr-only\">Pre\u010d\u00edta\u0165 viac o Zaryb\u0148ovanie 2024<\/span>[&hellip;]<\/a><\/p>\n","protected":false},"author":1,"featured_media":0,"parent":0,"menu_order":0,"comment_status":"closed","ping_status":"closed","template":"","meta":{"footnotes":""},"class_list":["post-4883","page","type-page","status-publish","hentry"],"yoast_head":"<!-- This site is optimized with the Yoast SEO plugin v26.8 - https:\/\/yoast.com\/product\/yoast-seo-wordpress\/ -->\n<title>Zaryb\u0148ovanie 2024 - Mo SRZ Brezno<\/title>\n<meta name=\"robots\" content=\"index, follow, max-snippet:-1, max-image-preview:large, max-video-preview:-1\" \/>\n<link rel=\"canonical\" href=\"https:\/\/www.srz-brezno.sk\/?page_id=4883\" \/>\n<meta property=\"og:locale\" content=\"sk_SK\" \/>\n<meta property=\"og:type\" content=\"article\" \/>\n<meta property=\"og:title\" content=\"Zaryb\u0148ovanie 2024 - Mo SRZ Brezno\" \/>\n<meta property=\"og:description\" content=\"15.11. Hron \u010d.11 Podustva severn\u00e1 Pds1 30 000ks 12.11. VN Z\u00e1vadka n\/Hr. Kapor rybni\u010dn\u00fd K70 250kg 12.11. VN Z\u00e1vadka n\/Hr. Kapor rybni\u010dn\u00fd K3 1 500kg 9.11. VN Z\u00e1vadka n\/Hr. Zub\u00e1\u010d ve\u013eko\u00fasty Zu2 100 kg 30.10. VN Z\u00e1vadka n\/Hr. \u0160\u0165uka severn\u00e1 \u01601 75kg 30.10. VN Z\u00e1vadka n\/Hr. Zub\u00e1\u010d ve\u013eko\u00fasty Zu1 3000ks 2.10. VN Z\u00e1vadka n\/Hr. Pstruh Pre\u010d\u00edta\u0165 viac o Zaryb\u0148ovanie 2024[&hellip;]\" \/>\n<meta property=\"og:url\" content=\"https:\/\/www.srz-brezno.sk\/?page_id=4883\" \/>\n<meta property=\"og:site_name\" content=\"Mo SRZ Brezno\" \/>\n<meta property=\"article:publisher\" content=\"https:\/\/www.facebook.com\/groups\/982456918436663\/?ref=bookmarks\" \/>\n<meta property=\"article:modified_time\" content=\"2024-12-02T16:24:57+00:00\" \/>\n<meta name=\"twitter:card\" content=\"summary_large_image\" \/>\n<meta name=\"twitter:label1\" content=\"Predpokladan\u00fd \u010das \u010d\u00edtania\" \/>\n\t<meta name=\"twitter:data1\" content=\"1 min\u00fata\" \/>\n<script type=\"application\/ld+json\" class=\"yoast-schema-graph\">{\"@context\":\"https:\/\/schema.org\",\"@graph\":[{\"@type\":\"WebPage\",\"@id\":\"https:\/\/www.srz-brezno.sk\/?page_id=4883\",\"url\":\"https:\/\/www.srz-brezno.sk\/?page_id=4883\",\"name\":\"Zaryb\u0148ovanie 2024 - Mo SRZ Brezno\",\"isPartOf\":{\"@id\":\"https:\/\/www.srz-brezno.sk\/#website\"},\"datePublished\":\"2024-03-26T18:29:52+00:00\",\"dateModified\":\"2024-12-02T16:24:57+00:00\",\"breadcrumb\":{\"@id\":\"https:\/\/www.srz-brezno.sk\/?page_id=4883#breadcrumb\"},\"inLanguage\":\"sk-SK\",\"potentialAction\":[{\"@type\":\"ReadAction\",\"target\":[\"https:\/\/www.srz-brezno.sk\/?page_id=4883\"]}]},{\"@type\":\"BreadcrumbList\",\"@id\":\"https:\/\/www.srz-brezno.sk\/?page_id=4883#breadcrumb\",\"itemListElement\":[{\"@type\":\"ListItem\",\"position\":1,\"name\":\"Home\",\"item\":\"https:\/\/www.srz-brezno.sk\/\"},{\"@type\":\"ListItem\",\"position\":2,\"name\":\"Zaryb\u0148ovanie 2024\"}]},{\"@type\":\"WebSite\",\"@id\":\"https:\/\/www.srz-brezno.sk\/#website\",\"url\":\"https:\/\/www.srz-brezno.sk\/\",\"name\":\"Mo SRZ Brezno\",\"description\":\"Dr. Clementisa 1217\/5 Brezno 977 01\",\"publisher\":{\"@id\":\"https:\/\/www.srz-brezno.sk\/#organization\"},\"potentialAction\":[{\"@type\":\"SearchAction\",\"target\":{\"@type\":\"EntryPoint\",\"urlTemplate\":\"https:\/\/www.srz-brezno.sk\/?s={search_term_string}\"},\"query-input\":{\"@type\":\"PropertyValueSpecification\",\"valueRequired\":true,\"valueName\":\"search_term_string\"}}],\"inLanguage\":\"sk-SK\"},{\"@type\":\"Organization\",\"@id\":\"https:\/\/www.srz-brezno.sk\/#organization\",\"name\":\"Mo SRZ Brezno\",\"url\":\"https:\/\/www.srz-brezno.sk\/\",\"logo\":{\"@type\":\"ImageObject\",\"inLanguage\":\"sk-SK\",\"@id\":\"https:\/\/www.srz-brezno.sk\/#\/schema\/logo\/image\/\",\"url\":\"https:\/\/www.srz-brezno.sk\/wp-content\/uploads\/2020\/03\/Screenshot_15.jpg\",\"contentUrl\":\"https:\/\/www.srz-brezno.sk\/wp-content\/uploads\/2020\/03\/Screenshot_15.jpg\",\"width\":1121,\"height\":790,\"caption\":\"Mo SRZ Brezno\"},\"image\":{\"@id\":\"https:\/\/www.srz-brezno.sk\/#\/schema\/logo\/image\/\"},\"sameAs\":[\"https:\/\/www.facebook.com\/groups\/982456918436663\/?ref=bookmarks\"]}]}<\/script>\n<!-- \/ Yoast SEO plugin. -->","yoast_head_json":{"title":"Zaryb\u0148ovanie 2024 - Mo SRZ Brezno","robots":{"index":"index","follow":"follow","max-snippet":"max-snippet:-1","max-image-preview":"max-image-preview:large","max-video-preview":"max-video-preview:-1"},"canonical":"https:\/\/www.srz-brezno.sk\/?page_id=4883","og_locale":"sk_SK","og_type":"article","og_title":"Zaryb\u0148ovanie 2024 - Mo SRZ Brezno","og_description":"15.11. Hron \u010d.11 Podustva severn\u00e1 Pds1 30 000ks 12.11. VN Z\u00e1vadka n\/Hr. Kapor rybni\u010dn\u00fd K70 250kg 12.11. VN Z\u00e1vadka n\/Hr. Kapor rybni\u010dn\u00fd K3 1 500kg 9.11. VN Z\u00e1vadka n\/Hr. Zub\u00e1\u010d ve\u013eko\u00fasty Zu2 100 kg 30.10. VN Z\u00e1vadka n\/Hr. \u0160\u0165uka severn\u00e1 \u01601 75kg 30.10. VN Z\u00e1vadka n\/Hr. Zub\u00e1\u010d ve\u013eko\u00fasty Zu1 3000ks 2.10. VN Z\u00e1vadka n\/Hr. Pstruh Pre\u010d\u00edta\u0165 viac o Zaryb\u0148ovanie 2024[&hellip;]","og_url":"https:\/\/www.srz-brezno.sk\/?page_id=4883","og_site_name":"Mo SRZ Brezno","article_publisher":"https:\/\/www.facebook.com\/groups\/982456918436663\/?ref=bookmarks","article_modified_time":"2024-12-02T16:24:57+00:00","twitter_card":"summary_large_image","twitter_misc":{"Predpokladan\u00fd \u010das \u010d\u00edtania":"1 min\u00fata"},"schema":{"@context":"https:\/\/schema.org","@graph":[{"@type":"WebPage","@id":"https:\/\/www.srz-brezno.sk\/?page_id=4883","url":"https:\/\/www.srz-brezno.sk\/?page_id=4883","name":"Zaryb\u0148ovanie 2024 - Mo SRZ Brezno","isPartOf":{"@id":"https:\/\/www.srz-brezno.sk\/#website"},"datePublished":"2024-03-26T18:29:52+00:00","dateModified":"2024-12-02T16:24:57+00:00","breadcrumb":{"@id":"https:\/\/www.srz-brezno.sk\/?page_id=4883#breadcrumb"},"inLanguage":"sk-SK","potentialAction":[{"@type":"ReadAction","target":["https:\/\/www.srz-brezno.sk\/?page_id=4883"]}]},{"@type":"BreadcrumbList","@id":"https:\/\/www.srz-brezno.sk\/?page_id=4883#breadcrumb","itemListElement":[{"@type":"ListItem","position":1,"name":"Home","item":"https:\/\/www.srz-brezno.sk\/"},{"@type":"ListItem","position":2,"name":"Zaryb\u0148ovanie 2024"}]},{"@type":"WebSite","@id":"https:\/\/www.srz-brezno.sk\/#website","url":"https:\/\/www.srz-brezno.sk\/","name":"Mo SRZ Brezno","description":"Dr. Clementisa 1217\/5 Brezno 977 01","publisher":{"@id":"https:\/\/www.srz-brezno.sk\/#organization"},"potentialAction":[{"@type":"SearchAction","target":{"@type":"EntryPoint","urlTemplate":"https:\/\/www.srz-brezno.sk\/?s={search_term_string}"},"query-input":{"@type":"PropertyValueSpecification","valueRequired":true,"valueName":"search_term_string"}}],"inLanguage":"sk-SK"},{"@type":"Organization","@id":"https:\/\/www.srz-brezno.sk\/#organization","name":"Mo SRZ Brezno","url":"https:\/\/www.srz-brezno.sk\/","logo":{"@type":"ImageObject","inLanguage":"sk-SK","@id":"https:\/\/www.srz-brezno.sk\/#\/schema\/logo\/image\/","url":"https:\/\/www.srz-brezno.sk\/wp-content\/uploads\/2020\/03\/Screenshot_15.jpg","contentUrl":"https:\/\/www.srz-brezno.sk\/wp-content\/uploads\/2020\/03\/Screenshot_15.jpg","width":1121,"height":790,"caption":"Mo SRZ Brezno"},"image":{"@id":"https:\/\/www.srz-brezno.sk\/#\/schema\/logo\/image\/"},"sameAs":["https:\/\/www.facebook.com\/groups\/982456918436663\/?ref=bookmarks"]}]}},"_links":{"self":[{"href":"https:\/\/www.srz-brezno.sk\/index.php?rest_route=\/wp\/v2\/pages\/4883","targetHints":{"allow":["GET"]}}],"collection":[{"href":"https:\/\/www.srz-brezno.sk\/index.php?rest_route=\/wp\/v2\/pages"}],"about":[{"href":"https:\/\/www.srz-brezno.sk\/index.php?rest_route=\/wp\/v2\/types\/page"}],"author":[{"embeddable":true,"href":"https:\/\/www.srz-brezno.sk\/index.php?rest_route=\/wp\/v2\/users\/1"}],"replies":[{"embeddable":true,"href":"https:\/\/www.srz-brezno.sk\/index.php?rest_route=%2Fwp%2Fv2%2Fcomments&post=4883"}],"version-history":[{"count":17,"href":"https:\/\/www.srz-brezno.sk\/index.php?rest_route=\/wp\/v2\/pages\/4883\/revisions"}],"predecessor-version":[{"id":5313,"href":"https:\/\/www.srz-brezno.sk\/index.php?rest_route=\/wp\/v2\/pages\/4883\/revisions\/5313"}],"wp:attachment":[{"href":"https:\/\/www.srz-brezno.sk\/index.php?rest_route=%2Fwp%2Fv2%2Fmedia&parent=4883"}],"curies":[{"name":"wp","href":"https:\/\/api.w.org\/{rel}","templated":true}]}}