{"id":657,"date":"2020-03-25T00:32:54","date_gmt":"2020-03-25T00:32:54","guid":{"rendered":"http:\/\/www.srz-brezno.sk\/?page_id=657"},"modified":"2020-12-19T20:38:54","modified_gmt":"2020-12-19T18:38:54","slug":"2020-2","status":"publish","type":"page","link":"https:\/\/www.srz-brezno.sk\/?page_id=657","title":{"rendered":"Zaryb\u0148ovanie 2020"},"content":{"rendered":"<style type=\"text\/css\">\n#foogallery-gallery-2279 .fg-image { width: 150px; }\n#foogallery-gallery-2279 { --fg-gutter: 10px; }<\/style>\n\t\t\t<div class=\"foogallery foogallery-container foogallery-default foogallery-lightbox-foobox fg-center fg-default fg-ready fg-light fg-border-thin fg-shadow-outline fg-loading-default fg-loaded-fade-in fg-caption-hover fg-hover-fade fg-hover-zoom\" id=\"foogallery-gallery-2279\" data-foogallery=\"{&quot;item&quot;:{&quot;showCaptionTitle&quot;:true,&quot;showCaptionDescription&quot;:true},&quot;lazy&quot;:true}\" style=\"--fg-title-line-clamp: 0; --fg-description-line-clamp: 0;\" >\n\t<div class=\"fg-item fg-type-image fg-idle\"><figure class=\"fg-item-inner\"><a href=\"https:\/\/www.srz-brezno.sk\/wp-content\/uploads\/2020\/12\/z2020.jpg\" data-attachment-id=\"2280\" data-type=\"image\" class=\"fg-thumb\"><span class=\"fg-image-wrap\"><img decoding=\"async\" width=\"150\" height=\"150\" class=\"skip-lazy fg-image\" data-src-fg=\"https:\/\/www.srz-brezno.sk\/wp-content\/uploads\/cache\/2020\/12\/z2020\/964073036.jpg\" src=\"data:image\/svg+xml,%3Csvg%20xmlns%3D%22http%3A%2F%2Fwww.w3.org%2F2000%2Fsvg%22%20width%3D%22150%22%20height%3D%22150%22%20viewBox%3D%220%200%20150%20150%22%3E%3C%2Fsvg%3E\" loading=\"eager\"><\/span><span class=\"fg-image-overlay\"><\/span><\/a><\/figure><div class=\"fg-loader\"><\/div><\/div><\/div>\n\n\n<p style=\"text-align: center;\"><span style=\"color: #000000;\">Pre zv\u00e4\u010d\u0161enie kliknite na obr\u00e1zok.<\/span><\/p>\n\n\n<table style=\"border-collapse: collapse; width: 100%; height: 491px;\">\n<tbody>\n<tr>\n<td style=\"width: 25%;\">28. 11. 2020<\/td>\n<td style=\"width: 25%;\">VN Z\u00e1vadka<\/td>\n<td style=\"width: 25%;\">Zub\u00e1\u010d Zu2<\/td>\n<td style=\"width: 25%;\">\u00a0 \u00a0 \u00a0100kg<\/td>\n<\/tr>\n<tr>\n<td style=\"width: 25%;\">28. 11. 2020<\/td>\n<td style=\"width: 25%;\">VN Z\u00e1vadka<\/td>\n<td style=\"width: 25%;\">Plesk\u00e1\u010d Pl2<\/td>\n<td style=\"width: 25%;\">\u00a0 \u00a0 \u00a0200kg<\/td>\n<\/tr>\n<tr>\n<td style=\"width: 25%;\">25. 11. 2020<\/td>\n<td style=\"width: 25%;\">Hron<\/td>\n<td style=\"width: 25%;\">Pstruh poto\u010dn\u00fd Pp2<\/td>\n<td style=\"width: 25%;\">\u00a0 \u00a0 150kg<\/td>\n<\/tr>\n<tr>\n<td style=\"width: 25%;\">16. 11. 2020<\/td>\n<td style=\"width: 25%;\">VN Z\u00e1vadka<\/td>\n<td style=\"width: 25%;\">\u0160\u0165uka severn\u00e1 \u0160\u01652<\/td>\n<td style=\"width: 25%;\">\u00a0 \u00a0 \u00a0 50kg<\/td>\n<\/tr>\n<tr>\n<td style=\"width: 25%;\">16. 11. 2020<\/td>\n<td style=\"width: 25%;\">VN Z\u00e1vadka<\/td>\n<td style=\"width: 25%;\">Amur biely Ab 2-3<\/td>\n<td style=\"width: 25%;\">\u00a0 \u00a0 \u00a0 50kg<\/td>\n<\/tr>\n<tr>\n<td style=\"width: 25%;\">15. 11. 2020<\/td>\n<td style=\"width: 25%;\">VN Z\u00e1vadka<\/td>\n<td style=\"width: 25%;\">Karas Ka1<\/td>\n<td style=\"width: 25%;\">\u00a0<\/td>\n<\/tr>\n<tr>\n<td style=\"width: 25%;\">15. 10. 2020<\/td>\n<td style=\"width: 25%;\">VN Z\u00e1vadka<\/td>\n<td style=\"width: 25%;\">Lie\u0148 sliznat\u00fd L2<\/td>\n<td style=\"width: 25%;\">\u00a0 \u00a0 100kg<\/td>\n<\/tr>\n<tr>\n<td style=\"width: 25%;\">\u00a0 9. 10. 2020<\/td>\n<td style=\"width: 25%;\">VN Z\u00e1vadka<\/td>\n<td style=\"width: 25%;\">Kapor K2<\/td>\n<td style=\"width: 25%;\">\u00a0 \u00a0 200kg<\/td>\n<\/tr>\n<tr>\n<td style=\"width: 25%;\">\u00a0 9. 10. 2020<\/td>\n<td style=\"width: 25%;\">VN Z\u00e1vadka<\/td>\n<td style=\"width: 25%;\">Kapor K3<\/td>\n<td style=\"width: 25%;\">\u00a0 \u00a01000kg<\/td>\n<\/tr>\n<tr>\n<td style=\"width: 25%;\">\u00a0 9. 10. 2020<\/td>\n<td style=\"width: 25%;\">VN Z\u00e1vadka<\/td>\n<td style=\"width: 25%;\">Kapor K4+<\/td>\n<td style=\"width: 25%;\">\u00a0 \u00a0 \u00a0260kg<\/td>\n<\/tr>\n<tr>\n<td style=\"width: 25%;\">\u00a0 9. 10. 2020<\/td>\n<td style=\"width: 25%;\">VN Z\u00e1vadka<\/td>\n<td style=\"width: 25%;\">Karas Ka2<\/td>\n<td style=\"width: 25%;\">\u00a0 \u00a0 \u00a0200kg<\/td>\n<\/tr>\n<tr>\n<td style=\"width: 25%;\">14. 9. 2020<\/td>\n<td style=\"width: 25%;\">VN Z\u00e1vadka<\/td>\n<td style=\"width: 25%;\">Pstruh d\u00fahov\u00fd PD2<\/td>\n<td style=\"width: 25%;\">\u00a0 \u00a0 \u00a0200kg<\/td>\n<\/tr>\n<tr>\n<td style=\"width: 25%;\">14. 9. 2020<\/td>\n<td style=\"width: 25%;\">Hron \u010d.11<\/td>\n<td style=\"width: 25%;\">Podustva severn\u00e1 Pds1<\/td>\n<td style=\"width: 25%;\">\u00a0 3 000ks<\/td>\n<\/tr>\n<tr style=\"height: 23px;\">\n<td style=\"width: 25%; height: 23px;\">31. 8. 2020<\/td>\n<td style=\"width: 25%; height: 23px;\">Hron \u010d.11<\/td>\n<td style=\"width: 25%; height: 23px;\">Lipe\u0148 tymi\u00e1nov\u00fd Li1<\/td>\n<td style=\"width: 25%; height: 23px;\">11 000ks<\/td>\n<\/tr>\n<tr style=\"height: 43px;\">\n<td style=\"width: 25%; height: 43px;\">27. 8. 2020<\/td>\n<td style=\"width: 25%; height: 43px;\">Hron \u010d.12<\/td>\n<td style=\"width: 25%; height: 43px;\">Lipe\u0148 tymi\u00e1nov\u00fd Li1<\/td>\n<td style=\"width: 25%; height: 43px;\">16 000ks<\/td>\n<\/tr>\n<tr style=\"height: 43px;\">\n<td style=\"width: 25%; height: 43px;\">11. 8. 2020<\/td>\n<td style=\"width: 25%; height: 43px;\">Hron \u010d.12 a 11b<\/td>\n<td style=\"width: 25%; height: 43px;\">Lipe\u0148 tymi\u00e1nov\u00fd Li1+<\/td>\n<td style=\"width: 25%; height: 43px;\">\u00a0 7 000ks<\/td>\n<\/tr>\n<tr style=\"height: 23px;\">\n<td style=\"width: 25%; height: 23px;\">\u00a0 8. 8. 2020<\/td>\n<td style=\"width: 25%; height: 23px;\">Potoky MO<\/td>\n<td style=\"width: 25%; height: 23px;\">Pstruh poto\u010dn\u00fd Ppr<\/td>\n<td style=\"width: 25%; height: 23px;\">12 500ks<\/td>\n<\/tr>\n<tr style=\"height: 23px;\">\n<td style=\"width: 25%; height: 23px;\">15. 7. 2020<\/td>\n<td style=\"width: 25%; height: 23px;\">Hron \u010d.11b<\/td>\n<td style=\"width: 25%; height: 23px;\">Lipe\u0148 tymi\u00e1nov\u00fd Li1+<\/td>\n<td style=\"width: 25%; height: 23px;\">\u00a0 2 000ks<\/td>\n<\/tr>\n<tr style=\"height: 23px;\">\n<td style=\"width: 25%; height: 23px;\">10. 7. 2020<\/td>\n<td style=\"width: 25%; height: 23px;\">Hron \u010d.11a<\/td>\n<td style=\"width: 25%; height: 23px;\">Pstruh d\u00fahov\u00fd PD2<\/td>\n<td style=\"width: 25%; height: 23px;\">\u00a0 \u00a0 \u00a0 24kg<\/td>\n<\/tr>\n<tr style=\"height: 43px;\">\n<td style=\"width: 25%; height: 43px;\">10. 7. 2020<\/td>\n<td style=\"width: 25%; height: 43px;\">Hron \u010d.11b<\/td>\n<td style=\"width: 25%; height: 43px;\">Pstruh d\u00fahov\u00fd PD2<\/td>\n<td style=\"width: 25%; height: 43px;\">\u00a0 \u00a0 200kg<\/td>\n<\/tr>\n<tr style=\"height: 43px;\">\n<td style=\"width: 25%; height: 43px;\">\u00a0 8. 6. 2020<\/td>\n<td style=\"width: 25%; height: 43px;\">Chovn\u00e9 potoky<\/td>\n<td style=\"width: 25%; height: 43px;\">Pstruh poto\u010dn\u00fd Ppr<\/td>\n<td style=\"width: 25%; height: 43px;\">10 000ks<\/td>\n<\/tr>\n<tr style=\"height: 21px;\">\n<td style=\"width: 25%; height: 21px;\">\u00a0 6. 6. 2020<\/td>\n<td style=\"width: 25%; height: 21px;\">Hron \u010d.12<\/td>\n<td style=\"width: 25%; height: 21px;\">Pstruh poto\u010dn\u00fd Pp1+\u00a0<\/td>\n<td style=\"width: 25%; height: 21px;\">\u00a0 \u00a0300kg<\/td>\n<\/tr>\n<tr style=\"height: 41px;\">\n<td style=\"width: 25%; height: 41px;\">29. 5. 2020<\/td>\n<td style=\"width: 25%; height: 41px;\">Hron \u010d.11b<\/td>\n<td style=\"width: 25%; height: 41px;\">Pstruh d\u00fahov\u00fd PD2<\/td>\n<td style=\"width: 25%; height: 41px;\">\u00a0 \u00a0200kg<\/td>\n<\/tr>\n<tr style=\"height: 21px;\">\n<td style=\"width: 25%; height: 21px;\">21. 5. 2020<\/td>\n<td style=\"width: 25%; height: 21px;\">VN Z\u00e1vadka<\/td>\n<td style=\"width: 25%; height: 21px;\">\u00dahor Um<\/td>\n<td style=\"width: 25%; height: 21px;\">\u00a0 \u00a0325ks<\/td>\n<\/tr>\n<tr style=\"height: 41px;\">\n<td style=\"width: 25%; height: 41px;\">16. 5. 2020<\/td>\n<td style=\"width: 25%; height: 41px;\">Hron \u010d.12<\/td>\n<td style=\"width: 25%; height: 41px;\">Pstruh d\u00fahov\u00fd PD2<\/td>\n<td style=\"width: 25%; height: 41px;\">\u00a0 \u00a0200kg<\/td>\n<\/tr>\n<tr style=\"height: 41px;\">\n<td style=\"width: 25%; height: 41px;\">\u00a0 7. 5. 2020<\/td>\n<td style=\"width: 25%; height: 41px;\">VN Z\u00e1vadka\u00a0<\/td>\n<td style=\"width: 25%; height: 41px;\">Plesk\u00e1\u010d vysok\u00fd Pl2<\/td>\n<td style=\"width: 25%; height: 41px;\">\u00a0 \u00a0200kg<\/td>\n<\/tr>\n<tr style=\"height: 41px;\">\n<td style=\"width: 25%; height: 41px;\">\u00a0 9. 4. 2020<\/td>\n<td style=\"width: 25%; height: 41px;\">Hron \u010d.12<\/td>\n<td style=\"width: 25%; height: 41px;\">Pstruh d\u00fahov\u00fd PD2<\/td>\n<td style=\"width: 25%; height: 41px;\">\u00a0 \u00a0300kg<\/td>\n<\/tr>\n<tr style=\"height: 21px;\">\n<td style=\"width: 25%; height: 21px;\">26. 3. 2020<\/td>\n<td style=\"width: 25%; height: 21px;\">VN Z\u00e1vadka\u00a0<\/td>\n<td style=\"width: 25%; height: 21px;\">Kapor K3<\/td>\n<td style=\"width: 25%; height: 21px;\">1 000kg<\/td>\n<\/tr>\n<\/tbody>\n<\/table>\n\n\n","protected":false},"excerpt":{"rendered":"<p>Pre zv\u00e4\u010d\u0161enie kliknite na obr\u00e1zok. 28. 11. 2020 VN Z\u00e1vadka Zub\u00e1\u010d Zu2 \u00a0 \u00a0 \u00a0100kg 28. 11. 2020 VN Z\u00e1vadka Plesk\u00e1\u010d Pl2 \u00a0 \u00a0 \u00a0200kg 25. 11. 2020 Hron Pstruh poto\u010dn\u00fd Pp2 \u00a0 \u00a0 150kg 16. 11. 2020 VN Z\u00e1vadka \u0160\u0165uka severn\u00e1 \u0160\u01652 \u00a0 \u00a0 \u00a0 50kg 16. 11. 2020 VN Z\u00e1vadka Amur biely Ab <a href=\"https:\/\/www.srz-brezno.sk\/?page_id=657\" rel=\"nofollow\"><span class=\"sr-only\">Pre\u010d\u00edta\u0165 viac o Zaryb\u0148ovanie 2020<\/span>[&hellip;]<\/a><\/p>\n","protected":false},"author":1,"featured_media":0,"parent":0,"menu_order":0,"comment_status":"closed","ping_status":"closed","template":"","meta":{"footnotes":""},"class_list":["post-657","page","type-page","status-publish","hentry"],"yoast_head":"<!-- This site is optimized with the Yoast SEO plugin v26.8 - https:\/\/yoast.com\/product\/yoast-seo-wordpress\/ -->\n<title>Zaryb\u0148ovanie 2020 - Mo SRZ Brezno<\/title>\n<meta name=\"robots\" content=\"index, follow, max-snippet:-1, max-image-preview:large, max-video-preview:-1\" \/>\n<link rel=\"canonical\" href=\"https:\/\/www.srz-brezno.sk\/?page_id=657\" \/>\n<meta property=\"og:locale\" content=\"sk_SK\" \/>\n<meta property=\"og:type\" content=\"article\" \/>\n<meta property=\"og:title\" content=\"Zaryb\u0148ovanie 2020 - Mo SRZ Brezno\" \/>\n<meta property=\"og:description\" content=\"Pre zv\u00e4\u010d\u0161enie kliknite na obr\u00e1zok. 28. 11. 2020 VN Z\u00e1vadka Zub\u00e1\u010d Zu2 \u00a0 \u00a0 \u00a0100kg 28. 11. 2020 VN Z\u00e1vadka Plesk\u00e1\u010d Pl2 \u00a0 \u00a0 \u00a0200kg 25. 11. 2020 Hron Pstruh poto\u010dn\u00fd Pp2 \u00a0 \u00a0 150kg 16. 11. 2020 VN Z\u00e1vadka \u0160\u0165uka severn\u00e1 \u0160\u01652 \u00a0 \u00a0 \u00a0 50kg 16. 11. 2020 VN Z\u00e1vadka Amur biely Ab Pre\u010d\u00edta\u0165 viac o Zaryb\u0148ovanie 2020[&hellip;]\" \/>\n<meta property=\"og:url\" content=\"https:\/\/www.srz-brezno.sk\/?page_id=657\" \/>\n<meta property=\"og:site_name\" content=\"Mo SRZ Brezno\" \/>\n<meta property=\"article:publisher\" content=\"https:\/\/www.facebook.com\/groups\/982456918436663\/?ref=bookmarks\" \/>\n<meta property=\"article:modified_time\" content=\"2020-12-19T18:38:54+00:00\" \/>\n<meta name=\"twitter:card\" content=\"summary_large_image\" \/>\n<meta name=\"twitter:label1\" content=\"Predpokladan\u00fd \u010das \u010d\u00edtania\" \/>\n\t<meta name=\"twitter:data1\" content=\"1 min\u00fata\" \/>\n<script type=\"application\/ld+json\" class=\"yoast-schema-graph\">{\"@context\":\"https:\/\/schema.org\",\"@graph\":[{\"@type\":\"WebPage\",\"@id\":\"https:\/\/www.srz-brezno.sk\/?page_id=657\",\"url\":\"https:\/\/www.srz-brezno.sk\/?page_id=657\",\"name\":\"Zaryb\u0148ovanie 2020 - Mo SRZ Brezno\",\"isPartOf\":{\"@id\":\"https:\/\/www.srz-brezno.sk\/#website\"},\"datePublished\":\"2020-03-25T00:32:54+00:00\",\"dateModified\":\"2020-12-19T18:38:54+00:00\",\"breadcrumb\":{\"@id\":\"https:\/\/www.srz-brezno.sk\/?page_id=657#breadcrumb\"},\"inLanguage\":\"sk-SK\",\"potentialAction\":[{\"@type\":\"ReadAction\",\"target\":[\"https:\/\/www.srz-brezno.sk\/?page_id=657\"]}]},{\"@type\":\"BreadcrumbList\",\"@id\":\"https:\/\/www.srz-brezno.sk\/?page_id=657#breadcrumb\",\"itemListElement\":[{\"@type\":\"ListItem\",\"position\":1,\"name\":\"Home\",\"item\":\"https:\/\/www.srz-brezno.sk\/\"},{\"@type\":\"ListItem\",\"position\":2,\"name\":\"Zaryb\u0148ovanie 2020\"}]},{\"@type\":\"WebSite\",\"@id\":\"https:\/\/www.srz-brezno.sk\/#website\",\"url\":\"https:\/\/www.srz-brezno.sk\/\",\"name\":\"Mo SRZ Brezno\",\"description\":\"Dr. Clementisa 1217\/5 Brezno 977 01\",\"publisher\":{\"@id\":\"https:\/\/www.srz-brezno.sk\/#organization\"},\"potentialAction\":[{\"@type\":\"SearchAction\",\"target\":{\"@type\":\"EntryPoint\",\"urlTemplate\":\"https:\/\/www.srz-brezno.sk\/?s={search_term_string}\"},\"query-input\":{\"@type\":\"PropertyValueSpecification\",\"valueRequired\":true,\"valueName\":\"search_term_string\"}}],\"inLanguage\":\"sk-SK\"},{\"@type\":\"Organization\",\"@id\":\"https:\/\/www.srz-brezno.sk\/#organization\",\"name\":\"Mo SRZ Brezno\",\"url\":\"https:\/\/www.srz-brezno.sk\/\",\"logo\":{\"@type\":\"ImageObject\",\"inLanguage\":\"sk-SK\",\"@id\":\"https:\/\/www.srz-brezno.sk\/#\/schema\/logo\/image\/\",\"url\":\"https:\/\/www.srz-brezno.sk\/wp-content\/uploads\/2020\/03\/Screenshot_15.jpg\",\"contentUrl\":\"https:\/\/www.srz-brezno.sk\/wp-content\/uploads\/2020\/03\/Screenshot_15.jpg\",\"width\":1121,\"height\":790,\"caption\":\"Mo SRZ Brezno\"},\"image\":{\"@id\":\"https:\/\/www.srz-brezno.sk\/#\/schema\/logo\/image\/\"},\"sameAs\":[\"https:\/\/www.facebook.com\/groups\/982456918436663\/?ref=bookmarks\"]}]}<\/script>\n<!-- \/ Yoast SEO plugin. -->","yoast_head_json":{"title":"Zaryb\u0148ovanie 2020 - Mo SRZ Brezno","robots":{"index":"index","follow":"follow","max-snippet":"max-snippet:-1","max-image-preview":"max-image-preview:large","max-video-preview":"max-video-preview:-1"},"canonical":"https:\/\/www.srz-brezno.sk\/?page_id=657","og_locale":"sk_SK","og_type":"article","og_title":"Zaryb\u0148ovanie 2020 - Mo SRZ Brezno","og_description":"Pre zv\u00e4\u010d\u0161enie kliknite na obr\u00e1zok. 28. 11. 2020 VN Z\u00e1vadka Zub\u00e1\u010d Zu2 \u00a0 \u00a0 \u00a0100kg 28. 11. 2020 VN Z\u00e1vadka Plesk\u00e1\u010d Pl2 \u00a0 \u00a0 \u00a0200kg 25. 11. 2020 Hron Pstruh poto\u010dn\u00fd Pp2 \u00a0 \u00a0 150kg 16. 11. 2020 VN Z\u00e1vadka \u0160\u0165uka severn\u00e1 \u0160\u01652 \u00a0 \u00a0 \u00a0 50kg 16. 11. 2020 VN Z\u00e1vadka Amur biely Ab Pre\u010d\u00edta\u0165 viac o Zaryb\u0148ovanie 2020[&hellip;]","og_url":"https:\/\/www.srz-brezno.sk\/?page_id=657","og_site_name":"Mo SRZ Brezno","article_publisher":"https:\/\/www.facebook.com\/groups\/982456918436663\/?ref=bookmarks","article_modified_time":"2020-12-19T18:38:54+00:00","twitter_card":"summary_large_image","twitter_misc":{"Predpokladan\u00fd \u010das \u010d\u00edtania":"1 min\u00fata"},"schema":{"@context":"https:\/\/schema.org","@graph":[{"@type":"WebPage","@id":"https:\/\/www.srz-brezno.sk\/?page_id=657","url":"https:\/\/www.srz-brezno.sk\/?page_id=657","name":"Zaryb\u0148ovanie 2020 - Mo SRZ Brezno","isPartOf":{"@id":"https:\/\/www.srz-brezno.sk\/#website"},"datePublished":"2020-03-25T00:32:54+00:00","dateModified":"2020-12-19T18:38:54+00:00","breadcrumb":{"@id":"https:\/\/www.srz-brezno.sk\/?page_id=657#breadcrumb"},"inLanguage":"sk-SK","potentialAction":[{"@type":"ReadAction","target":["https:\/\/www.srz-brezno.sk\/?page_id=657"]}]},{"@type":"BreadcrumbList","@id":"https:\/\/www.srz-brezno.sk\/?page_id=657#breadcrumb","itemListElement":[{"@type":"ListItem","position":1,"name":"Home","item":"https:\/\/www.srz-brezno.sk\/"},{"@type":"ListItem","position":2,"name":"Zaryb\u0148ovanie 2020"}]},{"@type":"WebSite","@id":"https:\/\/www.srz-brezno.sk\/#website","url":"https:\/\/www.srz-brezno.sk\/","name":"Mo SRZ Brezno","description":"Dr. Clementisa 1217\/5 Brezno 977 01","publisher":{"@id":"https:\/\/www.srz-brezno.sk\/#organization"},"potentialAction":[{"@type":"SearchAction","target":{"@type":"EntryPoint","urlTemplate":"https:\/\/www.srz-brezno.sk\/?s={search_term_string}"},"query-input":{"@type":"PropertyValueSpecification","valueRequired":true,"valueName":"search_term_string"}}],"inLanguage":"sk-SK"},{"@type":"Organization","@id":"https:\/\/www.srz-brezno.sk\/#organization","name":"Mo SRZ Brezno","url":"https:\/\/www.srz-brezno.sk\/","logo":{"@type":"ImageObject","inLanguage":"sk-SK","@id":"https:\/\/www.srz-brezno.sk\/#\/schema\/logo\/image\/","url":"https:\/\/www.srz-brezno.sk\/wp-content\/uploads\/2020\/03\/Screenshot_15.jpg","contentUrl":"https:\/\/www.srz-brezno.sk\/wp-content\/uploads\/2020\/03\/Screenshot_15.jpg","width":1121,"height":790,"caption":"Mo SRZ Brezno"},"image":{"@id":"https:\/\/www.srz-brezno.sk\/#\/schema\/logo\/image\/"},"sameAs":["https:\/\/www.facebook.com\/groups\/982456918436663\/?ref=bookmarks"]}]}},"_links":{"self":[{"href":"https:\/\/www.srz-brezno.sk\/index.php?rest_route=\/wp\/v2\/pages\/657","targetHints":{"allow":["GET"]}}],"collection":[{"href":"https:\/\/www.srz-brezno.sk\/index.php?rest_route=\/wp\/v2\/pages"}],"about":[{"href":"https:\/\/www.srz-brezno.sk\/index.php?rest_route=\/wp\/v2\/types\/page"}],"author":[{"embeddable":true,"href":"https:\/\/www.srz-brezno.sk\/index.php?rest_route=\/wp\/v2\/users\/1"}],"replies":[{"embeddable":true,"href":"https:\/\/www.srz-brezno.sk\/index.php?rest_route=%2Fwp%2Fv2%2Fcomments&post=657"}],"version-history":[{"count":29,"href":"https:\/\/www.srz-brezno.sk\/index.php?rest_route=\/wp\/v2\/pages\/657\/revisions"}],"predecessor-version":[{"id":2981,"href":"https:\/\/www.srz-brezno.sk\/index.php?rest_route=\/wp\/v2\/pages\/657\/revisions\/2981"}],"wp:attachment":[{"href":"https:\/\/www.srz-brezno.sk\/index.php?rest_route=%2Fwp%2Fv2%2Fmedia&parent=657"}],"curies":[{"name":"wp","href":"https:\/\/api.w.org\/{rel}","templated":true}]}}