{"id":906,"date":"2020-04-13T08:14:17","date_gmt":"2020-04-13T08:14:17","guid":{"rendered":"http:\/\/www.srz-brezno.sk\/?page_id=906"},"modified":"2025-12-18T10:17:16","modified_gmt":"2025-12-18T08:17:16","slug":"uznesie-vyboru-4-2020","status":"publish","type":"page","link":"https:\/\/www.srz-brezno.sk\/?page_id=906","title":{"rendered":"Obe\u017en\u00edk 1\/2026"},"content":{"rendered":"\n<p><strong>Slovensk\u00fd ryb\u00e1rsky zv\u00e4z, Organiza\u010dn\u00e1 zlo\u017eka v Brezne<\/strong><\/p>\n\n\n\n<p><strong>OBE\u017dN\u00cdK 1\/ 2026<\/strong><\/p>\n\n\n\n<p>pre v\u0161etk\u00fdch \u010dlenov Organiza\u010dnej zlo\u017eky SRZ v&nbsp;Brezne<\/p>\n\n\n\n<ol class=\"wp-block-list\">\n<li><strong><u>KONANIE V\u00ddRO\u010cNEJ \u010cLENSKEJ SCH\u00d4DZE<\/u><\/strong><\/li>\n<\/ol>\n\n\n\n<p>Pod\u013ea stanov SRZ a&nbsp;pl\u00e1nu \u010dinnost\u00ed, zvol\u00e1va v\u00fdbor OZ SRZ v&nbsp;Brezne V\u010cS na de\u0148&nbsp; <strong><u>21. marca 2026(sobota)<\/u><\/strong><\/p>\n\n\n\n<p><strong><u>zo za\u010diatkom o&nbsp;16:00 hod. v&nbsp;hoteli \u010eumbier na N\u00e1mest\u00ed gen.M.R.\u0160tef\u00e1nika 31 v&nbsp;Brezne.<\/u><\/strong><\/p>\n\n\n\n<p><strong>&nbsp;\u00da\u010das\u0165 \u010dlena SRZ na V\u010cS je jednou zo z\u00e1kladn\u00fdch povinnost\u00ed \u010dlena SRZ.<\/strong><\/p>\n\n\n\n<p><strong>&nbsp;\u00da\u010das\u0165 \u010dlena na \u010dlenskej sch\u00f4dzi sa eviduje.<\/strong><\/p>\n\n\n\n<p>&nbsp;Deti a ml\u00e1de\u017e sa V\u010cS nez\u00fa\u010dast\u0148uj\u00fa !<\/p>\n\n\n\n<ol start=\"2\" class=\"wp-block-list\">\n<li><strong><u>PLATBY ZA \u010cLENSK\u00c9 ZN\u00c1MKY, POVOLENKY K\u00a0RYBOLOVU A\u00a0OSTATN\u00c9 POPLATKY<\/u><\/strong><\/li>\n<\/ol>\n\n\n\n<p>V zmysle Smernice SRZ Rada&nbsp; o platen\u00ed z\u00e1pisn\u00e9ho, \u010dlensk\u00fdch pr\u00edspevkov a o vyd\u00e1van\u00ed povolen\u00ed na rybolov platnej od 13.12.2025, v\u00fdbor OZ SRZ v Brezne schv\u00e1lil pre rok 2026 &nbsp;nasledovn\u00e9 v\u00fd\u0161ky \u010dlensk\u00fdch pr\u00edspevkov a ceny povolen\u00ed.&nbsp;&nbsp;&nbsp;<\/p>\n\n\n\n<figure class=\"wp-block-table\"><table class=\"has-fixed-layout\"><tbody><tr><td><strong>Druh ceniny<\/strong><\/td><td><strong>Cena<\/strong> v \u20ac<\/td><td><strong>Pozn\u00e1mka<\/strong><\/td><\/tr><tr><td>\u010clensk\u00e1 zn\u00e1mka pre dospel\u00fdch<\/td><td>&nbsp;&nbsp;&nbsp;&nbsp;&nbsp; 45 \u20ac<\/td><td>&nbsp;<\/td><\/tr><tr><td>\u010clensk\u00e1 zn\u00e1mka pre ml\u00e1de\u017e od 15 do 18 rokov<\/td><td>&nbsp;&nbsp;&nbsp;&nbsp;&nbsp; 25 \u20ac<\/td><td>&nbsp;<\/td><\/tr><tr><td>\u010clensk\u00e1 zn\u00e1mka pre deti od 6 do 15 rokov<\/td><td>&nbsp;&nbsp;&nbsp;&nbsp;&nbsp;&nbsp;&nbsp; 3 \u20ac<\/td><td>&nbsp;<\/td><\/tr><tr><td>Kaprov\u00e1 zv\u00e4zov\u00e1 pre dospel\u00fdch a&nbsp;ml\u00e1de\u017e od 15 r.&nbsp;<\/td><td>&nbsp;&nbsp;&nbsp;&nbsp;&nbsp; 76 \u20ac<\/td><td>&nbsp;<\/td><\/tr><tr><td>Kaprov\u00e1 miestna pre dospel\u00fdch a&nbsp;ml\u00e1de\u017e od 15 r.<\/td><td>&nbsp;&nbsp;&nbsp;&nbsp;&nbsp; 60 \u20ac<\/td><td>&nbsp;<\/td><\/tr><tr><td>Kaprov\u00e1 miestna pre dospel\u00fdch<\/td><td>&nbsp;&nbsp;&nbsp;&nbsp;&nbsp; 90 \u20ac<\/td><td>Ne\u010dlen OZ Brezno<\/td><\/tr><tr><td>Pstruhov\u00e1 miestna pre dospel\u00fdch<\/td><td>&nbsp;&nbsp;&nbsp;&nbsp;&nbsp; 50 \u20ac<\/td><td>&nbsp;<\/td><\/tr><tr><td>Pstruhov\u00e1 miestna pre dospel\u00fdch<\/td><td>&nbsp;&nbsp; 70 \u20ac<\/td><td>Ne\u010dlen OZ Brezno<\/td><\/tr><tr><td>Lip\u0148ov\u00e1 zv\u00e4zov\u00e1 pre dospel\u00fdch<\/td><td>&nbsp;&nbsp;&nbsp;&nbsp;&nbsp; 71 \u20ac<\/td><td>&nbsp;<\/td><\/tr><tr><td>Lip\u0148ov\u00e1 miestna pre dospel\u00fdch<\/td><td>&nbsp;&nbsp;&nbsp;&nbsp;&nbsp; 50 \u20ac<\/td><td>&nbsp;<\/td><\/tr><tr><td>Kaprov\u00e1 zv\u00e4zov\u00e1 pre deti do 15 rokov<\/td><td>&nbsp;&nbsp;&nbsp;&nbsp;&nbsp; 15 \u20ac<\/td><td>&nbsp;<\/td><\/tr><tr><td>Kaprov\u00e1 miestna pre deti do 15 rokov<\/td><td>&nbsp;&nbsp;&nbsp;&nbsp;&nbsp; 14 \u20ac<\/td><td>&nbsp;<\/td><\/tr><tr><td>Pstruhov\u00e1 miestna pre deti do 15 rokov<\/td><td>&nbsp;&nbsp;&nbsp;&nbsp;&nbsp; 15 \u20ac<\/td><td>&nbsp;<\/td><\/tr><tr><td>Lip\u0148ov\u00e1 miestna pre deti do 15 rokov<\/td><td>&nbsp;&nbsp;&nbsp;&nbsp;&nbsp; 17 \u20ac<\/td><td>&nbsp;<\/td><\/tr><tr><td>Manipula\u010dn\u00fd poplatok<\/td><td>&nbsp;&nbsp;&nbsp;&nbsp;&nbsp;&nbsp;&nbsp; 2 \u20ac<\/td><td>&nbsp;<\/td><\/tr><tr><td>Mimoriadna zn\u00e1mka 2026<\/td><td>&nbsp;&nbsp;&nbsp;&nbsp;&nbsp;&nbsp;&nbsp; 5 \u20ac<\/td><td>&nbsp;<\/td><\/tr><\/tbody><\/table><\/figure>\n\n\n\n<p>Zak\u00fapenie zv\u00e4zovej povolenky kaprovej alebo lip\u0148ovej je podmienen\u00e9 zak\u00fapen\u00edm si miestnej&nbsp; povolenky.&nbsp; Zv\u00e4zov\u00e1 kaprov\u00e1 povolenka neplat\u00ed na VN v&nbsp;Z\u00e1vadke nad Hronom.<\/p>\n\n\n\n<p>Ceny denn\u00fdch povolen\u00ed pre rok 2026 na vody pstruhov\u00e9 a&nbsp;lip\u0148ov\u00e9&nbsp; je 15\u20ac a&nbsp;na vody kaprov\u00e9 vo v\u00fd\u0161ke 20 \u20ac na jeden de\u0148 pre \u010dlenov SRZ. Ceny denn\u00fdch&nbsp; povolen\u00ed pre ne\u010dlenov SRZ s\u00fa na pstruhov\u00e9 vody 30 \u20ac a&nbsp;na lip\u0148ov\u00e9 a&nbsp;kaprov\u00e9 vody 20 \u20ac.<\/p>\n\n\n\n<p><strong>Z\u00e1pisn\u00e9<\/strong><\/p>\n\n\n\n<p><strong>Nov\u00fd \u010dlen&nbsp; z\u00e1pisn\u00e9 80 \u20ac.<\/strong><\/p>\n\n\n\n<p>\u010clen OZ ,&nbsp; ktor\u00fd si v&nbsp;roku 2025 nezaplatil&nbsp; \u010dlensk\u00e9, alebo p\u00edsomne nepo\u017eiadal o&nbsp;preru\u0161enie \u010dlenstva najviac v\u0161ak na&nbsp; dobu dvoch rokov sa pova\u017euje za nov\u00e9ho \u010dlena a&nbsp;teda mus\u00ed zaplati\u0165 <strong>z\u00e1pisn\u00e9 vo v\u00fd\u0161ke 80 \u20ac.<\/strong><\/p>\n\n\n\n<p>Deti do 15 rokov a&nbsp;ml\u00e1de\u017e, ktor\u00ed sa v&nbsp;tomto roku stan\u00fa nov\u00fdmi \u010dlenmi zaplatia <strong>z\u00e1pisn\u00e9 vo v\u00fd\u0161ke 5 \u20ac. &nbsp; &nbsp;&nbsp;<\/strong> Do preukazu &nbsp;ryb\u00e1ra je potrebn\u00e9 vlepi\u0165 fotografiu o rozmere 3 x 4 cm.<\/p>\n\n\n\n<p><strong>K&nbsp;vydaniu povolenia na rybolov mus\u00ed ma\u0165 ka\u017ed\u00fd \u017eiadate\u013e splnen\u00e9 nasledovn\u00e9 krit\u00e9ria:<\/strong><\/p>\n\n\n\n<ul class=\"wp-block-list\">\n<li>odovzdan\u00fd z\u00e1znam o\u00a0\u00falovkoch za rok 2025,<\/li>\n\n\n\n<li>platn\u00fd \u0161t\u00e1tny ryb\u00e1rsky l\u00edstok (vyd\u00e1va Ms\u00da alebo Oc\u00da v\u00a0mieste bydliska),<\/li>\n\n\n\n<li>odpracovan\u00fa \u010dlensk\u00fa brig\u00e1du. Ak \u010dlen v\u00a0roku 2025 neodpracoval 10 hodinov\u00fa brig\u00e1du, je povinn\u00fd uhradi\u0165 8<strong> \u20ac<\/strong> za ka\u017ed\u00fa brig\u00e1dnick\u00fa hodinu, spolu 80 eur.<\/li>\n\n\n\n<li>d\u00f4chodcovia od 62 rokov, dr\u017eitelia preukazu Z\u0164P, \u017eeny a ml\u00e1de\u017e do 18 rokov nie s\u00fa povinn\u00fd odpracova\u0165 brig\u00e1dy<\/li>\n<\/ul>\n\n\n\n<p>Dr\u017eitelia preukazu <strong>Z\u0164P \u2013 S&nbsp;a&nbsp;d\u00f4chodcovia nad 70 rokov<\/strong>&nbsp;maj\u00fa jedno miestne povolenie na rybolov na vody OZ SRZ v&nbsp;Brezne za cenu 10 eur .<\/p>\n\n\n\n<ol start=\"3\" class=\"wp-block-list\">\n<li><strong><u>VYD\u00c1VANIE POVOLEN\u00cd<\/u><\/strong><\/li>\n<\/ol>\n\n\n\n<p>Povolenia&nbsp;&nbsp; na&nbsp;&nbsp; rybolov&nbsp; a&nbsp; \u010dlensk\u00e9&nbsp; zn\u00e1mky sa&nbsp; bud\u00fa&nbsp; vyd\u00e1va\u0165&nbsp; za&nbsp; finan\u010dn\u00fa&nbsp; \u00fahradu&nbsp; v hotovosti&nbsp;&nbsp; v&nbsp; kancel\u00e1rii<\/p>\n\n\n\n<p><strong>OZ SRZ v&nbsp;Brezne , ul. Dr. Clementisa \u010d.1217\/5<\/strong><\/p>\n\n\n\n<ul class=\"wp-block-list\">\n<li><strong>Pondelok 29.12.2025 \u00a0 \u00a0 \u00a0 \u00a0 \u00a0\u00a0\u00a0 16,00 \u2013 19,00 hod<\/strong><\/li>\n\n\n\n<li><strong>Piatok\u00a0\u00a0\u00a0\u00a0\u00a0\u00a0\u00a0 16.1.2026\u00a0\u00a0\u00a0\u00a0\u00a0\u00a0\u00a0\u00a0\u00a0\u00a0\u00a0\u00a0 16,00 \u2013 19,00 hod<\/strong><\/li>\n\n\n\n<li><strong>Piatok\u00a0\u00a0\u00a0\u00a0\u00a0\u00a0\u00a0 30.1.2026\u00a0\u00a0\u00a0\u00a0\u00a0\u00a0\u00a0\u00a0\u00a0\u00a0\u00a0\u00a0 16,00 \u2013 19,00 hod<\/strong><\/li>\n\n\n\n<li><strong>Sobota\u00a0\u00a0\u00a0\u00a0\u00a0\u00a0 14.2.2026\u00a0\u00a0\u00a0\u00a0\u00a0\u00a0\u00a0\u00a0\u00a0\u00a0\u00a0 \u00a0\u00a0 8,00 \u2013 11,30 hod \u2013 \u0161kolenie nov\u00fdch \u010dlenov 12,00 \u2013 13,30 hod<\/strong><\/li>\n\n\n\n<li><strong>Piatok\u00a0\u00a0\u00a0\u00a0\u00a0\u00a0\u00a0 27.2.2026 \u00a0 \u00a0 \u00a0 \u00a0 \u00a0\u00a0\u00a0 16,00 \u2013 19,00 hod<\/strong><\/li>\n\n\n\n<li><strong>Sobota\u00a0\u00a0\u00a0\u00a0\u00a0\u00a0 14.3.2026\u00a0\u00a0\u00a0\u00a0\u00a0\u00a0\u00a0\u00a0\u00a0\u00a0\u00a0\u00a0\u00a0\u00a0 8,00 \u2013 12,00 hod\u00a0\u00a0\u00a0\u00a0\u00a0\u00a0\u00a0\u00a0\u00a0\u00a0\u00a0\u00a0\u00a0<\/strong><\/li>\n\n\n\n<li><strong>Sobota\u00a0\u00a0\u00a0\u00a0\u00a0\u00a0 28.3.2026\u00a0\u00a0\u00a0\u00a0\u00a0\u00a0\u00a0\u00a0\u00a0\u00a0\u00a0 \u00a0\u00a0 8,00 \u2013 12,00 hod<\/strong><\/li>\n\n\n\n<li><strong>Piatok \u00a0\u00a0\u00a0\u00a0\u00a0\u00a0 10.4.2026\u00a0\u00a0\u00a0\u00a0\u00a0\u00a0\u00a0\u00a0\u00a0\u00a0\u00a0\u00a0\u00a0 16,00 \u2013 19,00 hod<\/strong><\/li>\n\n\n\n<li><strong>Piatok\u00a0\u00a0\u00a0\u00a0\u00a0\u00a0\u00a0 24.4.2026\u00a0\u00a0\u00a0\u00a0\u00a0\u00a0\u00a0\u00a0\u00a0\u00a0\u00a0\u00a0\u00a0 16,00 \u2013 19,00 hod<\/strong><\/li>\n\n\n\n<li><strong>Piatok\u00a0\u00a0\u00a0\u00a0\u00a0\u00a0\u00a0 22.5.2026\u00a0\u00a0\u00a0\u00a0\u00a0\u00a0\u00a0\u00a0\u00a0\u00a0\u00a0\u00a0\u00a0 16,00 \u2013 19,00 hod<\/strong><\/li>\n<\/ul>\n\n\n\n<p>K&nbsp;v\u00fddaju&nbsp; povolen\u00ed je potrebn\u00e9 predlo\u017ei\u0165 : \u010dlensk\u00fd preukaz, platn\u00fd \u0161t\u00e1tny ryb\u00e1rsky l\u00edstok.<strong><u>Zaplatenie \u010dlensk\u00e9ho&nbsp; pr\u00edspevku&nbsp; mus\u00ed by\u0165 uhraden\u00e9 do 31.3.2026. Nedodr\u017ean\u00edm term\u00ednu platby \u010dlensk\u00e9ho, \u010dlenstvo v&nbsp;SRZ zanik\u00e1.<\/u><\/strong><\/p>\n\n\n\n<p>\u0160kolenie nov\u00fdch \u010dlenov bude prebieha\u0165 na z\u00e1klade \u017eiadost\u00ed o&nbsp;prijatie za \u010dlena SRZ, resp. pozv\u00e1nky konkr\u00e9tnych uch\u00e1dza\u010dov o&nbsp;\u010dlenstvo v&nbsp;SRZ.<\/p>\n\n\n\n<p><strong>&nbsp;Obnovenie \u010dlenstva v&nbsp;danom roku do 30.6.2026 je podmienen\u00e9 zaplaten\u00edm z\u00e1pisn\u00e9ho v&nbsp;sume 10 \u20ac, po uplynut\u00ed tohoto term\u00ednu, ako aj obnovenie \u010dlenstva v&nbsp;nasleduj\u00facom roku je podmienen\u00e9 zaplaten\u00edm z\u00e1pisn\u00e9ho 80,00 \u20ac , ako u&nbsp;nov\u00e9ho \u010dlena.<\/strong><\/p>\n\n\n\n<p><strong>Denn\u00e9 povolenia<\/strong> na vody kaprov\u00e9, pstruhov\u00e9 a lip\u0148ov\u00e9 sa vyd\u00e1vaj\u00fa:<\/p>\n\n\n\n<p><strong>v<\/strong>&nbsp;<strong>Obchode \u201eHronka\u201c<\/strong>,<strong> v Brezne Mazorn\u00edkovo, Cesta oslobodite\u013eov 1837\/8<\/strong><\/p>\n\n\n\n<p><strong>v&nbsp; obchode s rozli\u010dn\u00fdm tovarom Ramu\u013eka, v Z\u00e1vadke nad Hronom&nbsp; Oslobodite\u013eov 143,<\/strong><\/p>\n\n\n\n<p><strong>v motoreste&nbsp;Motorstop, Zadn\u00e9 H\u00e1lny, Vagn\u00e1rska 10 .<\/strong><\/p>\n\n\n\n<p><strong>Zvl\u00e1\u0161tne&nbsp; povolenia na rybolov na v\u0161etky vody SRZ v&nbsp;cene 600 \u20ac a&nbsp;zvl\u00e1\u0161tne povolenie bez mo\u017enosti privlastnenia si \u00falovku v&nbsp;cene 400 \u20ac vyd\u00e1va Rada SRZ \u017dilina,<\/strong> na z\u00e1klade \u017eiadosti, ktor\u00fa si \u017eiadate\u013e predlo\u017e\u00ed na schv\u00e1lenie&nbsp; v\u00fdboru OZ SRZ v Brezne a n\u00e1sledne za\u0161le na SRZ RADA v \u017diline.<\/p>\n\n\n\n<ol start=\"4\" class=\"wp-block-list\">\n<li><strong><u>KONANIE CELO\u010cLENSK\u00ddCH BRIG\u00c1D V\u00a0ROKU 2026.<\/u><\/strong><\/li>\n<\/ol>\n\n\n\n<p>Term\u00edny a&nbsp;miesto konania \u010dlensk\u00fdch brig\u00e1d :<\/p>\n\n\n\n<p><strong><u>Chovn\u00e9 potoky<\/u><\/strong><\/p>\n\n\n\n<p>15.8.2026&nbsp; \u2013&nbsp; potok Gindura \u2013 \u010distenie potoka<\/p>\n\n\n\n<p>22.8.2026&nbsp; \u2013&nbsp; potok Krivu\u013ea \u2013&nbsp; \u010distenie potoka<\/p>\n\n\n\n<p><strong><u>VN Z\u00e1vadka nad Hronom<\/u><\/strong><\/p>\n\n\n\n<p>28.2.2026&nbsp; \u2013&nbsp; odstra\u0148ovanie n\u00e1letov\u00fdch drev\u00edn<\/p>\n\n\n\n<p>30.5.2026&nbsp; \u2013&nbsp; kosenie a&nbsp;\u00faprava VN<\/p>\n\n\n\n<p>27.6.2026&nbsp; \u2013&nbsp; kosenie a&nbsp;\u00faprava VN<\/p>\n\n\n\n<p>&nbsp; 8.8.2026&nbsp; \u2013&nbsp; kosenie okolia VN<\/p>\n\n\n\n<p><strong><u>Chata Bac\u00fach<\/u><\/strong><\/p>\n\n\n\n<p>04.04.2026 \u2013 upratovanie a&nbsp;\u00fadr\u017eba okolia chaty<\/p>\n\n\n\n<p>05.09.2026 \u2013 upratovanie a&nbsp;\u00fadr\u017eba okolia chaty<\/p>\n\n\n\n<p><strong>Mimoriadne brig\u00e1dy bud\u00fa zverejnen\u00e9 na internetovej str\u00e1nke OZ SRZ Brezno.<\/strong><\/p>\n\n\n\n<p><strong><u>Pou\u017eitie vlastn\u00e9ho&nbsp;krovinorezu a&nbsp;motorovej p\u00edly sa po\u010d\u00edta ako dvojn\u00e1sobne odpracovan\u00e1 doba ale v\u00fdhradne po dohode s&nbsp;ved\u00facim brig\u00e1dy.<\/u><\/strong><\/p>\n\n\n\n<p><strong>V\u00fdlov potokov a&nbsp;vys\u00e1dzanie n\u00e1sad si koordinuj\u00fa hospod\u00e1ri Ivan Nosko a&nbsp;Michal Rusko<\/strong>.<\/p>\n\n\n\n<p><strong>UPOZORNENIE !<\/strong><\/p>\n\n\n\n<p><strong>Ka\u017ed\u00fd ryb\u00e1r je v&nbsp;zmysle z\u00e1kona povinn\u00fd udr\u017eiava\u0165 na lovnom mieste poriadok. Na poriadok&nbsp; bude dohliada\u0165 ryb\u00e1rska str\u00e1\u017e a&nbsp;pri poru\u0161en\u00ed bude postupova\u0165 v zmysle z\u00e1kona a&nbsp;disciplin\u00e1rneho poriadku SRZ.<\/strong><\/p>\n\n\n\n<ol start=\"5\" class=\"wp-block-list\">\n<li><strong><u>KONANIE PRETEKOV .<\/u><\/strong><\/li>\n<\/ol>\n\n\n\n<p>V\u00fdbor OZ SRZ pod\u013ea pl\u00e1nu hlavn\u00fdch \u00faloh pre rok 2026&nbsp; usporiada tradi\u010dn\u00e9 ryb\u00e1rske preteky nasledovne:<\/p>\n\n\n\n<p><strong>Preteky dospel\u00ed:<\/strong><\/p>\n\n\n\n<p><strong>Otv\u00e1racie preteky<\/strong><strong> na VN Z\u00e1vadka nad Hronom d\u0148a 16.5. 2026<\/strong><\/p>\n\n\n\n<p><strong>Horehronsk\u00fd blysk\u00e1\u010d \u2013 pr\u00edvla\u010dov\u00e9 preteky na rieke Hron 21.6.2026<\/strong><\/p>\n\n\n\n<p><strong>Horehronsk\u00fd Carp Cup \u2013 teamov\u00e9 72hod VN Z\u00e1vadka n\/Hr&nbsp; 13.8 \u2013 16.8.2026<\/strong><\/p>\n\n\n\n<p><strong>Mu\u0161k\u00e1rske preteky \u201eO poh\u00e1r predsedu\u201c&nbsp; na rieke Hron 13.9.2026<\/strong><\/p>\n\n\n\n<p><strong>Preteky deti:<\/strong><\/p>\n\n\n\n<p><strong>Eduka\u010dn\u00e9 a metodick\u00e9 preteky det\u00ed VN Z\u00e1vadka nad Hronom 10.5.2026<\/strong><\/p>\n\n\n\n<p><strong>Otv\u00e1racie preteky na VN Z\u00e1vadka nad Hronom 17.5.2026<\/strong><\/p>\n\n\n\n<p><strong>Horehronsk\u00fd D\u00faha\u010dik \u2013 pr\u00edvla\u010dov\u00e9 preteky VN Z\u00e1vadka nad Hronom 3.10.2026<\/strong><\/p>\n\n\n\n<p>Podmienky a&nbsp;sp\u00f4sob lovu bud\u00fa upresnen\u00e9 na web str\u00e1nke a pri n\u00e1stupe pretek\u00e1rov.<\/p>\n\n\n\n<ol start=\"6\" class=\"wp-block-list\">\n<li><strong><u>DOBROVO\u013dN\u00c9 POUK\u00c1ZANIE 2 % Z\u00a0DANI ZO MZDY<\/u><\/strong><\/li>\n<\/ol>\n\n\n\n<p>&nbsp;Za rok 2025 je mo\u017en\u00e9 pouk\u00e1za\u0165 2 % zaplatenej dane zo mzdy&nbsp; pre OZ SRZ v&nbsp;Brezne.<\/p>\n\n\n\n<p>Tla\u010div\u00e1 si m\u00f4\u017eete stiahnu\u0165 z&nbsp;na\u0161ej internetovej str\u00e1nky <a href=\"http:\/\/www.srz-brezno.sk\">www.srz-brezno.sk<\/a>, alebo vyzdvihn\u00fa\u0165 v kancel\u00e1rii OZ SRZ v Brezne.<\/p>\n\n\n\n<p>\u00dadaje o&nbsp;pr\u00edjemcovi &nbsp;2 % z&nbsp;dane s\u00fa u\u017e na tla\u010dive vyplnen\u00e9.<\/p>\n\n\n\n<p>Vyplnen\u00e9 tla\u010div\u00e1 doru\u010d\u00edte&nbsp; na Da\u0148ov\u00fd \u00farad pr\u00edslu\u0161n\u00e9ho spr\u00e1vcu dane platite\u013ea.&nbsp;&nbsp;<\/p>\n\n\n\n<p><strong>Term\u00edn odovzdania tla\u010d\u00edv na pr\u00edslu\u0161n\u00fd Da\u0148ov\u00fd \u00farad je&nbsp; do konca apr\u00edla 2026.&nbsp;<\/strong><\/p>\n\n\n\n<p>Pozn. V&nbsp;pr\u00edpade nejasnost\u00ed konzultujte s&nbsp;hl. \u00fa\u010dtovn\u00edkom OZ SRZ &nbsp;Ing. Ambrosom, tel<strong>. 0905 622 448.<\/strong><\/p>\n\n\n\n<p><strong>Do novej ryb\u00e1rskej sez\u00f3ny V\u00e1m v\u00fdbor OZ SRZ praje ve\u013ea zdravia a&nbsp;pekn\u00fdch<\/strong><\/p>\n\n\n\n<p><strong>z\u00e1\u017eitkov zo spolo\u010dnej z\u00e1\u013euby.<\/strong><\/p>\n\n\n\n<p>December 2025&nbsp;&nbsp;&nbsp;&nbsp;&nbsp;&nbsp;&nbsp;&nbsp;&nbsp;&nbsp;&nbsp;&nbsp;&nbsp;&nbsp;&nbsp;&nbsp;&nbsp;&nbsp;&nbsp;&nbsp;&nbsp;&nbsp;&nbsp;&nbsp;&nbsp;&nbsp;&nbsp;&nbsp;&nbsp;&nbsp;&nbsp;&nbsp;&nbsp;&nbsp;&nbsp;&nbsp;&nbsp;&nbsp;&nbsp;&nbsp;&nbsp;&nbsp;&nbsp;&nbsp;&nbsp;&nbsp;&nbsp;&nbsp;&nbsp;&nbsp;&nbsp;&nbsp;&nbsp;&nbsp;&nbsp;&nbsp;&nbsp;&nbsp;&nbsp;&nbsp;&nbsp;&nbsp;&nbsp;&nbsp;&nbsp;&nbsp;&nbsp;&nbsp;&nbsp;&nbsp;&nbsp;&nbsp;&nbsp;&nbsp;&nbsp;&nbsp;&nbsp;&nbsp;&nbsp;&nbsp;&nbsp;&nbsp;&nbsp;&nbsp;&nbsp;&nbsp;&nbsp;&nbsp;&nbsp;&nbsp;&nbsp;&nbsp;&nbsp;&nbsp;&nbsp;&nbsp;&nbsp;&nbsp;&nbsp; V\u00fdbor OZ&nbsp; SRZ v&nbsp;Brezne<\/p>\n","protected":false},"excerpt":{"rendered":"<p>Slovensk\u00fd ryb\u00e1rsky zv\u00e4z, Organiza\u010dn\u00e1 zlo\u017eka v Brezne OBE\u017dN\u00cdK 1\/ 2026 pre v\u0161etk\u00fdch \u010dlenov Organiza\u010dnej zlo\u017eky SRZ v&nbsp;Brezne Pod\u013ea stanov SRZ a&nbsp;pl\u00e1nu \u010dinnost\u00ed, zvol\u00e1va v\u00fdbor OZ SRZ v&nbsp;Brezne V\u010cS na de\u0148&nbsp; 21. marca 2026(sobota) zo za\u010diatkom o&nbsp;16:00 hod. v&nbsp;hoteli \u010eumbier na N\u00e1mest\u00ed gen.M.R.\u0160tef\u00e1nika 31 v&nbsp;Brezne. &nbsp;\u00da\u010das\u0165 \u010dlena SRZ na V\u010cS je jednou zo z\u00e1kladn\u00fdch povinnost\u00ed \u010dlena <a href=\"https:\/\/www.srz-brezno.sk\/?page_id=906\" rel=\"nofollow\"><span class=\"sr-only\">Pre\u010d\u00edta\u0165 viac o Obe\u017en\u00edk 1\/2026<\/span>[&hellip;]<\/a><\/p>\n","protected":false},"author":1,"featured_media":0,"parent":0,"menu_order":0,"comment_status":"closed","ping_status":"closed","template":"","meta":{"footnotes":""},"class_list":["post-906","page","type-page","status-publish","hentry"],"yoast_head":"<!-- This site is optimized with the Yoast SEO plugin v26.8 - https:\/\/yoast.com\/product\/yoast-seo-wordpress\/ -->\n<title>Obe\u017en\u00edk 1\/2026 - Mo SRZ Brezno<\/title>\n<meta name=\"robots\" content=\"index, follow, max-snippet:-1, max-image-preview:large, max-video-preview:-1\" \/>\n<link rel=\"canonical\" href=\"https:\/\/www.srz-brezno.sk\/?page_id=906\" \/>\n<meta property=\"og:locale\" content=\"sk_SK\" \/>\n<meta property=\"og:type\" content=\"article\" \/>\n<meta property=\"og:title\" content=\"Obe\u017en\u00edk 1\/2026 - Mo SRZ Brezno\" \/>\n<meta property=\"og:description\" content=\"Slovensk\u00fd ryb\u00e1rsky zv\u00e4z, Organiza\u010dn\u00e1 zlo\u017eka v Brezne OBE\u017dN\u00cdK 1\/ 2026 pre v\u0161etk\u00fdch \u010dlenov Organiza\u010dnej zlo\u017eky SRZ v&nbsp;Brezne Pod\u013ea stanov SRZ a&nbsp;pl\u00e1nu \u010dinnost\u00ed, zvol\u00e1va v\u00fdbor OZ SRZ v&nbsp;Brezne V\u010cS na de\u0148&nbsp; 21. marca 2026(sobota) zo za\u010diatkom o&nbsp;16:00 hod. v&nbsp;hoteli \u010eumbier na N\u00e1mest\u00ed gen.M.R.\u0160tef\u00e1nika 31 v&nbsp;Brezne. &nbsp;\u00da\u010das\u0165 \u010dlena SRZ na V\u010cS je jednou zo z\u00e1kladn\u00fdch povinnost\u00ed \u010dlena Pre\u010d\u00edta\u0165 viac o Obe\u017en\u00edk 1\/2026[&hellip;]\" \/>\n<meta property=\"og:url\" content=\"https:\/\/www.srz-brezno.sk\/?page_id=906\" \/>\n<meta property=\"og:site_name\" content=\"Mo SRZ Brezno\" \/>\n<meta property=\"article:publisher\" content=\"https:\/\/www.facebook.com\/groups\/982456918436663\/?ref=bookmarks\" \/>\n<meta property=\"article:modified_time\" content=\"2025-12-18T08:17:16+00:00\" \/>\n<meta name=\"twitter:card\" content=\"summary_large_image\" \/>\n<meta name=\"twitter:label1\" content=\"Predpokladan\u00fd \u010das \u010d\u00edtania\" \/>\n\t<meta name=\"twitter:data1\" content=\"7 min\u00fat\" \/>\n<script type=\"application\/ld+json\" class=\"yoast-schema-graph\">{\"@context\":\"https:\/\/schema.org\",\"@graph\":[{\"@type\":\"WebPage\",\"@id\":\"https:\/\/www.srz-brezno.sk\/?page_id=906\",\"url\":\"https:\/\/www.srz-brezno.sk\/?page_id=906\",\"name\":\"Obe\u017en\u00edk 1\/2026 - Mo SRZ Brezno\",\"isPartOf\":{\"@id\":\"https:\/\/www.srz-brezno.sk\/#website\"},\"datePublished\":\"2020-04-13T08:14:17+00:00\",\"dateModified\":\"2025-12-18T08:17:16+00:00\",\"breadcrumb\":{\"@id\":\"https:\/\/www.srz-brezno.sk\/?page_id=906#breadcrumb\"},\"inLanguage\":\"sk-SK\",\"potentialAction\":[{\"@type\":\"ReadAction\",\"target\":[\"https:\/\/www.srz-brezno.sk\/?page_id=906\"]}]},{\"@type\":\"BreadcrumbList\",\"@id\":\"https:\/\/www.srz-brezno.sk\/?page_id=906#breadcrumb\",\"itemListElement\":[{\"@type\":\"ListItem\",\"position\":1,\"name\":\"Home\",\"item\":\"https:\/\/www.srz-brezno.sk\/\"},{\"@type\":\"ListItem\",\"position\":2,\"name\":\"Obe\u017en\u00edk 1\/2026\"}]},{\"@type\":\"WebSite\",\"@id\":\"https:\/\/www.srz-brezno.sk\/#website\",\"url\":\"https:\/\/www.srz-brezno.sk\/\",\"name\":\"Mo SRZ Brezno\",\"description\":\"Dr. Clementisa 1217\/5 Brezno 977 01\",\"publisher\":{\"@id\":\"https:\/\/www.srz-brezno.sk\/#organization\"},\"potentialAction\":[{\"@type\":\"SearchAction\",\"target\":{\"@type\":\"EntryPoint\",\"urlTemplate\":\"https:\/\/www.srz-brezno.sk\/?s={search_term_string}\"},\"query-input\":{\"@type\":\"PropertyValueSpecification\",\"valueRequired\":true,\"valueName\":\"search_term_string\"}}],\"inLanguage\":\"sk-SK\"},{\"@type\":\"Organization\",\"@id\":\"https:\/\/www.srz-brezno.sk\/#organization\",\"name\":\"Mo SRZ Brezno\",\"url\":\"https:\/\/www.srz-brezno.sk\/\",\"logo\":{\"@type\":\"ImageObject\",\"inLanguage\":\"sk-SK\",\"@id\":\"https:\/\/www.srz-brezno.sk\/#\/schema\/logo\/image\/\",\"url\":\"https:\/\/www.srz-brezno.sk\/wp-content\/uploads\/2020\/03\/Screenshot_15.jpg\",\"contentUrl\":\"https:\/\/www.srz-brezno.sk\/wp-content\/uploads\/2020\/03\/Screenshot_15.jpg\",\"width\":1121,\"height\":790,\"caption\":\"Mo SRZ Brezno\"},\"image\":{\"@id\":\"https:\/\/www.srz-brezno.sk\/#\/schema\/logo\/image\/\"},\"sameAs\":[\"https:\/\/www.facebook.com\/groups\/982456918436663\/?ref=bookmarks\"]}]}<\/script>\n<!-- \/ Yoast SEO plugin. -->","yoast_head_json":{"title":"Obe\u017en\u00edk 1\/2026 - Mo SRZ Brezno","robots":{"index":"index","follow":"follow","max-snippet":"max-snippet:-1","max-image-preview":"max-image-preview:large","max-video-preview":"max-video-preview:-1"},"canonical":"https:\/\/www.srz-brezno.sk\/?page_id=906","og_locale":"sk_SK","og_type":"article","og_title":"Obe\u017en\u00edk 1\/2026 - Mo SRZ Brezno","og_description":"Slovensk\u00fd ryb\u00e1rsky zv\u00e4z, Organiza\u010dn\u00e1 zlo\u017eka v Brezne OBE\u017dN\u00cdK 1\/ 2026 pre v\u0161etk\u00fdch \u010dlenov Organiza\u010dnej zlo\u017eky SRZ v&nbsp;Brezne Pod\u013ea stanov SRZ a&nbsp;pl\u00e1nu \u010dinnost\u00ed, zvol\u00e1va v\u00fdbor OZ SRZ v&nbsp;Brezne V\u010cS na de\u0148&nbsp; 21. marca 2026(sobota) zo za\u010diatkom o&nbsp;16:00 hod. v&nbsp;hoteli \u010eumbier na N\u00e1mest\u00ed gen.M.R.\u0160tef\u00e1nika 31 v&nbsp;Brezne. &nbsp;\u00da\u010das\u0165 \u010dlena SRZ na V\u010cS je jednou zo z\u00e1kladn\u00fdch povinnost\u00ed \u010dlena Pre\u010d\u00edta\u0165 viac o Obe\u017en\u00edk 1\/2026[&hellip;]","og_url":"https:\/\/www.srz-brezno.sk\/?page_id=906","og_site_name":"Mo SRZ Brezno","article_publisher":"https:\/\/www.facebook.com\/groups\/982456918436663\/?ref=bookmarks","article_modified_time":"2025-12-18T08:17:16+00:00","twitter_card":"summary_large_image","twitter_misc":{"Predpokladan\u00fd \u010das \u010d\u00edtania":"7 min\u00fat"},"schema":{"@context":"https:\/\/schema.org","@graph":[{"@type":"WebPage","@id":"https:\/\/www.srz-brezno.sk\/?page_id=906","url":"https:\/\/www.srz-brezno.sk\/?page_id=906","name":"Obe\u017en\u00edk 1\/2026 - Mo SRZ Brezno","isPartOf":{"@id":"https:\/\/www.srz-brezno.sk\/#website"},"datePublished":"2020-04-13T08:14:17+00:00","dateModified":"2025-12-18T08:17:16+00:00","breadcrumb":{"@id":"https:\/\/www.srz-brezno.sk\/?page_id=906#breadcrumb"},"inLanguage":"sk-SK","potentialAction":[{"@type":"ReadAction","target":["https:\/\/www.srz-brezno.sk\/?page_id=906"]}]},{"@type":"BreadcrumbList","@id":"https:\/\/www.srz-brezno.sk\/?page_id=906#breadcrumb","itemListElement":[{"@type":"ListItem","position":1,"name":"Home","item":"https:\/\/www.srz-brezno.sk\/"},{"@type":"ListItem","position":2,"name":"Obe\u017en\u00edk 1\/2026"}]},{"@type":"WebSite","@id":"https:\/\/www.srz-brezno.sk\/#website","url":"https:\/\/www.srz-brezno.sk\/","name":"Mo SRZ Brezno","description":"Dr. Clementisa 1217\/5 Brezno 977 01","publisher":{"@id":"https:\/\/www.srz-brezno.sk\/#organization"},"potentialAction":[{"@type":"SearchAction","target":{"@type":"EntryPoint","urlTemplate":"https:\/\/www.srz-brezno.sk\/?s={search_term_string}"},"query-input":{"@type":"PropertyValueSpecification","valueRequired":true,"valueName":"search_term_string"}}],"inLanguage":"sk-SK"},{"@type":"Organization","@id":"https:\/\/www.srz-brezno.sk\/#organization","name":"Mo SRZ Brezno","url":"https:\/\/www.srz-brezno.sk\/","logo":{"@type":"ImageObject","inLanguage":"sk-SK","@id":"https:\/\/www.srz-brezno.sk\/#\/schema\/logo\/image\/","url":"https:\/\/www.srz-brezno.sk\/wp-content\/uploads\/2020\/03\/Screenshot_15.jpg","contentUrl":"https:\/\/www.srz-brezno.sk\/wp-content\/uploads\/2020\/03\/Screenshot_15.jpg","width":1121,"height":790,"caption":"Mo SRZ Brezno"},"image":{"@id":"https:\/\/www.srz-brezno.sk\/#\/schema\/logo\/image\/"},"sameAs":["https:\/\/www.facebook.com\/groups\/982456918436663\/?ref=bookmarks"]}]}},"_links":{"self":[{"href":"https:\/\/www.srz-brezno.sk\/index.php?rest_route=\/wp\/v2\/pages\/906","targetHints":{"allow":["GET"]}}],"collection":[{"href":"https:\/\/www.srz-brezno.sk\/index.php?rest_route=\/wp\/v2\/pages"}],"about":[{"href":"https:\/\/www.srz-brezno.sk\/index.php?rest_route=\/wp\/v2\/types\/page"}],"author":[{"embeddable":true,"href":"https:\/\/www.srz-brezno.sk\/index.php?rest_route=\/wp\/v2\/users\/1"}],"replies":[{"embeddable":true,"href":"https:\/\/www.srz-brezno.sk\/index.php?rest_route=%2Fwp%2Fv2%2Fcomments&post=906"}],"version-history":[{"count":16,"href":"https:\/\/www.srz-brezno.sk\/index.php?rest_route=\/wp\/v2\/pages\/906\/revisions"}],"predecessor-version":[{"id":5673,"href":"https:\/\/www.srz-brezno.sk\/index.php?rest_route=\/wp\/v2\/pages\/906\/revisions\/5673"}],"wp:attachment":[{"href":"https:\/\/www.srz-brezno.sk\/index.php?rest_route=%2Fwp%2Fv2%2Fmedia&parent=906"}],"curies":[{"name":"wp","href":"https:\/\/api.w.org\/{rel}","templated":true}]}}